{"id":15228,"date":"2025-02-15T00:48:46","date_gmt":"2025-02-15T00:48:46","guid":{"rendered":"https:\/\/wordpress-851390-5078961.cloudwaysapps.com\/?page_id=15228"},"modified":"2025-05-13T09:28:34","modified_gmt":"2025-05-13T15:28:34","slug":"newsletter-social-media","status":"publish","type":"page","link":"https:\/\/basaltlibrary.org\/es\/services\/newsletter-social-media\/","title":{"rendered":"Bolet\u00edn informativo\/Redes sociales"},"content":{"rendered":"<div data-elementor-type=\"wp-page\" data-elementor-id=\"15228\" class=\"elementor elementor-15228\" data-elementor-post-type=\"page\">\n\t\t\t\t<div class=\"elementor-element elementor-element-fb2ab25 e-flex e-con-boxed parallax_section_no qode_elementor_container_no e-con e-parent\" data-id=\"fb2ab25\" data-element_type=\"container\" data-settings=\"{&quot;background_background&quot;:&quot;classic&quot;,&quot;animation&quot;:&quot;none&quot;,&quot;shape_divider_bottom&quot;:&quot;triangle-asymmetrical&quot;,&quot;shape_divider_bottom_negative&quot;:&quot;yes&quot;}\">\n\t\t\t\t\t<div class=\"e-con-inner\">\n\t\t\t\t<div class=\"elementor-shape elementor-shape-bottom\" aria-hidden=\"true\" data-negative=\"true\">\n\t\t\t<svg xmlns=\"http:\/\/www.w3.org\/2000\/svg\" viewbox=\"0 0 1000 100\" preserveaspectratio=\"none\">\n\t<path class=\"elementor-shape-fill\" d=\"M737.9,94.7L0,0v100h1000V0L737.9,94.7z\"\/>\n<\/svg>\t\t<\/div>\n\t\t\t\t<div class=\"elementor-element elementor-element-426b0f6 animated-slow elementor-invisible elementor-widget elementor-widget-heading\" data-id=\"426b0f6\" data-element_type=\"widget\" data-settings=\"{&quot;_animation&quot;:&quot;fadeIn&quot;}\" data-widget_type=\"heading.default\">\n\t\t\t\t<div class=\"elementor-widget-container\">\n\t\t\t\t\t<h1 class=\"elementor-heading-title elementor-size-default\">Bolet\u00edn informativo \/ Redes sociales<\/h1>\t\t\t\t<\/div>\n\t\t\t\t<\/div>\n\t\t\t\t<div class=\"elementor-element elementor-element-682ec71 elementor-align-left elementor-widget elementor-widget-breadcrumbs\" data-id=\"682ec71\" data-element_type=\"widget\" data-widget_type=\"breadcrumbs.default\">\n\t\t\t\t<div class=\"elementor-widget-container\">\n\t\t\t\t\t<div id=\"breadcrumbs\"><span><span><a href=\"https:\/\/basaltlibrary.org\/es\/\">Hogar<\/a><\/span><\/span><\/div>\t\t\t\t<\/div>\n\t\t\t\t<\/div>\n\t\t\t\t\t<\/div>\n\t\t\t\t<\/div>\n\t\t<div class=\"elementor-element elementor-element-825a673 e-flex e-con-boxed parallax_section_no qode_elementor_container_no e-con e-parent\" data-id=\"825a673\" data-element_type=\"container\" data-settings=\"{&quot;background_background&quot;:&quot;classic&quot;,&quot;background_motion_fx_motion_fx_scrolling&quot;:&quot;yes&quot;,&quot;background_motion_fx_devices&quot;:[&quot;desktop&quot;,&quot;tablet&quot;,&quot;mobile&quot;]}\">\n\t\t\t\t\t<div class=\"e-con-inner\">\n\t\t<div class=\"elementor-element elementor-element-7890d07 e-con-full e-flex parallax_section_no qode_elementor_container_no e-con e-child\" data-id=\"7890d07\" data-element_type=\"container\">\n\t\t\t\t<div class=\"elementor-element elementor-element-67735aa elementor-widget__width-initial elementor-widget elementor-widget-heading\" data-id=\"67735aa\" data-element_type=\"widget\" data-widget_type=\"heading.default\">\n\t\t\t\t<div class=\"elementor-widget-container\">\n\t\t\t\t\t<h4 class=\"elementor-heading-title elementor-size-default\">\u00a1No te pierdas lo que est\u00e1 pasando!<\/h4>\t\t\t\t<\/div>\n\t\t\t\t<\/div>\n\t\t\t\t<div class=\"elementor-element elementor-element-2aa1043 elementor-widget elementor-widget-heading\" data-id=\"2aa1043\" data-element_type=\"widget\" data-widget_type=\"heading.default\">\n\t\t\t\t<div class=\"elementor-widget-container\">\n\t\t\t\t\t<h6 class=\"elementor-heading-title elementor-size-default\">Reg\u00edstrese utilizando el formulario a continuaci\u00f3n para recibir boletines informativos por correo electr\u00f3nico sobre eventos y noticias o recomendaciones de lectura.<\/h6>\t\t\t\t<\/div>\n\t\t\t\t<\/div>\n\t\t<div class=\"elementor-element elementor-element-c17131c e-con-full e-flex parallax_section_no qode_elementor_container_no e-con e-child\" data-id=\"c17131c\" data-element_type=\"container\" data-settings=\"{&quot;background_background&quot;:&quot;classic&quot;}\">\n\t\t\t\t<div class=\"elementor-element elementor-element-b1a43b7 elementor-widget elementor-widget-html\" data-id=\"b1a43b7\" data-element_type=\"widget\" data-widget_type=\"html.default\">\n\t\t\t\t<div class=\"elementor-widget-container\">\n\t\t\t\t\t<iframe src=\"https:\/\/libraryaware.com\/3514\/Subscribers\/Subscribe?optInPageId=417e2af6-5eb8-4ac2-b8bb-91cace5942f0\" height=\"1600\" width=\"1000\" align=\"center\" frameborder=\"none\" title=\"\u00a1Suscr\u00edbete para recibir correos electr\u00f3nicos de la biblioteca! Haz clic para elegir correos sobre eventos, libros o ambos.\" ><\/iframe>\t\t\t\t<\/div>\n\t\t\t\t<\/div>\n\t\t\t\t<\/div>\n\t\t\t\t<\/div>\n\t\t<div class=\"elementor-element elementor-element-e05b482 e-con-full e-flex parallax_section_no qode_elementor_container_no e-con e-child\" data-id=\"e05b482\" data-element_type=\"container\">\n\t\t<div class=\"elementor-element elementor-element-4c03e20 e-con-full e-flex parallax_section_no qode_elementor_container_no elementor-invisible e-con e-child\" data-id=\"4c03e20\" data-element_type=\"container\" data-settings=\"{&quot;animation&quot;:&quot;fadeIn&quot;}\">\n\t\t\t\t<div class=\"elementor-element elementor-element-a6858af elementor-widget elementor-widget-heading\" data-id=\"a6858af\" data-element_type=\"widget\" data-widget_type=\"heading.default\">\n\t\t\t\t<div class=\"elementor-widget-container\">\n\t\t\t\t\t<h5 class=\"elementor-heading-title elementor-size-default\">Bolet\u00edn informativo actual de la biblioteca<\/h5>\t\t\t\t<\/div>\n\t\t\t\t<\/div>\n\t\t\t\t<\/div>\n\t\t<div class=\"elementor-element elementor-element-ef26326 e-con-full e-flex parallax_section_no qode_elementor_container_no e-con e-child\" data-id=\"ef26326\" data-element_type=\"container\">\n\t\t\t\t<div class=\"elementor-element elementor-element-e424c53 elementor-widget elementor-widget-text-editor\" data-id=\"e424c53\" data-element_type=\"widget\" data-widget_type=\"text-editor.default\">\n\t\t\t\t<div class=\"elementor-widget-container\">\n\t\t\t\t\t\t\t\t\t\u00bfBuscas algo que hacer o leer? \u00a1Descubre los eventos, noticias y libros de esta semana!\t\t\t\t\t\t\t\t<\/div>\n\t\t\t\t<\/div>\n\t\t\t\t<div class=\"elementor-element elementor-element-907d890 elementor-widget elementor-widget-button\" data-id=\"907d890\" data-element_type=\"widget\" data-widget_type=\"button.default\">\n\t\t\t\t<div class=\"elementor-widget-container\">\n\t\t\t\t\t\t\t\t\t<div class=\"elementor-button-wrapper\">\n\t\t\t\t\t<a class=\"elementor-button elementor-button-link elementor-size-sm elementor-animation-shrink\" href=\"https:\/\/basaltlibrary.org\/es\/services\/newsletter-social-media\/current-newsletter\/\" target=\"_blank\">\n\t\t\t\t\t\t<span class=\"elementor-button-content-wrapper\">\n\t\t\t\t\t\t\t\t\t<span class=\"elementor-button-text\">Leer el bolet\u00edn actual<\/span>\n\t\t\t\t\t<\/span>\n\t\t\t\t\t<\/a>\n\t\t\t\t<\/div>\n\t\t\t\t\t\t\t\t<\/div>\n\t\t\t\t<\/div>\n\t\t\t\t<\/div>\n\t\t\t\t<div class=\"elementor-element elementor-element-d20cd76 elementor-widget elementor-widget-spacer\" data-id=\"d20cd76\" data-element_type=\"widget\" data-widget_type=\"spacer.default\">\n\t\t\t\t<div class=\"elementor-widget-container\">\n\t\t\t\t\t\t\t<div class=\"elementor-spacer\">\n\t\t\t<div class=\"elementor-spacer-inner\"><\/div>\n\t\t<\/div>\n\t\t\t\t\t\t<\/div>\n\t\t\t\t<\/div>\n\t\t<div class=\"elementor-element elementor-element-81cb4e9 e-con-full e-flex parallax_section_no qode_elementor_container_no elementor-invisible e-con e-child\" data-id=\"81cb4e9\" data-element_type=\"container\" data-settings=\"{&quot;animation&quot;:&quot;fadeIn&quot;}\">\n\t\t\t\t<div class=\"elementor-element elementor-element-98c6cbc elementor-widget elementor-widget-heading\" data-id=\"98c6cbc\" data-element_type=\"widget\" data-widget_type=\"heading.default\">\n\t\t\t\t<div class=\"elementor-widget-container\">\n\t\t\t\t\t<h5 class=\"elementor-heading-title elementor-size-default\">Encu\u00e9ntranos en las redes sociales<\/h5>\t\t\t\t<\/div>\n\t\t\t\t<\/div>\n\t\t\t\t<\/div>\n\t\t<div class=\"elementor-element elementor-element-88d084b e-con-full e-flex parallax_section_no qode_elementor_container_no e-con e-child\" data-id=\"88d084b\" data-element_type=\"container\">\n\t\t\t\t<div class=\"elementor-element elementor-element-933cb7f elementor-widget elementor-widget-text-editor\" data-id=\"933cb7f\" data-element_type=\"widget\" data-widget_type=\"text-editor.default\">\n\t\t\t\t<div class=\"elementor-widget-container\">\n\t\t\t\t\t\t\t\t\t\u00a1S\u00e9 el primero en enterarte de lo que pasa en tu biblioteca! S\u00edguenos en redes sociales para estar al tanto de los \u00faltimos eventos, novedades, programas comunitarios y mucho m\u00e1s.\t\t\t\t\t\t\t\t<\/div>\n\t\t\t\t<\/div>\n\t\t\t\t<div class=\"elementor-element elementor-element-dca8cf4 elementor-icon-list--layout-traditional elementor-list-item-link-full_width elementor-widget elementor-widget-icon-list\" data-id=\"dca8cf4\" data-element_type=\"widget\" data-widget_type=\"icon-list.default\">\n\t\t\t\t<div class=\"elementor-widget-container\">\n\t\t\t\t\t\t\t<ul class=\"elementor-icon-list-items\">\n\t\t\t\t\t\t\t<li class=\"elementor-icon-list-item\">\n\t\t\t\t\t\t\t\t\t\t\t<a href=\"https:\/\/www.instagram.com\/basaltlibrary\/\" target=\"_blank\">\n\n\t\t\t\t\t\t\t\t\t\t\t\t<span class=\"elementor-icon-list-icon\">\n\t\t\t\t\t\t\t<svg aria-hidden=\"true\" class=\"e-font-icon-svg e-fab-instagram\" viewbox=\"0 0 448 512\" xmlns=\"http:\/\/www.w3.org\/2000\/svg\"><path d=\"M224.1 141c-63.6 0-114.9 51.3-114.9 114.9s51.3 114.9 114.9 114.9S339 319.5 339 255.9 287.7 141 224.1 141zm0 189.6c-41.1 0-74.7-33.5-74.7-74.7s33.5-74.7 74.7-74.7 74.7 33.5 74.7 74.7-33.6 74.7-74.7 74.7zm146.4-194.3c0 14.9-12 26.8-26.8 26.8-14.9 0-26.8-12-26.8-26.8s12-26.8 26.8-26.8 26.8 12 26.8 26.8zm76.1 27.2c-1.7-35.9-9.9-67.7-36.2-93.9-26.2-26.2-58-34.4-93.9-36.2-37-2.1-147.9-2.1-184.9 0-35.8 1.7-67.6 9.9-93.9 36.1s-34.4 58-36.2 93.9c-2.1 37-2.1 147.9 0 184.9 1.7 35.9 9.9 67.7 36.2 93.9s58 34.4 93.9 36.2c37 2.1 147.9 2.1 184.9 0 35.9-1.7 67.7-9.9 93.9-36.2 26.2-26.2 34.4-58 36.2-93.9 2.1-37 2.1-147.8 0-184.8zM398.8 388c-7.8 19.6-22.9 34.7-42.6 42.6-29.5 11.7-99.5 9-132.1 9s-102.7 2.6-132.1-9c-19.6-7.8-34.7-22.9-42.6-42.6-11.7-29.5-9-99.5-9-132.1s-2.6-102.7 9-132.1c7.8-19.6 22.9-34.7 42.6-42.6 29.5-11.7 99.5-9 132.1-9s102.7-2.6 132.1 9c19.6 7.8 34.7 22.9 42.6 42.6 11.7 29.5 9 99.5 9 132.1s2.7 102.7-9 132.1z\"><\/path><\/svg>\t\t\t\t\t\t<\/span>\n\t\t\t\t\t\t\t\t\t\t<span class=\"elementor-icon-list-text\">S\u00edguenos en Instagram<\/span>\n\t\t\t\t\t\t\t\t\t\t\t<\/a>\n\t\t\t\t\t\t\t\t\t<\/li>\n\t\t\t\t\t\t\t\t<li class=\"elementor-icon-list-item\">\n\t\t\t\t\t\t\t\t\t\t\t<a href=\"https:\/\/www.facebook.com\/BasaltLibrary\/\" target=\"_blank\">\n\n\t\t\t\t\t\t\t\t\t\t\t\t<span class=\"elementor-icon-list-icon\">\n\t\t\t\t\t\t\t<svg aria-hidden=\"true\" class=\"e-font-icon-svg e-fab-facebook\" viewbox=\"0 0 512 512\" xmlns=\"http:\/\/www.w3.org\/2000\/svg\"><path d=\"M504 256C504 119 393 8 256 8S8 119 8 256c0 123.78 90.69 226.38 209.25 245V327.69h-63V256h63v-54.64c0-62.15 37-96.48 93.67-96.48 27.14 0 55.52 4.84 55.52 4.84v61h-31.28c-30.8 0-40.41 19.12-40.41 38.73V256h68.78l-11 71.69h-57.78V501C413.31 482.38 504 379.78 504 256z\"><\/path><\/svg>\t\t\t\t\t\t<\/span>\n\t\t\t\t\t\t\t\t\t\t<span class=\"elementor-icon-list-text\">S\u00edguenos en Facebook<\/span>\n\t\t\t\t\t\t\t\t\t\t\t<\/a>\n\t\t\t\t\t\t\t\t\t<\/li>\n\t\t\t\t\t\t<\/ul>\n\t\t\t\t\t\t<\/div>\n\t\t\t\t<\/div>\n\t\t\t\t<\/div>\n\t\t\t\t<\/div>\n\t\t\t\t\t<\/div>\n\t\t\t\t<\/div>\n\t\t<div class=\"elementor-element elementor-element-de24524 e-flex e-con-boxed parallax_section_no qode_elementor_container_no elementor-invisible e-con e-parent\" data-id=\"de24524\" data-element_type=\"container\" data-settings=\"{&quot;background_background&quot;:&quot;classic&quot;,&quot;shape_divider_bottom&quot;:&quot;triangle-asymmetrical&quot;,&quot;shape_divider_bottom_negative&quot;:&quot;yes&quot;,&quot;animation&quot;:&quot;slideInUp&quot;}\">\n\t\t\t\t\t<div class=\"e-con-inner\">\n\t\t\t\t<div class=\"elementor-shape elementor-shape-bottom\" aria-hidden=\"true\" data-negative=\"true\">\n\t\t\t<svg xmlns=\"http:\/\/www.w3.org\/2000\/svg\" viewbox=\"0 0 1000 100\" preserveaspectratio=\"none\">\n\t<path class=\"elementor-shape-fill\" d=\"M737.9,94.7L0,0v100h1000V0L737.9,94.7z\"\/>\n<\/svg>\t\t<\/div>\n\t\t<div class=\"elementor-element elementor-element-8edb9f9 e-con-full e-flex parallax_section_no qode_elementor_container_no e-con e-child\" data-id=\"8edb9f9\" data-element_type=\"container\">\n\t\t\t\t<div class=\"elementor-element elementor-element-8d0e6d5 elementor-widget__width-inherit elementor-widget elementor-widget-heading\" data-id=\"8d0e6d5\" data-element_type=\"widget\" data-widget_type=\"heading.default\">\n\t\t\t\t<div class=\"elementor-widget-container\">\n\t\t\t\t\t<h4 class=\"elementor-heading-title elementor-size-default\">\u00a1Ahora puedes registrarte para recibir mensajes de texto sobre los pr\u00f3ximos programas de la biblioteca!<\/h4>\t\t\t\t<\/div>\n\t\t\t\t<\/div>\n\t\t\t\t<\/div>\n\t\t<div class=\"elementor-element elementor-element-aeb7950 e-con-full e-flex parallax_section_no qode_elementor_container_no e-con e-child\" data-id=\"aeb7950\" data-element_type=\"container\">\n\t\t\t\t<div class=\"elementor-element elementor-element-8cbff06 elementor-align-right elementor-mobile-align-center elementor-widget elementor-widget-button\" data-id=\"8cbff06\" data-element_type=\"widget\" data-widget_type=\"button.default\">\n\t\t\t\t<div class=\"elementor-widget-container\">\n\t\t\t\t\t\t\t\t\t<div class=\"elementor-button-wrapper\">\n\t\t\t\t\t<a class=\"elementor-button elementor-button-link elementor-size-sm elementor-animation-shrink\" href=\"https:\/\/basaltlibrary.org\/es\/services\/text-notifications\/\">\n\t\t\t\t\t\t<span class=\"elementor-button-content-wrapper\">\n\t\t\t\t\t\t\t\t\t<span class=\"elementor-button-text\">\u00a1Reg\u00edstrate hoy!<\/span>\n\t\t\t\t\t<\/span>\n\t\t\t\t\t<\/a>\n\t\t\t\t<\/div>\n\t\t\t\t\t\t\t\t<\/div>\n\t\t\t\t<\/div>\n\t\t\t\t<\/div>\n\t\t\t\t\t<\/div>\n\t\t\t\t<\/div>\n\t\t\t\t<\/div>","protected":false},"excerpt":{"rendered":"<p>Bolet\u00edn informativo \/ Redes sociales \u00a1No te pierdas nada! Suscr\u00edbete usando el formulario de abajo para recibir boletines informativos por correo electr\u00f3nico sobre eventos, noticias o recomendaciones de lectura. Bolet\u00edn informativo actual de la biblioteca: \u00bfBuscas algo que hacer o leer? \u00a1Descubre los eventos, noticias y libros de esta semana!<\/p>","protected":false},"author":1,"featured_media":0,"parent":9961,"menu_order":0,"comment_status":"closed","ping_status":"closed","template":"elementor_header_footer","meta":{"_acf_changed":false,"footnotes":""},"class_list":["post-15228","page","type-page","status-publish","hentry"],"acf":[],"yoast_head":"<!-- This site is optimized with the Yoast SEO plugin v25.3 - https:\/\/yoast.com\/wordpress\/plugins\/seo\/ -->\n<title>Newsletter\/Social Media - Basalt Regional Library<\/title>\n<meta name=\"description\" content=\"Discover Basalt Regional Library - Newsletter\/Social Media - Newsletter \/ Social Media Don&#039;t miss out on what&#039;s going on! Sign up using the form below to receive email newsletters for events &amp; news, or reading\" \/>\n<meta name=\"robots\" content=\"index, follow, max-snippet:-1, max-image-preview:large, max-video-preview:-1\" \/>\n<link rel=\"canonical\" href=\"https:\/\/basaltlibrary.org\/es\/services\/newsletter-social-media\/\" \/>\n<meta property=\"og:locale\" content=\"es_MX\" \/>\n<meta property=\"og:type\" content=\"article\" \/>\n<meta property=\"og:title\" content=\"Newsletter\/Social Media - Basalt Regional Library\" \/>\n<meta property=\"og:description\" content=\"Discover Basalt Regional Library - Newsletter\/Social Media - Newsletter \/ Social Media Don&#039;t miss out on what&#039;s going on! Sign up using the form below to receive email newsletters for events &amp; news, or reading\" \/>\n<meta property=\"og:url\" content=\"https:\/\/basaltlibrary.org\/es\/services\/newsletter-social-media\/\" \/>\n<meta property=\"og:site_name\" content=\"Basalt Regional Library\" \/>\n<meta property=\"article:modified_time\" content=\"2025-05-13T15:28:34+00:00\" \/>\n<meta name=\"twitter:card\" content=\"summary_large_image\" \/>\n<meta name=\"twitter:label1\" content=\"Tiempo de lectura\" \/>\n\t<meta name=\"twitter:data1\" content=\"1 minuto\" \/>\n<script type=\"application\/ld+json\" class=\"yoast-schema-graph\">{\"@context\":\"https:\/\/schema.org\",\"@graph\":[{\"@type\":\"WebPage\",\"@id\":\"https:\/\/basaltlibrary.org\/services\/newsletter-social-media\/\",\"url\":\"https:\/\/basaltlibrary.org\/services\/newsletter-social-media\/\",\"name\":\"Newsletter\/Social Media - Basalt Regional Library\",\"isPartOf\":{\"@id\":\"https:\/\/basaltlibrary.org\/#website\"},\"datePublished\":\"2025-02-15T00:48:46+00:00\",\"dateModified\":\"2025-05-13T15:28:34+00:00\",\"description\":\"Discover Basalt Regional Library - Newsletter\/Social Media - Newsletter \/ Social Media Don't miss out on what's going on! Sign up using the form below to receive email newsletters for events & news, or reading\",\"breadcrumb\":{\"@id\":\"https:\/\/basaltlibrary.org\/services\/newsletter-social-media\/#breadcrumb\"},\"inLanguage\":\"es\",\"potentialAction\":[{\"@type\":\"ReadAction\",\"target\":[\"https:\/\/basaltlibrary.org\/services\/newsletter-social-media\/\"]}]},{\"@type\":\"BreadcrumbList\",\"@id\":\"https:\/\/basaltlibrary.org\/services\/newsletter-social-media\/#breadcrumb\",\"itemListElement\":[{\"@type\":\"ListItem\",\"position\":1,\"name\":\"Home\",\"item\":\"https:\/\/basaltlibrary.org\/\"},{\"@type\":\"ListItem\",\"position\":2,\"name\":\"Services\",\"item\":\"https:\/\/basaltlibrary.org\/services\/\"},{\"@type\":\"ListItem\",\"position\":3,\"name\":\"Newsletter\/Social Media\"}]},{\"@type\":\"WebSite\",\"@id\":\"https:\/\/basaltlibrary.org\/#website\",\"url\":\"https:\/\/basaltlibrary.org\/\",\"name\":\"Basalt Regional Library\",\"description\":\"\",\"publisher\":{\"@id\":\"https:\/\/basaltlibrary.org\/#organization\"},\"potentialAction\":[{\"@type\":\"SearchAction\",\"target\":{\"@type\":\"EntryPoint\",\"urlTemplate\":\"https:\/\/basaltlibrary.org\/?s={search_term_string}\"},\"query-input\":{\"@type\":\"PropertyValueSpecification\",\"valueRequired\":true,\"valueName\":\"search_term_string\"}}],\"inLanguage\":\"es\"},{\"@type\":\"Organization\",\"@id\":\"https:\/\/basaltlibrary.org\/#organization\",\"name\":\"Basalt Regional Library\",\"url\":\"https:\/\/basaltlibrary.org\/\",\"logo\":{\"@type\":\"ImageObject\",\"inLanguage\":\"es\",\"@id\":\"https:\/\/basaltlibrary.org\/#\/schema\/logo\/image\/\",\"url\":\"https:\/\/basaltlibrary.org\/wp-content\/uploads\/2024\/12\/basaltlibrary-horzlogo-rgb.png\",\"contentUrl\":\"https:\/\/basaltlibrary.org\/wp-content\/uploads\/2024\/12\/basaltlibrary-horzlogo-rgb.png\",\"width\":236,\"height\":100,\"caption\":\"Basalt Regional Library\"},\"image\":{\"@id\":\"https:\/\/basaltlibrary.org\/#\/schema\/logo\/image\/\"}}]}<\/script>\n<!-- \/ Yoast SEO plugin. -->","yoast_head_json":{"title":"Bolet\u00edn informativo\/Redes sociales - Biblioteca Regional de Basalt","description":"Descubre la Biblioteca Regional de Basalt - Bolet\u00edn informativo\/Redes sociales - \u00a1No te pierdas nada! Reg\u00edstrate con el formulario a continuaci\u00f3n para recibir boletines informativos por correo electr\u00f3nico sobre eventos y noticias.","robots":{"index":"index","follow":"follow","max-snippet":"max-snippet:-1","max-image-preview":"max-image-preview:large","max-video-preview":"max-video-preview:-1"},"canonical":"https:\/\/basaltlibrary.org\/es\/services\/newsletter-social-media\/","og_locale":"es_MX","og_type":"article","og_title":"Newsletter\/Social Media - Basalt Regional Library","og_description":"Discover Basalt Regional Library - Newsletter\/Social Media - Newsletter \/ Social Media Don't miss out on what's going on! Sign up using the form below to receive email newsletters for events & news, or reading","og_url":"https:\/\/basaltlibrary.org\/es\/services\/newsletter-social-media\/","og_site_name":"Basalt Regional Library","article_modified_time":"2025-05-13T15:28:34+00:00","twitter_card":"summary_large_image","twitter_misc":{"Tiempo de lectura":"1 minuto"},"schema":{"@context":"https:\/\/schema.org","@graph":[{"@type":"WebPage","@id":"https:\/\/basaltlibrary.org\/services\/newsletter-social-media\/","url":"https:\/\/basaltlibrary.org\/services\/newsletter-social-media\/","name":"Bolet\u00edn informativo\/Redes sociales - Biblioteca Regional de Basalt","isPartOf":{"@id":"https:\/\/basaltlibrary.org\/#website"},"datePublished":"2025-02-15T00:48:46+00:00","dateModified":"2025-05-13T15:28:34+00:00","description":"Descubre la Biblioteca Regional de Basalt - Bolet\u00edn informativo\/Redes sociales - \u00a1No te pierdas nada! Reg\u00edstrate con el formulario a continuaci\u00f3n para recibir boletines informativos por correo electr\u00f3nico sobre eventos y noticias.","breadcrumb":{"@id":"https:\/\/basaltlibrary.org\/services\/newsletter-social-media\/#breadcrumb"},"inLanguage":"es","potentialAction":[{"@type":"ReadAction","target":["https:\/\/basaltlibrary.org\/services\/newsletter-social-media\/"]}]},{"@type":"BreadcrumbList","@id":"https:\/\/basaltlibrary.org\/services\/newsletter-social-media\/#breadcrumb","itemListElement":[{"@type":"ListItem","position":1,"name":"Home","item":"https:\/\/basaltlibrary.org\/"},{"@type":"ListItem","position":2,"name":"Services","item":"https:\/\/basaltlibrary.org\/services\/"},{"@type":"ListItem","position":3,"name":"Newsletter\/Social Media"}]},{"@type":"WebSite","@id":"https:\/\/basaltlibrary.org\/#website","url":"https:\/\/basaltlibrary.org\/","name":"Biblioteca Regional de Basalt","description":"","publisher":{"@id":"https:\/\/basaltlibrary.org\/#organization"},"potentialAction":[{"@type":"SearchAction","target":{"@type":"EntryPoint","urlTemplate":"https:\/\/basaltlibrary.org\/?s={search_term_string}"},"query-input":{"@type":"PropertyValueSpecification","valueRequired":true,"valueName":"search_term_string"}}],"inLanguage":"es"},{"@type":"Organization","@id":"https:\/\/basaltlibrary.org\/#organization","name":"Biblioteca Regional de Basalt","url":"https:\/\/basaltlibrary.org\/","logo":{"@type":"ImageObject","inLanguage":"es","@id":"https:\/\/basaltlibrary.org\/#\/schema\/logo\/image\/","url":"https:\/\/basaltlibrary.org\/wp-content\/uploads\/2024\/12\/basaltlibrary-horzlogo-rgb.png","contentUrl":"https:\/\/basaltlibrary.org\/wp-content\/uploads\/2024\/12\/basaltlibrary-horzlogo-rgb.png","width":236,"height":100,"caption":"Basalt Regional Library"},"image":{"@id":"https:\/\/basaltlibrary.org\/#\/schema\/logo\/image\/"}}]}},"_links":{"self":[{"href":"https:\/\/basaltlibrary.org\/es\/wp-json\/wp\/v2\/pages\/15228","targetHints":{"allow":["GET"]}}],"collection":[{"href":"https:\/\/basaltlibrary.org\/es\/wp-json\/wp\/v2\/pages"}],"about":[{"href":"https:\/\/basaltlibrary.org\/es\/wp-json\/wp\/v2\/types\/page"}],"author":[{"embeddable":true,"href":"https:\/\/basaltlibrary.org\/es\/wp-json\/wp\/v2\/users\/1"}],"replies":[{"embeddable":true,"href":"https:\/\/basaltlibrary.org\/es\/wp-json\/wp\/v2\/comments?post=15228"}],"version-history":[{"count":0,"href":"https:\/\/basaltlibrary.org\/es\/wp-json\/wp\/v2\/pages\/15228\/revisions"}],"up":[{"embeddable":true,"href":"https:\/\/basaltlibrary.org\/es\/wp-json\/wp\/v2\/pages\/9961"}],"wp:attachment":[{"href":"https:\/\/basaltlibrary.org\/es\/wp-json\/wp\/v2\/media?parent=15228"}],"curies":[{"name":"gracias","href":"https:\/\/api.w.org\/{rel}","templated":true}]}}