{"id":15738,"date":"2025-02-18T02:03:08","date_gmt":"2025-02-18T02:03:08","guid":{"rendered":"https:\/\/wordpress-851390-5078961.cloudwaysapps.com\/?page_id=15738"},"modified":"2025-04-14T18:26:37","modified_gmt":"2025-04-14T18:26:37","slug":"imagination-library","status":"publish","type":"page","link":"https:\/\/basaltlibrary.org\/es\/give\/imagination-library\/","title":{"rendered":"Biblioteca de la imaginaci\u00f3n"},"content":{"rendered":"<div data-elementor-type=\"wp-page\" data-elementor-id=\"15738\" class=\"elementor elementor-15738\" data-elementor-post-type=\"page\">\n\t\t\t\t<div class=\"elementor-element elementor-element-e3bb169 e-flex e-con-boxed parallax_section_no qode_elementor_container_no e-con e-parent\" data-id=\"e3bb169\" data-element_type=\"container\" data-settings=\"{&quot;background_background&quot;:&quot;classic&quot;,&quot;animation&quot;:&quot;none&quot;,&quot;shape_divider_bottom&quot;:&quot;triangle-asymmetrical&quot;,&quot;shape_divider_bottom_negative&quot;:&quot;yes&quot;}\">\n\t\t\t\t\t<div class=\"e-con-inner\">\n\t\t\t\t<div class=\"elementor-shape elementor-shape-bottom\" aria-hidden=\"true\" data-negative=\"true\">\n\t\t\t<svg xmlns=\"http:\/\/www.w3.org\/2000\/svg\" viewbox=\"0 0 1000 100\" preserveaspectratio=\"none\">\n\t<path class=\"elementor-shape-fill\" d=\"M737.9,94.7L0,0v100h1000V0L737.9,94.7z\"\/>\n<\/svg>\t\t<\/div>\n\t\t\t\t<div class=\"elementor-element elementor-element-ef495ca elementor-align-left elementor-widget elementor-widget-breadcrumbs\" data-id=\"ef495ca\" data-element_type=\"widget\" data-widget_type=\"breadcrumbs.default\">\n\t\t\t\t<div class=\"elementor-widget-container\">\n\t\t\t\t\t<div id=\"breadcrumbs\"><span><span><a href=\"https:\/\/basaltlibrary.org\/es\/\">Hogar<\/a><\/span><\/span><\/div>\t\t\t\t<\/div>\n\t\t\t\t<\/div>\n\t\t\t\t\t<\/div>\n\t\t\t\t<\/div>\n\t\t<div class=\"elementor-element elementor-element-d3520da e-flex e-con-boxed parallax_section_no qode_elementor_container_no e-con e-parent\" data-id=\"d3520da\" data-element_type=\"container\" data-settings=\"{&quot;background_background&quot;:&quot;classic&quot;,&quot;background_motion_fx_motion_fx_scrolling&quot;:&quot;yes&quot;,&quot;background_motion_fx_devices&quot;:[&quot;desktop&quot;,&quot;tablet&quot;,&quot;mobile&quot;]}\">\n\t\t\t\t\t<div class=\"e-con-inner\">\n\t\t<div class=\"elementor-element elementor-element-ec89bd5 e-con-full e-flex parallax_section_no qode_elementor_container_no e-con e-child\" data-id=\"ec89bd5\" data-element_type=\"container\" data-settings=\"{&quot;background_background&quot;:&quot;classic&quot;}\">\n\t\t\t\t<div class=\"elementor-element elementor-element-e7aa3ee elementor-widget elementor-widget-heading\" data-id=\"e7aa3ee\" data-element_type=\"widget\" data-widget_type=\"heading.default\">\n\t\t\t\t<div class=\"elementor-widget-container\">\n\t\t\t\t\t<h4 class=\"elementor-heading-title elementor-size-default\">La biblioteca de la imaginaci\u00f3n de Dolly Parton<\/h4>\t\t\t\t<\/div>\n\t\t\t\t<\/div>\n\t\t\t\t<div class=\"elementor-element elementor-element-3112de8 elementor-widget elementor-widget-heading\" data-id=\"3112de8\" data-element_type=\"widget\" data-widget_type=\"heading.default\">\n\t\t\t\t<div class=\"elementor-widget-container\">\n\t\t\t\t\t<h6 class=\"elementor-heading-title elementor-size-default\">La biblioteca de imaginaci\u00f3n Dolly Parton es un enfoque inspirador de recaudaci\u00f3n de fondos para Library Trust y ofrece una manera impactante de fomentar la alfabetizaci\u00f3n de la primera infancia en nuestra comunidad.<\/h6>\t\t\t\t<\/div>\n\t\t\t\t<\/div>\n\t\t\t\t<div class=\"elementor-element elementor-element-6bb3193 elementor-widget elementor-widget-text-editor\" data-id=\"6bb3193\" data-element_type=\"widget\" data-widget_type=\"text-editor.default\">\n\t\t\t\t<div class=\"elementor-widget-container\">\n\t\t\t\t\t\t\t\t\t<p>Este programa proporciona libros gratuitos de alta calidad a ni\u00f1os desde su nacimiento hasta los cinco a\u00f1os, enviados directamente a sus hogares cada mes, fomentando el amor por la lectura y el aprendizaje permanente. Al apoyar esta iniciativa, el Library Trust puede ayudar a ampliar el acceso a estos valiosos recursos, empoderando a las familias y garantizando que cada ni\u00f1o tenga la oportunidad de desarrollar s\u00f3lidas habilidades de lectoescritura que les permitan alcanzar el \u00e9xito en el futuro.<\/p>\t\t\t\t\t\t\t\t<\/div>\n\t\t\t\t<\/div>\n\t\t\t\t<\/div>\n\t\t<div class=\"elementor-element elementor-element-6f7bb13 e-con-full e-flex parallax_section_no qode_elementor_container_no e-con e-child\" data-id=\"6f7bb13\" data-element_type=\"container\">\n\t\t\t\t<div class=\"elementor-element elementor-element-e45e46f elementor-widget elementor-widget-image\" data-id=\"e45e46f\" data-element_type=\"widget\" data-widget_type=\"image.default\">\n\t\t\t\t<div class=\"elementor-widget-container\">\n\t\t\t\t\t\t\t\t\t\t\t\t\t\t\t<img fetchpriority=\"high\" decoding=\"async\" width=\"1200\" height=\"1074\" src=\"https:\/\/basaltlibrary.org\/wp-content\/uploads\/2025\/02\/2018_photo_dolly-kids-couch-at-library-of-congress.jpg\" class=\"attachment-full size-full wp-image-16011\" alt=\"Imagination Library: Dolly Parton surrounded by kids holding her children&#039;s book\" srcset=\"https:\/\/basaltlibrary.org\/wp-content\/uploads\/2025\/02\/2018_photo_dolly-kids-couch-at-library-of-congress.jpg 1200w, https:\/\/basaltlibrary.org\/wp-content\/uploads\/2025\/02\/2018_photo_dolly-kids-couch-at-library-of-congress-300x269.jpg 300w, https:\/\/basaltlibrary.org\/wp-content\/uploads\/2025\/02\/2018_photo_dolly-kids-couch-at-library-of-congress-1024x916.jpg 1024w, https:\/\/basaltlibrary.org\/wp-content\/uploads\/2025\/02\/2018_photo_dolly-kids-couch-at-library-of-congress-768x687.jpg 768w, https:\/\/basaltlibrary.org\/wp-content\/uploads\/2025\/02\/2018_photo_dolly-kids-couch-at-library-of-congress-700x627.jpg 700w\" sizes=\"(max-width: 1200px) 100vw, 1200px\" \/>\t\t\t\t\t\t\t\t\t\t\t\t\t\t\t<\/div>\n\t\t\t\t<\/div>\n\t\t\t\t<\/div>\n\t\t\t\t\t<\/div>\n\t\t\t\t<\/div>\n\t\t<div class=\"elementor-element elementor-element-3cc95db e-flex e-con-boxed parallax_section_no qode_elementor_container_no elementor-invisible e-con e-parent\" data-id=\"3cc95db\" data-element_type=\"container\" data-settings=\"{&quot;background_background&quot;:&quot;classic&quot;,&quot;shape_divider_bottom&quot;:&quot;triangle-asymmetrical&quot;,&quot;shape_divider_bottom_negative&quot;:&quot;yes&quot;,&quot;animation&quot;:&quot;slideInUp&quot;}\">\n\t\t\t\t\t<div class=\"e-con-inner\">\n\t\t\t\t<div class=\"elementor-shape elementor-shape-bottom\" aria-hidden=\"true\" data-negative=\"true\">\n\t\t\t<svg xmlns=\"http:\/\/www.w3.org\/2000\/svg\" viewbox=\"0 0 1000 100\" preserveaspectratio=\"none\">\n\t<path class=\"elementor-shape-fill\" d=\"M737.9,94.7L0,0v100h1000V0L737.9,94.7z\"\/>\n<\/svg>\t\t<\/div>\n\t\t<div class=\"elementor-element elementor-element-66ef954 e-con-full e-flex parallax_section_no qode_elementor_container_no e-con e-child\" data-id=\"66ef954\" data-element_type=\"container\">\n\t\t\t\t<div class=\"elementor-element elementor-element-4698bdd elementor-widget__width-inherit elementor-widget elementor-widget-heading\" data-id=\"4698bdd\" data-element_type=\"widget\" data-widget_type=\"heading.default\">\n\t\t\t\t<div class=\"elementor-widget-container\">\n\t\t\t\t\t<h4 class=\"elementor-heading-title elementor-size-default\">\u00a1Haz una donaci\u00f3n!<\/h4>\t\t\t\t<\/div>\n\t\t\t\t<\/div>\n\t\t\t\t<div class=\"elementor-element elementor-element-d9fac40 elementor-widget elementor-widget-heading\" data-id=\"d9fac40\" data-element_type=\"widget\" data-widget_type=\"heading.default\">\n\t\t\t\t<div class=\"elementor-widget-container\">\n\t\t\t\t\t<h6 class=\"elementor-heading-title elementor-size-default\">Hay muchas formas de brindar apoyo a la Biblioteca Regional de Basalt. <\/h6>\t\t\t\t<\/div>\n\t\t\t\t<\/div>\n\t\t\t\t<\/div>\n\t\t<div class=\"elementor-element elementor-element-5df80d0 e-con-full e-flex parallax_section_no qode_elementor_container_no e-con e-child\" data-id=\"5df80d0\" data-element_type=\"container\">\n\t\t\t\t<div class=\"elementor-element elementor-element-544d6d1 elementor-align-right elementor-mobile-align-center elementor-widget elementor-widget-button\" data-id=\"544d6d1\" data-element_type=\"widget\" data-widget_type=\"button.default\">\n\t\t\t\t<div class=\"elementor-widget-container\">\n\t\t\t\t\t\t\t\t\t<div class=\"elementor-button-wrapper\">\n\t\t\t\t\t<a class=\"elementor-button elementor-button-link elementor-size-sm elementor-animation-shrink\" href=\"https:\/\/basaltlibrary.org\/es\/give\/support\/\">\n\t\t\t\t\t\t<span class=\"elementor-button-content-wrapper\">\n\t\t\t\t\t\t\t\t\t<span class=\"elementor-button-text\">M\u00e1s informaci\u00f3n<\/span>\n\t\t\t\t\t<\/span>\n\t\t\t\t\t<\/a>\n\t\t\t\t<\/div>\n\t\t\t\t\t\t\t\t<\/div>\n\t\t\t\t<\/div>\n\t\t\t\t<\/div>\n\t\t\t\t\t<\/div>\n\t\t\t\t<\/div>\n\t\t\t\t<\/div>","protected":false},"excerpt":{"rendered":"<p>La Biblioteca de la Imaginaci\u00f3n de Dolly Parton es una inspiradora iniciativa de recaudaci\u00f3n de fondos para la Fundaci\u00f3n de la Biblioteca, que ofrece una manera eficaz de fomentar la alfabetizaci\u00f3n en la primera infancia en nuestra comunidad. Este programa proporciona libros gratuitos de alta calidad a ni\u00f1os desde el nacimiento hasta los cinco a\u00f1os, enviados por correo\u2026<\/p>","protected":false},"author":1,"featured_media":0,"parent":13265,"menu_order":0,"comment_status":"closed","ping_status":"closed","template":"elementor_header_footer","meta":{"_acf_changed":false,"footnotes":""},"class_list":["post-15738","page","type-page","status-publish","hentry"],"acf":[],"yoast_head":"<!-- This site is optimized with the Yoast SEO plugin v25.3 - https:\/\/yoast.com\/wordpress\/plugins\/seo\/ -->\n<title>Imagination Library - Basalt Regional Library<\/title>\n<meta name=\"description\" content=\"Discover Basalt Regional Library - Imagination Library - The Dolly Parton Imagination Library The Dolly Parton Imagination Library is an inspiring fundraising focus for the Library Trust, offering an impactful\" \/>\n<meta name=\"robots\" content=\"index, follow, max-snippet:-1, max-image-preview:large, max-video-preview:-1\" \/>\n<link rel=\"canonical\" href=\"https:\/\/basaltlibrary.org\/es\/give\/imagination-library\/\" \/>\n<meta property=\"og:locale\" content=\"es_MX\" \/>\n<meta property=\"og:type\" content=\"article\" \/>\n<meta property=\"og:title\" content=\"Imagination Library - Basalt Regional Library\" \/>\n<meta property=\"og:description\" content=\"Discover Basalt Regional Library - Imagination Library - The Dolly Parton Imagination Library The Dolly Parton Imagination Library is an inspiring fundraising focus for the Library Trust, offering an impactful\" \/>\n<meta property=\"og:url\" content=\"https:\/\/basaltlibrary.org\/es\/give\/imagination-library\/\" \/>\n<meta property=\"og:site_name\" content=\"Basalt Regional Library\" \/>\n<meta property=\"article:modified_time\" content=\"2025-04-14T18:26:37+00:00\" \/>\n<meta name=\"twitter:card\" content=\"summary_large_image\" \/>\n<meta name=\"twitter:label1\" content=\"Tiempo de lectura\" \/>\n\t<meta name=\"twitter:data1\" content=\"1 minuto\" \/>\n<script type=\"application\/ld+json\" class=\"yoast-schema-graph\">{\"@context\":\"https:\/\/schema.org\",\"@graph\":[{\"@type\":\"WebPage\",\"@id\":\"https:\/\/basaltlibrary.org\/give\/imagination-library\/\",\"url\":\"https:\/\/basaltlibrary.org\/give\/imagination-library\/\",\"name\":\"Imagination Library - Basalt Regional Library\",\"isPartOf\":{\"@id\":\"https:\/\/basaltlibrary.org\/#website\"},\"datePublished\":\"2025-02-18T02:03:08+00:00\",\"dateModified\":\"2025-04-14T18:26:37+00:00\",\"description\":\"Discover Basalt Regional Library - Imagination Library - The Dolly Parton Imagination Library The Dolly Parton Imagination Library is an inspiring fundraising focus for the Library Trust, offering an impactful\",\"breadcrumb\":{\"@id\":\"https:\/\/basaltlibrary.org\/give\/imagination-library\/#breadcrumb\"},\"inLanguage\":\"es\",\"potentialAction\":[{\"@type\":\"ReadAction\",\"target\":[\"https:\/\/basaltlibrary.org\/give\/imagination-library\/\"]}]},{\"@type\":\"BreadcrumbList\",\"@id\":\"https:\/\/basaltlibrary.org\/give\/imagination-library\/#breadcrumb\",\"itemListElement\":[{\"@type\":\"ListItem\",\"position\":1,\"name\":\"Home\",\"item\":\"https:\/\/basaltlibrary.org\/\"},{\"@type\":\"ListItem\",\"position\":2,\"name\":\"Give\",\"item\":\"https:\/\/basaltlibrary.org\/give\/\"},{\"@type\":\"ListItem\",\"position\":3,\"name\":\"Imagination Library\"}]},{\"@type\":\"WebSite\",\"@id\":\"https:\/\/basaltlibrary.org\/#website\",\"url\":\"https:\/\/basaltlibrary.org\/\",\"name\":\"Basalt Regional Library\",\"description\":\"\",\"publisher\":{\"@id\":\"https:\/\/basaltlibrary.org\/#organization\"},\"potentialAction\":[{\"@type\":\"SearchAction\",\"target\":{\"@type\":\"EntryPoint\",\"urlTemplate\":\"https:\/\/basaltlibrary.org\/?s={search_term_string}\"},\"query-input\":{\"@type\":\"PropertyValueSpecification\",\"valueRequired\":true,\"valueName\":\"search_term_string\"}}],\"inLanguage\":\"es\"},{\"@type\":\"Organization\",\"@id\":\"https:\/\/basaltlibrary.org\/#organization\",\"name\":\"Basalt Regional Library\",\"url\":\"https:\/\/basaltlibrary.org\/\",\"logo\":{\"@type\":\"ImageObject\",\"inLanguage\":\"es\",\"@id\":\"https:\/\/basaltlibrary.org\/#\/schema\/logo\/image\/\",\"url\":\"https:\/\/basaltlibrary.org\/wp-content\/uploads\/2024\/12\/basaltlibrary-horzlogo-rgb.png\",\"contentUrl\":\"https:\/\/basaltlibrary.org\/wp-content\/uploads\/2024\/12\/basaltlibrary-horzlogo-rgb.png\",\"width\":236,\"height\":100,\"caption\":\"Basalt Regional Library\"},\"image\":{\"@id\":\"https:\/\/basaltlibrary.org\/#\/schema\/logo\/image\/\"}}]}<\/script>\n<!-- \/ Yoast SEO plugin. -->","yoast_head_json":{"title":"Biblioteca de la Imaginaci\u00f3n - Biblioteca Regional de Basalt","description":"Descubre la Biblioteca Regional de Basalt - Biblioteca de la Imaginaci\u00f3n - La Biblioteca de la Imaginaci\u00f3n de Dolly Parton. La Biblioteca de la Imaginaci\u00f3n de Dolly Parton es un inspirador proyecto de recaudaci\u00f3n de fondos para la Fundaci\u00f3n de la Biblioteca, que ofrece una experiencia impactante.","robots":{"index":"index","follow":"follow","max-snippet":"max-snippet:-1","max-image-preview":"max-image-preview:large","max-video-preview":"max-video-preview:-1"},"canonical":"https:\/\/basaltlibrary.org\/es\/give\/imagination-library\/","og_locale":"es_MX","og_type":"article","og_title":"Imagination Library - Basalt Regional Library","og_description":"Discover Basalt Regional Library - Imagination Library - The Dolly Parton Imagination Library The Dolly Parton Imagination Library is an inspiring fundraising focus for the Library Trust, offering an impactful","og_url":"https:\/\/basaltlibrary.org\/es\/give\/imagination-library\/","og_site_name":"Basalt Regional Library","article_modified_time":"2025-04-14T18:26:37+00:00","twitter_card":"summary_large_image","twitter_misc":{"Tiempo de lectura":"1 minuto"},"schema":{"@context":"https:\/\/schema.org","@graph":[{"@type":"WebPage","@id":"https:\/\/basaltlibrary.org\/give\/imagination-library\/","url":"https:\/\/basaltlibrary.org\/give\/imagination-library\/","name":"Biblioteca de la Imaginaci\u00f3n - Biblioteca Regional de Basalt","isPartOf":{"@id":"https:\/\/basaltlibrary.org\/#website"},"datePublished":"2025-02-18T02:03:08+00:00","dateModified":"2025-04-14T18:26:37+00:00","description":"Descubre la Biblioteca Regional de Basalt - Biblioteca de la Imaginaci\u00f3n - La Biblioteca de la Imaginaci\u00f3n de Dolly Parton. La Biblioteca de la Imaginaci\u00f3n de Dolly Parton es un inspirador proyecto de recaudaci\u00f3n de fondos para la Fundaci\u00f3n de la Biblioteca, que ofrece una experiencia impactante.","breadcrumb":{"@id":"https:\/\/basaltlibrary.org\/give\/imagination-library\/#breadcrumb"},"inLanguage":"es","potentialAction":[{"@type":"ReadAction","target":["https:\/\/basaltlibrary.org\/give\/imagination-library\/"]}]},{"@type":"BreadcrumbList","@id":"https:\/\/basaltlibrary.org\/give\/imagination-library\/#breadcrumb","itemListElement":[{"@type":"ListItem","position":1,"name":"Home","item":"https:\/\/basaltlibrary.org\/"},{"@type":"ListItem","position":2,"name":"Give","item":"https:\/\/basaltlibrary.org\/give\/"},{"@type":"ListItem","position":3,"name":"Imagination Library"}]},{"@type":"WebSite","@id":"https:\/\/basaltlibrary.org\/#website","url":"https:\/\/basaltlibrary.org\/","name":"Biblioteca Regional de Basalt","description":"","publisher":{"@id":"https:\/\/basaltlibrary.org\/#organization"},"potentialAction":[{"@type":"SearchAction","target":{"@type":"EntryPoint","urlTemplate":"https:\/\/basaltlibrary.org\/?s={search_term_string}"},"query-input":{"@type":"PropertyValueSpecification","valueRequired":true,"valueName":"search_term_string"}}],"inLanguage":"es"},{"@type":"Organization","@id":"https:\/\/basaltlibrary.org\/#organization","name":"Biblioteca Regional de Basalt","url":"https:\/\/basaltlibrary.org\/","logo":{"@type":"ImageObject","inLanguage":"es","@id":"https:\/\/basaltlibrary.org\/#\/schema\/logo\/image\/","url":"https:\/\/basaltlibrary.org\/wp-content\/uploads\/2024\/12\/basaltlibrary-horzlogo-rgb.png","contentUrl":"https:\/\/basaltlibrary.org\/wp-content\/uploads\/2024\/12\/basaltlibrary-horzlogo-rgb.png","width":236,"height":100,"caption":"Basalt Regional Library"},"image":{"@id":"https:\/\/basaltlibrary.org\/#\/schema\/logo\/image\/"}}]}},"_links":{"self":[{"href":"https:\/\/basaltlibrary.org\/es\/wp-json\/wp\/v2\/pages\/15738","targetHints":{"allow":["GET"]}}],"collection":[{"href":"https:\/\/basaltlibrary.org\/es\/wp-json\/wp\/v2\/pages"}],"about":[{"href":"https:\/\/basaltlibrary.org\/es\/wp-json\/wp\/v2\/types\/page"}],"author":[{"embeddable":true,"href":"https:\/\/basaltlibrary.org\/es\/wp-json\/wp\/v2\/users\/1"}],"replies":[{"embeddable":true,"href":"https:\/\/basaltlibrary.org\/es\/wp-json\/wp\/v2\/comments?post=15738"}],"version-history":[{"count":0,"href":"https:\/\/basaltlibrary.org\/es\/wp-json\/wp\/v2\/pages\/15738\/revisions"}],"up":[{"embeddable":true,"href":"https:\/\/basaltlibrary.org\/es\/wp-json\/wp\/v2\/pages\/13265"}],"wp:attachment":[{"href":"https:\/\/basaltlibrary.org\/es\/wp-json\/wp\/v2\/media?parent=15738"}],"curies":[{"name":"gracias","href":"https:\/\/api.w.org\/{rel}","templated":true}]}}