{"id":15739,"date":"2025-02-18T02:02:54","date_gmt":"2025-02-18T02:02:54","guid":{"rendered":"https:\/\/wordpress-851390-5078961.cloudwaysapps.com\/?page_id=15739"},"modified":"2025-11-10T14:01:27","modified_gmt":"2025-11-10T21:01:27","slug":"support","status":"publish","type":"page","link":"https:\/\/basaltlibrary.org\/es\/give\/support\/","title":{"rendered":"Apoyo"},"content":{"rendered":"<div data-elementor-type=\"wp-page\" data-elementor-id=\"15739\" class=\"elementor elementor-15739\" data-elementor-post-type=\"page\">\n\t\t\t\t<div class=\"elementor-element elementor-element-5649b0e e-flex e-con-boxed parallax_section_no qode_elementor_container_no e-con e-parent\" data-id=\"5649b0e\" data-element_type=\"container\" data-settings=\"{&quot;background_background&quot;:&quot;classic&quot;,&quot;animation&quot;:&quot;none&quot;,&quot;shape_divider_bottom&quot;:&quot;triangle-asymmetrical&quot;,&quot;shape_divider_bottom_negative&quot;:&quot;yes&quot;}\">\n\t\t\t\t\t<div class=\"e-con-inner\">\n\t\t\t\t<div class=\"elementor-shape elementor-shape-bottom\" aria-hidden=\"true\" data-negative=\"true\">\n\t\t\t<svg xmlns=\"http:\/\/www.w3.org\/2000\/svg\" viewbox=\"0 0 1000 100\" preserveaspectratio=\"none\">\n\t<path class=\"elementor-shape-fill\" d=\"M737.9,94.7L0,0v100h1000V0L737.9,94.7z\"\/>\n<\/svg>\t\t<\/div>\n\t\t\t\t<div class=\"elementor-element elementor-element-c7652a2 elementor-align-left elementor-widget elementor-widget-breadcrumbs\" data-id=\"c7652a2\" data-element_type=\"widget\" data-widget_type=\"breadcrumbs.default\">\n\t\t\t\t<div class=\"elementor-widget-container\">\n\t\t\t\t\t<div id=\"breadcrumbs\"><span><span><a href=\"https:\/\/basaltlibrary.org\/es\/\">Hogar<\/a><\/span><\/span><\/div>\t\t\t\t<\/div>\n\t\t\t\t<\/div>\n\t\t\t\t\t<\/div>\n\t\t\t\t<\/div>\n\t\t<div class=\"elementor-element elementor-element-79db9c4 e-flex e-con-boxed parallax_section_no qode_elementor_container_no e-con e-parent\" data-id=\"79db9c4\" data-element_type=\"container\" data-settings=\"{&quot;background_background&quot;:&quot;classic&quot;,&quot;background_motion_fx_motion_fx_scrolling&quot;:&quot;yes&quot;,&quot;background_motion_fx_devices&quot;:[&quot;desktop&quot;,&quot;tablet&quot;,&quot;mobile&quot;]}\">\n\t\t\t\t\t<div class=\"e-con-inner\">\n\t\t<div class=\"elementor-element elementor-element-ad92b97 e-con-full e-flex parallax_section_no qode_elementor_container_no e-con e-child\" data-id=\"ad92b97\" data-element_type=\"container\" data-settings=\"{&quot;background_background&quot;:&quot;classic&quot;}\">\n\t\t<div class=\"elementor-element elementor-element-c733ad8 e-con-full e-flex parallax_section_no qode_elementor_container_no elementor-invisible e-con e-child\" data-id=\"c733ad8\" data-element_type=\"container\" data-settings=\"{&quot;animation&quot;:&quot;fadeIn&quot;}\">\n\t\t\t\t<div class=\"elementor-element elementor-element-cbe8270 elementor-widget__width-auto elementor-widget elementor-widget-heading\" data-id=\"cbe8270\" data-element_type=\"widget\" data-widget_type=\"heading.default\">\n\t\t\t\t<div class=\"elementor-widget-container\">\n\t\t\t\t\t<h5 class=\"elementor-heading-title elementor-size-default\">Donaciones \u00fanicas o mensuales<\/h5>\t\t\t\t<\/div>\n\t\t\t\t<\/div>\n\t\t\t\t<div class=\"elementor-element elementor-element-0e7cdcf elementor-widget-divider--view-line elementor-widget elementor-widget-divider\" data-id=\"0e7cdcf\" data-element_type=\"widget\" data-widget_type=\"divider.default\">\n\t\t\t\t<div class=\"elementor-widget-container\">\n\t\t\t\t\t\t\t<div class=\"elementor-divider\">\n\t\t\t<span class=\"elementor-divider-separator\">\n\t\t\t\t\t\t<\/span>\n\t\t<\/div>\n\t\t\t\t\t\t<\/div>\n\t\t\t\t<\/div>\n\t\t\t\t<\/div>\n\t\t\t\t<div class=\"elementor-element elementor-element-606b17f elementor-invisible elementor-widget elementor-widget-text-editor\" data-id=\"606b17f\" data-element_type=\"widget\" data-settings=\"{&quot;_animation&quot;:&quot;fadeIn&quot;,&quot;_animation_delay&quot;:200}\" data-widget_type=\"text-editor.default\">\n\t\t\t\t<div class=\"elementor-widget-container\">\n\t\t\t\t\t\t\t\t\t<p>Hay muchas maneras de brindar apoyo al BRL. Las donaciones monetarias pueden contribuir a...<strong> necesidad espec\u00edfica<\/strong> de la Biblioteca, como libros galardonados con los Premios Caldecott o Newbery; libros en honor a un amigo, mentor o hijo; o una suscripci\u00f3n a una revista de especial inter\u00e9s. Las contribuciones tambi\u00e9n pueden proporcionar informaci\u00f3n adicional. <strong>soporte del programa<\/strong> Incluyendo alfabetizaci\u00f3n para ni\u00f1os y adultos; clubes de lectura y charlas con autores; series de m\u00fasica, arte y cine; y extensi\u00f3n comunitaria.<\/p><p>Se aceptan y agradecen donaciones de todos los tama\u00f1os, pagaderas con cheque a nombre de Basalt Regional Library District, 14 Midland Ave. Basalt CO 81621. El n\u00famero de identificaci\u00f3n del empleador (EIN) de la biblioteca es 84-0737915.<\/p><p>La Biblioteca Regional de Basalt est\u00e1 reconocida como una organizaci\u00f3n exenta de impuestos por el Servicio de Impuestos Internos seg\u00fan la Secci\u00f3n 170(c)1, y las donaciones son deducibles de impuestos en la m\u00e1xima medida que lo permita la ley.<\/p>\t\t\t\t\t\t\t\t<\/div>\n\t\t\t\t<\/div>\n\t\t\t\t<div class=\"elementor-element elementor-element-1b34cd1 elementor-invisible elementor-widget elementor-widget-html\" data-id=\"1b34cd1\" data-element_type=\"widget\" data-settings=\"{&quot;_animation&quot;:&quot;zoomIn&quot;,&quot;_animation_delay&quot;:300}\" data-widget_type=\"html.default\">\n\t\t\t\t<div class=\"elementor-widget-container\">\n\t\t\t\t\t<form action=\"https:\/\/www.paypal.com\/cgi-bin\/webscr\" method=\"post\" target=\"_new\">\n<input type=\"hidden\" name=\"cmd\" value=\"_s-xclick\" \/>\n<input type=\"hidden\" name=\"hosted_button_id\" value=\"LNBPLCSQJNXX4\" \/>\n<input type=\"image\" src=\"https:\/\/www.paypalobjects.com\/en_US\/i\/btn\/btn_donateCC_LG.gif\" border=\"0\" name=\"submit\" title=\"PayPal: \u00a1La forma m\u00e1s segura y sencilla de pagar en l\u00ednea!\" alt=\"Donate with PayPal button\" \/>\n<img decoding=\"async\" alt=\"\" border=\"0\" src=\"https:\/\/www.paypal.com\/en_US\/i\/scr\/pixel.gif\" width=\"3\" height=\"3\" \/>\n<\/form>\t\t\t\t<\/div>\n\t\t\t\t<\/div>\n\t\t<div class=\"elementor-element elementor-element-f815caf e-con-full e-flex parallax_section_no qode_elementor_container_no elementor-invisible e-con e-child\" data-id=\"f815caf\" data-element_type=\"container\" data-settings=\"{&quot;animation&quot;:&quot;fadeIn&quot;}\">\n\t\t\t\t<div class=\"elementor-element elementor-element-1a5d5a1 elementor-widget__width-auto elementor-widget elementor-widget-heading\" data-id=\"1a5d5a1\" data-element_type=\"widget\" data-widget_type=\"heading.default\">\n\t\t\t\t<div class=\"elementor-widget-container\">\n\t\t\t\t\t<h5 class=\"elementor-heading-title elementor-size-default\">El fideicomiso de la biblioteca<\/h5>\t\t\t\t<\/div>\n\t\t\t\t<\/div>\n\t\t\t\t<div class=\"elementor-element elementor-element-a5e2b94 elementor-widget-divider--view-line elementor-widget elementor-widget-divider\" data-id=\"a5e2b94\" data-element_type=\"widget\" data-widget_type=\"divider.default\">\n\t\t\t\t<div class=\"elementor-widget-container\">\n\t\t\t\t\t\t\t<div class=\"elementor-divider\">\n\t\t\t<span class=\"elementor-divider-separator\">\n\t\t\t\t\t\t<\/span>\n\t\t<\/div>\n\t\t\t\t\t\t<\/div>\n\t\t\t\t<\/div>\n\t\t\t\t<\/div>\n\t\t\t\t<div class=\"elementor-element elementor-element-2e0e916 elementor-invisible elementor-widget elementor-widget-text-editor\" data-id=\"2e0e916\" data-element_type=\"widget\" data-settings=\"{&quot;_animation&quot;:&quot;fadeIn&quot;,&quot;_animation_delay&quot;:200}\" data-widget_type=\"text-editor.default\">\n\t\t\t\t<div class=\"elementor-widget-container\">\n\t\t\t\t\t\t\t\t\t<p>El Fideicomiso de la Biblioteca se cre\u00f3 para ser beneficiario de la biblioteca cuando el otorgante exige que el beneficiario sea una organizaci\u00f3n 501(c)3. El Fideicomiso de la Biblioteca tambi\u00e9n puede recibir donaciones financieras, que financian proyectos especiales en la biblioteca. El proyecto principal actual del Fideicomiso de la Biblioteca es <strong><a href=\"https:\/\/basaltlibrary.org\/es\/books-and-more\/imagination-library\/\">La biblioteca de la imaginaci\u00f3n de Dolly Parton<\/a> <\/strong>\u00a0\u00a1Un libro al mes para inspirar la imaginaci\u00f3n de ni\u00f1os de cero a cinco a\u00f1os, todo gratis! El N\u00famero de Identificaci\u00f3n del Empleador (EIN) de Library Trust es 87-1160402.<\/p><p><em>El Fideicomiso de la Biblioteca es una organizaci\u00f3n 501(c)(3) del IRS y las contribuciones son deducibles de impuestos. Se aceptan donaciones en efectivo, acciones, bonos y legados, as\u00ed como Distribuciones Caritativas Calificadas (QCD) de su cuenta IRA. Si bien los donantes pueden indicar c\u00f3mo desean que se utilice su donaci\u00f3n, y el Fideicomiso procurar\u00e1 atender todas sus solicitudes, se reserva el derecho de utilizar los fondos donados de la manera que mejor beneficie a sus usuarios y a nuestras comunidades. Las donaciones al Fideicomiso de la Biblioteca no son reembolsables.<\/em><\/p>\t\t\t\t\t\t\t\t<\/div>\n\t\t\t\t<\/div>\n\t\t\t\t<\/div>\n\t\t<div class=\"elementor-element elementor-element-2a4daf5 e-con-full e-flex parallax_section_no qode_elementor_container_no e-con e-child\" data-id=\"2a4daf5\" data-element_type=\"container\">\n\t\t<div class=\"elementor-element elementor-element-e98a308 e-con-full e-flex parallax_section_no qode_elementor_container_no elementor-invisible e-con e-child\" data-id=\"e98a308\" data-element_type=\"container\" data-settings=\"{&quot;animation&quot;:&quot;fadeIn&quot;}\">\n\t\t\t\t<div class=\"elementor-element elementor-element-c59239c elementor-widget__width-auto elementor-widget elementor-widget-heading\" data-id=\"c59239c\" data-element_type=\"widget\" data-widget_type=\"heading.default\">\n\t\t\t\t<div class=\"elementor-widget-container\">\n\t\t\t\t\t<h5 class=\"elementor-heading-title elementor-size-default\">Voluntarios<\/h5>\t\t\t\t<\/div>\n\t\t\t\t<\/div>\n\t\t\t\t<div class=\"elementor-element elementor-element-28506e6 elementor-widget-divider--view-line elementor-widget elementor-widget-divider\" data-id=\"28506e6\" data-element_type=\"widget\" data-widget_type=\"divider.default\">\n\t\t\t\t<div class=\"elementor-widget-container\">\n\t\t\t\t\t\t\t<div class=\"elementor-divider\">\n\t\t\t<span class=\"elementor-divider-separator\">\n\t\t\t\t\t\t<\/span>\n\t\t<\/div>\n\t\t\t\t\t\t<\/div>\n\t\t\t\t<\/div>\n\t\t\t\t<\/div>\n\t\t\t\t<div class=\"elementor-element elementor-element-008b943 elementor-invisible elementor-widget elementor-widget-text-editor\" data-id=\"008b943\" data-element_type=\"widget\" data-settings=\"{&quot;_animation&quot;:&quot;fadeIn&quot;,&quot;_animation_delay&quot;:200}\" data-widget_type=\"text-editor.default\">\n\t\t\t\t<div class=\"elementor-widget-container\">\n\t\t\t\t\t\t\t\t\t<p>Hay muchas oportunidades para los voluntarios en la Biblioteca, incluso detr\u00e1s de escena, como amigo y para eventos especiales.<\/p><p>Adultos, por favor <strong><a href=\"https:\/\/docs.google.com\/forms\/d\/e\/1FAIpQLSeogz1EBLMB-z9MTJ49F275xCt7n3NkRK7vKK9n7IptVZufjg\/viewform?usp=sf_link\" target=\"_blank\" rel=\"noopener\">haga clic aqu\u00ed<\/a> para llenar una solicitud<\/strong> Si est\u00e1s interesado.<\/p><p>Adolescentes, por favor <strong><a href=\"https:\/\/docs.google.com\/forms\/d\/1DhBeq9-aM4In-G877Ntmvf9wyIQl-WzrxDxrQ2to7Fw\/viewform?edit_requested=true\" target=\"_blank\" rel=\"noopener\">haga clic aqu\u00ed<\/a> para llenar una solicitud<\/strong> Si est\u00e1s interesado.<\/p><p>\u00a1Esperamos verte pronto!<\/p>\t\t\t\t\t\t\t\t<\/div>\n\t\t\t\t<\/div>\n\t\t<div class=\"elementor-element elementor-element-b149be9 e-con-full e-flex parallax_section_no qode_elementor_container_no elementor-invisible e-con e-child\" data-id=\"b149be9\" data-element_type=\"container\" data-settings=\"{&quot;animation&quot;:&quot;fadeIn&quot;}\">\n\t\t\t\t<div class=\"elementor-element elementor-element-837383d elementor-widget__width-auto elementor-widget elementor-widget-heading\" data-id=\"837383d\" data-element_type=\"widget\" data-widget_type=\"heading.default\">\n\t\t\t\t<div class=\"elementor-widget-container\">\n\t\t\t\t\t<h5 class=\"elementor-heading-title elementor-size-default\">Amigos de la Biblioteca<\/h5>\t\t\t\t<\/div>\n\t\t\t\t<\/div>\n\t\t\t\t<div class=\"elementor-element elementor-element-88112f0 elementor-widget-divider--view-line elementor-widget elementor-widget-divider\" data-id=\"88112f0\" data-element_type=\"widget\" data-widget_type=\"divider.default\">\n\t\t\t\t<div class=\"elementor-widget-container\">\n\t\t\t\t\t\t\t<div class=\"elementor-divider\">\n\t\t\t<span class=\"elementor-divider-separator\">\n\t\t\t\t\t\t<\/span>\n\t\t<\/div>\n\t\t\t\t\t\t<\/div>\n\t\t\t\t<\/div>\n\t\t\t\t<\/div>\n\t\t\t\t<div class=\"elementor-element elementor-element-a530fb7 elementor-invisible elementor-widget elementor-widget-text-editor\" data-id=\"a530fb7\" data-element_type=\"widget\" data-settings=\"{&quot;_animation&quot;:&quot;fadeIn&quot;,&quot;_animation_delay&quot;:200}\" data-widget_type=\"text-editor.default\">\n\t\t\t\t<div class=\"elementor-widget-container\">\n\t\t\t\t\t\t\t\t\t<p>El <strong>Amigos de la Biblioteca<\/strong> Son voluntarios responsables de revisar todos los libros donados a la Biblioteca. Los clasifican, los recogen, les ponen precio y los venden para recaudar fondos para proyectos y programas bibliotecarios no presupuestados.<\/p>\n<p>El <strong>Librer\u00eda Amigos de la Biblioteca<\/strong> Vendemos libros usados de alta calidad para adultos, j\u00f3venes y ni\u00f1os. Visite la librer\u00eda al entrar a la biblioteca y aproveche nuestra promoci\u00f3n del Libro del Mes. \u00a1Nuestros libros son un regalo perfecto!<\/p>\n<p>Si est\u00e1 interesado en ser voluntario para los Amigos de la Biblioteca, comun\u00edquese con: <a href=\"mailto:friends@basaltlibrary.org\">amigos@basaltlibrary.org<\/a><\/p>\t\t\t\t\t\t\t\t<\/div>\n\t\t\t\t<\/div>\n\t\t<div class=\"elementor-element elementor-element-76efb8b e-con-full e-flex parallax_section_no qode_elementor_container_no elementor-invisible e-con e-child\" data-id=\"76efb8b\" data-element_type=\"container\" data-settings=\"{&quot;animation&quot;:&quot;fadeIn&quot;}\">\n\t\t\t\t<div class=\"elementor-element elementor-element-dcaadae elementor-widget__width-auto elementor-widget-mobile__width-initial elementor-widget elementor-widget-heading\" data-id=\"dcaadae\" data-element_type=\"widget\" data-widget_type=\"heading.default\">\n\t\t\t\t<div class=\"elementor-widget-container\">\n\t\t\t\t\t<h5 class=\"elementor-heading-title elementor-size-default\">Donaciones de libros, CD y DVD<\/h5>\t\t\t\t<\/div>\n\t\t\t\t<\/div>\n\t\t\t\t<div class=\"elementor-element elementor-element-24e9e0f elementor-widget-divider--view-line elementor-widget elementor-widget-divider\" data-id=\"24e9e0f\" data-element_type=\"widget\" data-widget_type=\"divider.default\">\n\t\t\t\t<div class=\"elementor-widget-container\">\n\t\t\t\t\t\t\t<div class=\"elementor-divider\">\n\t\t\t<span class=\"elementor-divider-separator\">\n\t\t\t\t\t\t<\/span>\n\t\t<\/div>\n\t\t\t\t\t\t<\/div>\n\t\t\t\t<\/div>\n\t\t\t\t<\/div>\n\t\t\t\t<div class=\"elementor-element elementor-element-feb0770 elementor-invisible elementor-widget elementor-widget-text-editor\" data-id=\"feb0770\" data-element_type=\"widget\" data-settings=\"{&quot;_animation&quot;:&quot;fadeIn&quot;,&quot;_animation_delay&quot;:200}\" data-widget_type=\"text-editor.default\">\n\t\t\t\t<div class=\"elementor-widget-container\">\n\t\t\t\t\t\t\t\t\t<p>Durante todo el a\u00f1o, los Amigos de la Biblioteca aceptan donaciones de libros, CD y DVD en buen estado. \u00a1Una caja por usuario a la vez! Consulte con el Mostrador de Circulaci\u00f3n para saber cu\u00e1ndo se aceptan donaciones o cont\u00e1ctenos al 970-927-4311.<\/p><p><em>Los obsequios y donaciones a los Amigos de la Biblioteca son totalmente deducibles de impuestos en la medida que lo permita la ley.<\/em><\/p><p>\u00a0<\/p>\t\t\t\t\t\t\t\t<\/div>\n\t\t\t\t<\/div>\n\t\t\t\t<\/div>\n\t\t\t\t\t<\/div>\n\t\t\t\t<\/div>\n\t\t\t\t<\/div>","protected":false},"excerpt":{"rendered":"<p>Donaciones \u00fanicas o mensuales Hay muchas maneras de apoyar a la Biblioteca BRL. Las donaciones monetarias pueden cubrir una necesidad espec\u00edfica de la Biblioteca, como libros ganadores de los premios Caldecott o Newbery; libros en honor a un amigo, mentor o hijo; o una suscripci\u00f3n a una revista\u2026<\/p>","protected":false},"author":1,"featured_media":0,"parent":13265,"menu_order":0,"comment_status":"closed","ping_status":"closed","template":"elementor_header_footer","meta":{"_acf_changed":false,"footnotes":""},"class_list":["post-15739","page","type-page","status-publish","hentry"],"acf":[],"yoast_head":"<!-- This site is optimized with the Yoast SEO plugin v25.3 - https:\/\/yoast.com\/wordpress\/plugins\/seo\/ -->\n<title>Support - Basalt Regional Library<\/title>\n<meta name=\"description\" content=\"Discover Basalt Regional Library - Support - One-time or Monthly Giving There are many ways to provide support for the BRL. Monetary donations may provide for a specific need of the Library, such as\" \/>\n<meta name=\"robots\" content=\"index, follow, max-snippet:-1, max-image-preview:large, max-video-preview:-1\" \/>\n<link rel=\"canonical\" href=\"https:\/\/basaltlibrary.org\/es\/give\/support\/\" \/>\n<meta property=\"og:locale\" content=\"es_MX\" \/>\n<meta property=\"og:type\" content=\"article\" \/>\n<meta property=\"og:title\" content=\"Support - Basalt Regional Library\" \/>\n<meta property=\"og:description\" content=\"Discover Basalt Regional Library - Support - One-time or Monthly Giving There are many ways to provide support for the BRL. Monetary donations may provide for a specific need of the Library, such as\" \/>\n<meta property=\"og:url\" content=\"https:\/\/basaltlibrary.org\/es\/give\/support\/\" \/>\n<meta property=\"og:site_name\" content=\"Basalt Regional Library\" \/>\n<meta property=\"article:modified_time\" content=\"2025-11-10T21:01:27+00:00\" \/>\n<meta property=\"og:image\" content=\"https:\/\/www.paypal.com\/en_US\/i\/scr\/pixel.gif\" \/>\n<meta name=\"twitter:card\" content=\"summary_large_image\" \/>\n<meta name=\"twitter:label1\" content=\"Tiempo de lectura\" \/>\n\t<meta name=\"twitter:data1\" content=\"3 minutos\" \/>\n<script type=\"application\/ld+json\" class=\"yoast-schema-graph\">{\"@context\":\"https:\/\/schema.org\",\"@graph\":[{\"@type\":\"WebPage\",\"@id\":\"https:\/\/basaltlibrary.org\/give\/support\/\",\"url\":\"https:\/\/basaltlibrary.org\/give\/support\/\",\"name\":\"Support - Basalt Regional Library\",\"isPartOf\":{\"@id\":\"https:\/\/basaltlibrary.org\/#website\"},\"primaryImageOfPage\":{\"@id\":\"https:\/\/basaltlibrary.org\/give\/support\/#primaryimage\"},\"image\":{\"@id\":\"https:\/\/basaltlibrary.org\/give\/support\/#primaryimage\"},\"thumbnailUrl\":\"https:\/\/www.paypal.com\/en_US\/i\/scr\/pixel.gif\",\"datePublished\":\"2025-02-18T02:02:54+00:00\",\"dateModified\":\"2025-11-10T21:01:27+00:00\",\"description\":\"Discover Basalt Regional Library - Support - One-time or Monthly Giving There are many ways to provide support for the BRL. Monetary donations may provide for a specific need of the Library, such as\",\"breadcrumb\":{\"@id\":\"https:\/\/basaltlibrary.org\/give\/support\/#breadcrumb\"},\"inLanguage\":\"es\",\"potentialAction\":[{\"@type\":\"ReadAction\",\"target\":[\"https:\/\/basaltlibrary.org\/give\/support\/\"]}]},{\"@type\":\"ImageObject\",\"inLanguage\":\"es\",\"@id\":\"https:\/\/basaltlibrary.org\/give\/support\/#primaryimage\",\"url\":\"https:\/\/www.paypal.com\/en_US\/i\/scr\/pixel.gif\",\"contentUrl\":\"https:\/\/www.paypal.com\/en_US\/i\/scr\/pixel.gif\"},{\"@type\":\"BreadcrumbList\",\"@id\":\"https:\/\/basaltlibrary.org\/give\/support\/#breadcrumb\",\"itemListElement\":[{\"@type\":\"ListItem\",\"position\":1,\"name\":\"Home\",\"item\":\"https:\/\/basaltlibrary.org\/\"},{\"@type\":\"ListItem\",\"position\":2,\"name\":\"Give\",\"item\":\"https:\/\/basaltlibrary.org\/give\/\"},{\"@type\":\"ListItem\",\"position\":3,\"name\":\"Support\"}]},{\"@type\":\"WebSite\",\"@id\":\"https:\/\/basaltlibrary.org\/#website\",\"url\":\"https:\/\/basaltlibrary.org\/\",\"name\":\"Basalt Regional Library\",\"description\":\"\",\"publisher\":{\"@id\":\"https:\/\/basaltlibrary.org\/#organization\"},\"potentialAction\":[{\"@type\":\"SearchAction\",\"target\":{\"@type\":\"EntryPoint\",\"urlTemplate\":\"https:\/\/basaltlibrary.org\/?s={search_term_string}\"},\"query-input\":{\"@type\":\"PropertyValueSpecification\",\"valueRequired\":true,\"valueName\":\"search_term_string\"}}],\"inLanguage\":\"es\"},{\"@type\":\"Organization\",\"@id\":\"https:\/\/basaltlibrary.org\/#organization\",\"name\":\"Basalt Regional Library\",\"url\":\"https:\/\/basaltlibrary.org\/\",\"logo\":{\"@type\":\"ImageObject\",\"inLanguage\":\"es\",\"@id\":\"https:\/\/basaltlibrary.org\/#\/schema\/logo\/image\/\",\"url\":\"https:\/\/basaltlibrary.org\/wp-content\/uploads\/2024\/12\/basaltlibrary-horzlogo-rgb.png\",\"contentUrl\":\"https:\/\/basaltlibrary.org\/wp-content\/uploads\/2024\/12\/basaltlibrary-horzlogo-rgb.png\",\"width\":236,\"height\":100,\"caption\":\"Basalt Regional Library\"},\"image\":{\"@id\":\"https:\/\/basaltlibrary.org\/#\/schema\/logo\/image\/\"}}]}<\/script>\n<!-- \/ Yoast SEO plugin. -->","yoast_head_json":{"title":"Apoyo - Biblioteca Regional de Basalt","description":"Descubra la Biblioteca Regional de Basalt - Apoyo - Donaciones \u00fanicas o mensuales Hay muchas maneras de apoyar a la BRL. Las donaciones monetarias pueden cubrir una necesidad espec\u00edfica de la Biblioteca, como por ejemplo:","robots":{"index":"index","follow":"follow","max-snippet":"max-snippet:-1","max-image-preview":"max-image-preview:large","max-video-preview":"max-video-preview:-1"},"canonical":"https:\/\/basaltlibrary.org\/es\/give\/support\/","og_locale":"es_MX","og_type":"article","og_title":"Support - Basalt Regional Library","og_description":"Discover Basalt Regional Library - Support - One-time or Monthly Giving There are many ways to provide support for the BRL. Monetary donations may provide for a specific need of the Library, such as","og_url":"https:\/\/basaltlibrary.org\/es\/give\/support\/","og_site_name":"Basalt Regional Library","article_modified_time":"2025-11-10T21:01:27+00:00","og_image":[{"url":"https:\/\/www.paypal.com\/en_US\/i\/scr\/pixel.gif","type":"","width":"","height":""}],"twitter_card":"summary_large_image","twitter_misc":{"Tiempo de lectura":"3 minutos"},"schema":{"@context":"https:\/\/schema.org","@graph":[{"@type":"WebPage","@id":"https:\/\/basaltlibrary.org\/give\/support\/","url":"https:\/\/basaltlibrary.org\/give\/support\/","name":"Apoyo - Biblioteca Regional de Basalt","isPartOf":{"@id":"https:\/\/basaltlibrary.org\/#website"},"primaryImageOfPage":{"@id":"https:\/\/basaltlibrary.org\/give\/support\/#primaryimage"},"image":{"@id":"https:\/\/basaltlibrary.org\/give\/support\/#primaryimage"},"thumbnailUrl":"https:\/\/www.paypal.com\/en_US\/i\/scr\/pixel.gif","datePublished":"2025-02-18T02:02:54+00:00","dateModified":"2025-11-10T21:01:27+00:00","description":"Descubra la Biblioteca Regional de Basalt - Apoyo - Donaciones \u00fanicas o mensuales Hay muchas maneras de apoyar a la BRL. Las donaciones monetarias pueden cubrir una necesidad espec\u00edfica de la Biblioteca, como por ejemplo:","breadcrumb":{"@id":"https:\/\/basaltlibrary.org\/give\/support\/#breadcrumb"},"inLanguage":"es","potentialAction":[{"@type":"ReadAction","target":["https:\/\/basaltlibrary.org\/give\/support\/"]}]},{"@type":"ImageObject","inLanguage":"es","@id":"https:\/\/basaltlibrary.org\/give\/support\/#primaryimage","url":"https:\/\/www.paypal.com\/en_US\/i\/scr\/pixel.gif","contentUrl":"https:\/\/www.paypal.com\/en_US\/i\/scr\/pixel.gif"},{"@type":"BreadcrumbList","@id":"https:\/\/basaltlibrary.org\/give\/support\/#breadcrumb","itemListElement":[{"@type":"ListItem","position":1,"name":"Home","item":"https:\/\/basaltlibrary.org\/"},{"@type":"ListItem","position":2,"name":"Give","item":"https:\/\/basaltlibrary.org\/give\/"},{"@type":"ListItem","position":3,"name":"Support"}]},{"@type":"WebSite","@id":"https:\/\/basaltlibrary.org\/#website","url":"https:\/\/basaltlibrary.org\/","name":"Biblioteca Regional de Basalt","description":"","publisher":{"@id":"https:\/\/basaltlibrary.org\/#organization"},"potentialAction":[{"@type":"SearchAction","target":{"@type":"EntryPoint","urlTemplate":"https:\/\/basaltlibrary.org\/?s={search_term_string}"},"query-input":{"@type":"PropertyValueSpecification","valueRequired":true,"valueName":"search_term_string"}}],"inLanguage":"es"},{"@type":"Organization","@id":"https:\/\/basaltlibrary.org\/#organization","name":"Biblioteca Regional de Basalt","url":"https:\/\/basaltlibrary.org\/","logo":{"@type":"ImageObject","inLanguage":"es","@id":"https:\/\/basaltlibrary.org\/#\/schema\/logo\/image\/","url":"https:\/\/basaltlibrary.org\/wp-content\/uploads\/2024\/12\/basaltlibrary-horzlogo-rgb.png","contentUrl":"https:\/\/basaltlibrary.org\/wp-content\/uploads\/2024\/12\/basaltlibrary-horzlogo-rgb.png","width":236,"height":100,"caption":"Basalt Regional Library"},"image":{"@id":"https:\/\/basaltlibrary.org\/#\/schema\/logo\/image\/"}}]}},"_links":{"self":[{"href":"https:\/\/basaltlibrary.org\/es\/wp-json\/wp\/v2\/pages\/15739","targetHints":{"allow":["GET"]}}],"collection":[{"href":"https:\/\/basaltlibrary.org\/es\/wp-json\/wp\/v2\/pages"}],"about":[{"href":"https:\/\/basaltlibrary.org\/es\/wp-json\/wp\/v2\/types\/page"}],"author":[{"embeddable":true,"href":"https:\/\/basaltlibrary.org\/es\/wp-json\/wp\/v2\/users\/1"}],"replies":[{"embeddable":true,"href":"https:\/\/basaltlibrary.org\/es\/wp-json\/wp\/v2\/comments?post=15739"}],"version-history":[{"count":0,"href":"https:\/\/basaltlibrary.org\/es\/wp-json\/wp\/v2\/pages\/15739\/revisions"}],"up":[{"embeddable":true,"href":"https:\/\/basaltlibrary.org\/es\/wp-json\/wp\/v2\/pages\/13265"}],"wp:attachment":[{"href":"https:\/\/basaltlibrary.org\/es\/wp-json\/wp\/v2\/media?parent=15739"}],"curies":[{"name":"gracias","href":"https:\/\/api.w.org\/{rel}","templated":true}]}}