{"id":15744,"date":"2025-02-18T02:06:21","date_gmt":"2025-02-18T02:06:21","guid":{"rendered":"https:\/\/wordpress-851390-5078961.cloudwaysapps.com\/?page_id=15744"},"modified":"2025-08-19T19:28:27","modified_gmt":"2025-08-20T01:28:27","slug":"jobs","status":"publish","type":"page","link":"https:\/\/basaltlibrary.org\/es\/jobs\/","title":{"rendered":"Empleos"},"content":{"rendered":"<div data-elementor-type=\"wp-page\" data-elementor-id=\"15744\" class=\"elementor elementor-15744\" data-elementor-post-type=\"page\">\n\t\t\t\t<div class=\"elementor-element elementor-element-30d7f9e e-flex e-con-boxed parallax_section_no qode_elementor_container_no e-con e-parent\" data-id=\"30d7f9e\" data-element_type=\"container\" data-settings=\"{&quot;background_background&quot;:&quot;classic&quot;}\">\n\t\t\t\t\t<div class=\"e-con-inner\">\n\t\t<div class=\"elementor-element elementor-element-37777f7 e-con-full e-flex parallax_section_no qode_elementor_container_no e-con e-child\" data-id=\"37777f7\" data-element_type=\"container\">\n\t\t\t\t<div class=\"elementor-element elementor-element-edb83d2 elementor-align-left elementor-widget elementor-widget-breadcrumbs\" data-id=\"edb83d2\" data-element_type=\"widget\" data-widget_type=\"breadcrumbs.default\">\n\t\t\t\t<div class=\"elementor-widget-container\">\n\t\t\t\t\t<div id=\"breadcrumbs\"><span><span><a href=\"https:\/\/basaltlibrary.org\/es\/\">Hogar<\/a><\/span><\/span><\/div>\t\t\t\t<\/div>\n\t\t\t\t<\/div>\n\t\t\t\t<\/div>\n\t\t\t\t\t<\/div>\n\t\t\t\t<\/div>\n\t\t<div class=\"elementor-element elementor-element-3b8d8cf e-flex e-con-boxed parallax_section_no qode_elementor_container_no e-con e-parent\" data-id=\"3b8d8cf\" data-element_type=\"container\" data-settings=\"{&quot;background_background&quot;:&quot;classic&quot;,&quot;background_motion_fx_motion_fx_scrolling&quot;:&quot;yes&quot;,&quot;background_motion_fx_devices&quot;:[&quot;desktop&quot;,&quot;tablet&quot;,&quot;mobile&quot;]}\">\n\t\t\t\t\t<div class=\"e-con-inner\">\n\t\t<div class=\"elementor-element elementor-element-f189728 e-con-full e-flex parallax_section_no qode_elementor_container_no e-con e-child\" data-id=\"f189728\" data-element_type=\"container\">\n\t\t<div class=\"elementor-element elementor-element-2ca438f e-con-full e-flex parallax_section_no qode_elementor_container_no e-con e-child\" data-id=\"2ca438f\" data-element_type=\"container\">\n\t\t\t\t<\/div>\n\t\t\t\t<\/div>\n\t\t<div class=\"elementor-element elementor-element-ac039ba e-con-full e-flex parallax_section_no qode_elementor_container_no e-con e-child\" data-id=\"ac039ba\" data-element_type=\"container\">\n\t\t<div class=\"elementor-element elementor-element-7b4bfc1 e-con-full e-flex parallax_section_no qode_elementor_container_no e-con e-child\" data-id=\"7b4bfc1\" data-element_type=\"container\">\n\t\t\t\t<div class=\"elementor-element elementor-element-dff4c27 elementor-invisible elementor-widget elementor-widget-text-editor\" data-id=\"dff4c27\" data-element_type=\"widget\" data-settings=\"{&quot;_animation&quot;:&quot;fadeIn&quot;,&quot;_animation_delay&quot;:300}\" data-widget_type=\"text-editor.default\">\n\t\t\t\t<div class=\"elementor-widget-container\">\n\t\t\t\t\t\t\t\t\t<p>Trabajar en la Biblioteca Regional de Basalt ofrece la ventaja de trabajar, vivir y disfrutar en el hermoso Valle de Roaring Fork, entre los picos m\u00e1s altos de las Monta\u00f1as Rocosas. Tu pasi\u00f3n y entusiasmo por la naturaleza, por aprender y por ayudar a otros a crecer, aprender y experimentar cosas nuevas ser\u00e1n muy provechosos. No solo te adentrar\u00e1s en el &quot;estilo de vida monta\u00f1\u00e9s&quot;, sino que desempe\u00f1ar\u00e1s un papel que tiene un impacto valioso en la comunidad y en todas las vidas que la conforman.<\/p><p>Las bibliotecas est\u00e1n a la vanguardia de la lucha por proteger la libertad personal e intelectual y la democracia, as\u00ed como por identificar y satisfacer las necesidades de nuestra comunidad. No solo ofrecemos libros: ofrecemos a cada persona que entra por la puerta la posibilidad de aprender, crecer, educarse y expresarse plenamente. Somos uno de los pocos lugares en el mundo moderno donde se puede obtener la estimulaci\u00f3n intelectual y social, la educaci\u00f3n y la informaci\u00f3n imparcial que se desea y necesita sin costo alguno.<\/p><p>Y como hacen todos los buenos empleadores, ofrecemos salarios competitivos, un generoso paquete de beneficios y tiempo libre remunerado.<\/p>\t\t\t\t\t\t\t\t<\/div>\n\t\t\t\t<\/div>\n\t\t<div class=\"elementor-element elementor-element-1bfff76 e-con-full e-flex parallax_section_no qode_elementor_container_no elementor-invisible e-con e-child\" data-id=\"1bfff76\" data-element_type=\"container\" data-settings=\"{&quot;animation&quot;:&quot;fadeIn&quot;}\">\n\t\t\t\t<div class=\"elementor-element elementor-element-0c68dc8 elementor-widget__width-auto elementor-invisible elementor-widget elementor-widget-heading\" data-id=\"0c68dc8\" data-element_type=\"widget\" data-settings=\"{&quot;_animation&quot;:&quot;fadeIn&quot;,&quot;_animation_delay&quot;:300}\" data-widget_type=\"heading.default\">\n\t\t\t\t<div class=\"elementor-widget-container\">\n\t\t\t\t\t<h5 class=\"elementor-heading-title elementor-size-default\">Ofertas de trabajo actuales<\/h5>\t\t\t\t<\/div>\n\t\t\t\t<\/div>\n\t\t\t\t<div class=\"elementor-element elementor-element-bfbebc0 elementor-widget-divider--view-line elementor-invisible elementor-widget elementor-widget-divider\" data-id=\"bfbebc0\" data-element_type=\"widget\" data-settings=\"{&quot;_animation&quot;:&quot;slideInRight&quot;,&quot;_animation_delay&quot;:500}\" data-widget_type=\"divider.default\">\n\t\t\t\t<div class=\"elementor-widget-container\">\n\t\t\t\t\t\t\t<div class=\"elementor-divider\">\n\t\t\t<span class=\"elementor-divider-separator\">\n\t\t\t\t\t\t<\/span>\n\t\t<\/div>\n\t\t\t\t\t\t<\/div>\n\t\t\t\t<\/div>\n\t\t\t\t<\/div>\n\t\t\t\t<div class=\"elementor-element elementor-element-cf735a1 elementor-grid-1 elementor-grid-tablet-1 elementor-grid-mobile-1 elementor-invisible elementor-widget elementor-widget-loop-grid\" data-id=\"cf735a1\" data-element_type=\"widget\" data-settings=\"{&quot;template_id&quot;:16858,&quot;columns&quot;:1,&quot;row_gap&quot;:{&quot;unit&quot;:&quot;px&quot;,&quot;size&quot;:0,&quot;sizes&quot;:[]},&quot;_animation&quot;:&quot;fadeIn&quot;,&quot;_animation_delay&quot;:700,&quot;columns_tablet&quot;:1,&quot;_skin&quot;:&quot;post&quot;,&quot;columns_mobile&quot;:&quot;1&quot;,&quot;edit_handle_selector&quot;:&quot;[data-elementor-type=\\&quot;loop-item\\&quot;]&quot;,&quot;row_gap_tablet&quot;:{&quot;unit&quot;:&quot;px&quot;,&quot;size&quot;:&quot;&quot;,&quot;sizes&quot;:[]},&quot;row_gap_mobile&quot;:{&quot;unit&quot;:&quot;px&quot;,&quot;size&quot;:&quot;&quot;,&quot;sizes&quot;:[]}}\" data-widget_type=\"loop-grid.post\">\n\t\t\t\t<div class=\"elementor-widget-container\">\n\t\t\t\t\t\t\t<div class=\"elementor-loop-container elementor-grid\">\n\t\t<style id=\"loop-16858\">.elementor-16858 .elementor-element.elementor-element-f35456f{--display:flex;--flex-direction:column;--container-widget-width:100%;--container-widget-height:initial;--container-widget-flex-grow:0;--container-widget-align-self:initial;--flex-wrap-mobile:wrap;}.elementor-16858 .elementor-element.elementor-element-b00ad73 .elementor-icon-list-icon i{color:var( --e-global-color-primary );transition:color 0.3s;}.elementor-16858 .elementor-element.elementor-element-b00ad73 .elementor-icon-list-icon svg{fill:var( --e-global-color-primary );transition:fill 0.3s;}.elementor-16858 .elementor-element.elementor-element-b00ad73{--e-icon-list-icon-size:14px;--icon-vertical-offset:0px;}.elementor-16858 .elementor-element.elementor-element-b00ad73 .elementor-icon-list-item > .elementor-icon-list-text, .elementor-16858 .elementor-element.elementor-element-b00ad73 .elementor-icon-list-item > a{font-family:var( --e-global-typography-secondary-font-family ), Sans-serif;font-weight:var( --e-global-typography-secondary-font-weight );}.elementor-16858 .elementor-element.elementor-element-b00ad73 .elementor-icon-list-text{color:var( --e-global-color-secondary );transition:color 0.3s;}<\/style>\t\t<div data-elementor-type=\"loop-item\" data-elementor-id=\"16858\" class=\"elementor elementor-16858 e-loop-item e-loop-item-19603 post-19603 job type-job status-publish hentry job-status-open\" data-elementor-post-type=\"elementor_library\" data-custom-edit-handle=\"1\">\n\t\t\t<div class=\"elementor-element elementor-element-f35456f e-flex e-con-boxed parallax_section_no qode_elementor_container_no e-con e-parent\" data-id=\"f35456f\" data-element_type=\"container\">\n\t\t\t\t\t<div class=\"e-con-inner\">\n\t\t\t\t<div class=\"elementor-element elementor-element-b00ad73 elementor-icon-list--layout-traditional elementor-list-item-link-full_width elementor-widget elementor-widget-icon-list\" data-id=\"b00ad73\" data-element_type=\"widget\" data-widget_type=\"icon-list.default\">\n\t\t\t\t<div class=\"elementor-widget-container\">\n\t\t\t\t\t\t\t<ul class=\"elementor-icon-list-items\">\n\t\t\t\t\t\t\t<li class=\"elementor-icon-list-item\">\n\t\t\t\t\t\t\t\t\t\t\t<a href=\"https:\/\/basaltlibrary.org\/es\/job\/spanish-language-outreach-coordinator\/\">\n\n\t\t\t\t\t\t\t\t\t\t\t\t<span class=\"elementor-icon-list-icon\">\n\t\t\t\t\t\t\t<svg aria-hidden=\"true\" class=\"e-font-icon-svg e-fas-check\" viewbox=\"0 0 512 512\" xmlns=\"http:\/\/www.w3.org\/2000\/svg\"><path d=\"M173.898 439.404l-166.4-166.4c-9.997-9.997-9.997-26.206 0-36.204l36.203-36.204c9.997-9.998 26.207-9.998 36.204 0L192 312.69 432.095 72.596c9.997-9.997 26.207-9.997 36.204 0l36.203 36.204c9.997 9.997 9.997 26.206 0 36.204l-294.4 294.401c-9.998 9.997-26.207 9.997-36.204-.001z\"><\/path><\/svg>\t\t\t\t\t\t<\/span>\n\t\t\t\t\t\t\t\t\t\t<span class=\"elementor-icon-list-text\">Coordinador de Difusi\u00f3n en Espa\u00f1ol<\/span>\n\t\t\t\t\t\t\t\t\t\t\t<\/a>\n\t\t\t\t\t\t\t\t\t<\/li>\n\t\t\t\t\t\t<\/ul>\n\t\t\t\t\t\t<\/div>\n\t\t\t\t<\/div>\n\t\t\t\t\t<\/div>\n\t\t\t\t<\/div>\n\t\t\t\t<\/div>\n\t\t\t\t<\/div>\n\t\t\n\t\t\t\t\t\t<\/div>\n\t\t\t\t<\/div>\n\t\t\t\t<div class=\"elementor-element elementor-element-f04a2c5 elementor-invisible elementor-widget elementor-widget-text-editor\" data-id=\"f04a2c5\" data-element_type=\"widget\" data-settings=\"{&quot;_animation&quot;:&quot;fadeIn&quot;,&quot;_animation_delay&quot;:900}\" data-widget_type=\"text-editor.default\">\n\t\t\t\t<div class=\"elementor-widget-container\">\n\t\t\t\t\t\t\t\t\t<p><em>El Distrito de la Biblioteca Regional de Basalt es un empleador que ofrece igualdad de oportunidades y todos los solicitantes calificados ser\u00e1n considerados para el empleo sin importar su raza, color, religi\u00f3n, sexo, origen nacional, estado de discapacidad, estado de veterano protegido o cualquier otra caracter\u00edstica protegida por la ley.<\/em><\/p>\t\t\t\t\t\t\t\t<\/div>\n\t\t\t\t<\/div>\n\t\t\t\t<\/div>\n\t\t\t\t<\/div>\n\t\t\t\t\t<\/div>\n\t\t\t\t<\/div>\n\t\t\t\t<\/div>","protected":false},"excerpt":{"rendered":"<p>Trabajar en la Biblioteca Regional de Basalt ofrece la ventaja de trabajar, vivir y disfrutar en el hermoso Valle de Roaring Fork, entre los picos m\u00e1s altos de las Monta\u00f1as Rocosas. Tu pasi\u00f3n y entusiasmo por la naturaleza, por aprender y por ayudar a otros a crecer, aprender y experimentar\u2026<\/p>","protected":false},"author":1,"featured_media":0,"parent":0,"menu_order":10,"comment_status":"closed","ping_status":"closed","template":"elementor_header_footer","meta":{"_acf_changed":false,"footnotes":""},"class_list":["post-15744","page","type-page","status-publish","hentry"],"acf":[],"yoast_head":"<!-- This site is optimized with the Yoast SEO plugin v25.3 - https:\/\/yoast.com\/wordpress\/plugins\/seo\/ -->\n<title>Jobs - Basalt Regional Library<\/title>\n<meta name=\"description\" content=\"Discover Basalt Regional Library - Jobs - Employment at Basalt Regional Library comes with the perk of working, living, and playing in the beautiful Roaring Fork Valley amid the tallest peaks in\" \/>\n<meta name=\"robots\" content=\"index, follow, max-snippet:-1, max-image-preview:large, max-video-preview:-1\" \/>\n<link rel=\"canonical\" href=\"https:\/\/basaltlibrary.org\/es\/jobs\/\" \/>\n<meta property=\"og:locale\" content=\"es_MX\" \/>\n<meta property=\"og:type\" content=\"article\" \/>\n<meta property=\"og:title\" content=\"Jobs - Basalt Regional Library\" \/>\n<meta property=\"og:description\" content=\"Discover Basalt Regional Library - Jobs - Employment at Basalt Regional Library comes with the perk of working, living, and playing in the beautiful Roaring Fork Valley amid the tallest peaks in\" \/>\n<meta property=\"og:url\" content=\"https:\/\/basaltlibrary.org\/es\/jobs\/\" \/>\n<meta property=\"og:site_name\" content=\"Basalt Regional Library\" \/>\n<meta property=\"article:modified_time\" content=\"2025-08-20T01:28:27+00:00\" \/>\n<meta name=\"twitter:card\" content=\"summary_large_image\" \/>\n<meta name=\"twitter:label1\" content=\"Tiempo de lectura\" \/>\n\t<meta name=\"twitter:data1\" content=\"2 minutos\" \/>\n<script type=\"application\/ld+json\" class=\"yoast-schema-graph\">{\"@context\":\"https:\/\/schema.org\",\"@graph\":[{\"@type\":\"WebPage\",\"@id\":\"https:\/\/basaltlibrary.org\/jobs\/\",\"url\":\"https:\/\/basaltlibrary.org\/jobs\/\",\"name\":\"Jobs - Basalt Regional Library\",\"isPartOf\":{\"@id\":\"https:\/\/basaltlibrary.org\/#website\"},\"datePublished\":\"2025-02-18T02:06:21+00:00\",\"dateModified\":\"2025-08-20T01:28:27+00:00\",\"description\":\"Discover Basalt Regional Library - Jobs - Employment at Basalt Regional Library comes with the perk of working, living, and playing in the beautiful Roaring Fork Valley amid the tallest peaks in\",\"breadcrumb\":{\"@id\":\"https:\/\/basaltlibrary.org\/jobs\/#breadcrumb\"},\"inLanguage\":\"es\",\"potentialAction\":[{\"@type\":\"ReadAction\",\"target\":[\"https:\/\/basaltlibrary.org\/jobs\/\"]}]},{\"@type\":\"BreadcrumbList\",\"@id\":\"https:\/\/basaltlibrary.org\/jobs\/#breadcrumb\",\"itemListElement\":[{\"@type\":\"ListItem\",\"position\":1,\"name\":\"Home\",\"item\":\"https:\/\/basaltlibrary.org\/\"},{\"@type\":\"ListItem\",\"position\":2,\"name\":\"Jobs\"}]},{\"@type\":\"WebSite\",\"@id\":\"https:\/\/basaltlibrary.org\/#website\",\"url\":\"https:\/\/basaltlibrary.org\/\",\"name\":\"Basalt Regional Library\",\"description\":\"\",\"publisher\":{\"@id\":\"https:\/\/basaltlibrary.org\/#organization\"},\"potentialAction\":[{\"@type\":\"SearchAction\",\"target\":{\"@type\":\"EntryPoint\",\"urlTemplate\":\"https:\/\/basaltlibrary.org\/?s={search_term_string}\"},\"query-input\":{\"@type\":\"PropertyValueSpecification\",\"valueRequired\":true,\"valueName\":\"search_term_string\"}}],\"inLanguage\":\"es\"},{\"@type\":\"Organization\",\"@id\":\"https:\/\/basaltlibrary.org\/#organization\",\"name\":\"Basalt Regional Library\",\"url\":\"https:\/\/basaltlibrary.org\/\",\"logo\":{\"@type\":\"ImageObject\",\"inLanguage\":\"es\",\"@id\":\"https:\/\/basaltlibrary.org\/#\/schema\/logo\/image\/\",\"url\":\"https:\/\/basaltlibrary.org\/wp-content\/uploads\/2024\/12\/basaltlibrary-horzlogo-rgb.png\",\"contentUrl\":\"https:\/\/basaltlibrary.org\/wp-content\/uploads\/2024\/12\/basaltlibrary-horzlogo-rgb.png\",\"width\":236,\"height\":100,\"caption\":\"Basalt Regional Library\"},\"image\":{\"@id\":\"https:\/\/basaltlibrary.org\/#\/schema\/logo\/image\/\"}}]}<\/script>\n<!-- \/ Yoast SEO plugin. -->","yoast_head_json":{"title":"Empleos - Biblioteca Regional de Basalt","description":"Descubra la Biblioteca Regional de Basalt - Empleos - El empleo en la Biblioteca Regional de Basalt ofrece la ventaja de trabajar, vivir y divertirse en el hermoso valle de Roaring Fork, en medio de los picos m\u00e1s altos de","robots":{"index":"index","follow":"follow","max-snippet":"max-snippet:-1","max-image-preview":"max-image-preview:large","max-video-preview":"max-video-preview:-1"},"canonical":"https:\/\/basaltlibrary.org\/es\/jobs\/","og_locale":"es_MX","og_type":"article","og_title":"Jobs - Basalt Regional Library","og_description":"Discover Basalt Regional Library - Jobs - Employment at Basalt Regional Library comes with the perk of working, living, and playing in the beautiful Roaring Fork Valley amid the tallest peaks in","og_url":"https:\/\/basaltlibrary.org\/es\/jobs\/","og_site_name":"Basalt Regional Library","article_modified_time":"2025-08-20T01:28:27+00:00","twitter_card":"summary_large_image","twitter_misc":{"Tiempo de lectura":"2 minutos"},"schema":{"@context":"https:\/\/schema.org","@graph":[{"@type":"WebPage","@id":"https:\/\/basaltlibrary.org\/jobs\/","url":"https:\/\/basaltlibrary.org\/jobs\/","name":"Empleos - Biblioteca Regional de Basalt","isPartOf":{"@id":"https:\/\/basaltlibrary.org\/#website"},"datePublished":"2025-02-18T02:06:21+00:00","dateModified":"2025-08-20T01:28:27+00:00","description":"Descubra la Biblioteca Regional de Basalt - Empleos - El empleo en la Biblioteca Regional de Basalt ofrece la ventaja de trabajar, vivir y divertirse en el hermoso valle de Roaring Fork, en medio de los picos m\u00e1s altos de","breadcrumb":{"@id":"https:\/\/basaltlibrary.org\/jobs\/#breadcrumb"},"inLanguage":"es","potentialAction":[{"@type":"ReadAction","target":["https:\/\/basaltlibrary.org\/jobs\/"]}]},{"@type":"BreadcrumbList","@id":"https:\/\/basaltlibrary.org\/jobs\/#breadcrumb","itemListElement":[{"@type":"ListItem","position":1,"name":"Home","item":"https:\/\/basaltlibrary.org\/"},{"@type":"ListItem","position":2,"name":"Jobs"}]},{"@type":"WebSite","@id":"https:\/\/basaltlibrary.org\/#website","url":"https:\/\/basaltlibrary.org\/","name":"Biblioteca Regional de Basalt","description":"","publisher":{"@id":"https:\/\/basaltlibrary.org\/#organization"},"potentialAction":[{"@type":"SearchAction","target":{"@type":"EntryPoint","urlTemplate":"https:\/\/basaltlibrary.org\/?s={search_term_string}"},"query-input":{"@type":"PropertyValueSpecification","valueRequired":true,"valueName":"search_term_string"}}],"inLanguage":"es"},{"@type":"Organization","@id":"https:\/\/basaltlibrary.org\/#organization","name":"Biblioteca Regional de Basalt","url":"https:\/\/basaltlibrary.org\/","logo":{"@type":"ImageObject","inLanguage":"es","@id":"https:\/\/basaltlibrary.org\/#\/schema\/logo\/image\/","url":"https:\/\/basaltlibrary.org\/wp-content\/uploads\/2024\/12\/basaltlibrary-horzlogo-rgb.png","contentUrl":"https:\/\/basaltlibrary.org\/wp-content\/uploads\/2024\/12\/basaltlibrary-horzlogo-rgb.png","width":236,"height":100,"caption":"Basalt Regional Library"},"image":{"@id":"https:\/\/basaltlibrary.org\/#\/schema\/logo\/image\/"}}]}},"_links":{"self":[{"href":"https:\/\/basaltlibrary.org\/es\/wp-json\/wp\/v2\/pages\/15744","targetHints":{"allow":["GET"]}}],"collection":[{"href":"https:\/\/basaltlibrary.org\/es\/wp-json\/wp\/v2\/pages"}],"about":[{"href":"https:\/\/basaltlibrary.org\/es\/wp-json\/wp\/v2\/types\/page"}],"author":[{"embeddable":true,"href":"https:\/\/basaltlibrary.org\/es\/wp-json\/wp\/v2\/users\/1"}],"replies":[{"embeddable":true,"href":"https:\/\/basaltlibrary.org\/es\/wp-json\/wp\/v2\/comments?post=15744"}],"version-history":[{"count":0,"href":"https:\/\/basaltlibrary.org\/es\/wp-json\/wp\/v2\/pages\/15744\/revisions"}],"wp:attachment":[{"href":"https:\/\/basaltlibrary.org\/es\/wp-json\/wp\/v2\/media?parent=15744"}],"curies":[{"name":"gracias","href":"https:\/\/api.w.org\/{rel}","templated":true}]}}