{"id":15751,"date":"2025-02-18T02:08:17","date_gmt":"2025-02-18T02:08:17","guid":{"rendered":"https:\/\/wordpress-851390-5078961.cloudwaysapps.com\/?page_id=15751"},"modified":"2026-04-16T09:02:23","modified_gmt":"2026-04-16T15:02:23","slug":"policies","status":"publish","type":"page","link":"https:\/\/basaltlibrary.org\/es\/about\/policies\/","title":{"rendered":"Pol\u00edticas"},"content":{"rendered":"<div data-elementor-type=\"wp-page\" data-elementor-id=\"15751\" class=\"elementor elementor-15751\" data-elementor-post-type=\"page\">\n\t\t\t\t<div class=\"elementor-element elementor-element-1105857 e-flex e-con-boxed parallax_section_no qode_elementor_container_no e-con e-parent\" data-id=\"1105857\" data-element_type=\"container\" data-settings=\"{&quot;background_background&quot;:&quot;classic&quot;}\">\n\t\t\t\t\t<div class=\"e-con-inner\">\n\t\t<div class=\"elementor-element elementor-element-a89595f e-con-full e-flex parallax_section_no qode_elementor_container_no e-con e-child\" data-id=\"a89595f\" data-element_type=\"container\">\n\t\t\t\t<div class=\"elementor-element elementor-element-e2f9a61 elementor-align-left elementor-widget elementor-widget-breadcrumbs\" data-id=\"e2f9a61\" data-element_type=\"widget\" data-widget_type=\"breadcrumbs.default\">\n\t\t\t\t<div class=\"elementor-widget-container\">\n\t\t\t\t\t<div id=\"breadcrumbs\"><span><span><a href=\"https:\/\/basaltlibrary.org\/es\/\">Hogar<\/a><\/span><\/span><\/div>\t\t\t\t<\/div>\n\t\t\t\t<\/div>\n\t\t\t\t<\/div>\n\t\t\t\t\t<\/div>\n\t\t\t\t<\/div>\n\t\t<div class=\"elementor-element elementor-element-d682f45 e-flex e-con-boxed parallax_section_no qode_elementor_container_no e-con e-parent\" data-id=\"d682f45\" data-element_type=\"container\" data-settings=\"{&quot;background_background&quot;:&quot;classic&quot;,&quot;background_motion_fx_motion_fx_scrolling&quot;:&quot;yes&quot;,&quot;background_motion_fx_devices&quot;:[&quot;desktop&quot;,&quot;tablet&quot;,&quot;mobile&quot;]}\">\n\t\t\t\t\t<div class=\"e-con-inner\">\n\t\t<div class=\"elementor-element elementor-element-54a892d e-con-full e-flex parallax_section_no qode_elementor_container_no e-con e-child\" data-id=\"54a892d\" data-element_type=\"container\" data-settings=\"{&quot;sticky&quot;:&quot;top&quot;,&quot;sticky_on&quot;:[&quot;desktop&quot;],&quot;sticky_offset&quot;:100,&quot;sticky_effects_offset&quot;:0,&quot;sticky_anchor_link_offset&quot;:0}\">\n\t\t<div class=\"elementor-element elementor-element-9d995fc e-con-full e-flex parallax_section_no qode_elementor_container_no e-con e-child\" data-id=\"9d995fc\" data-element_type=\"container\">\n\t\t\t\t<div class=\"elementor-element elementor-element-747d7df elementor-invisible elementor-widget elementor-widget-text-editor\" data-id=\"747d7df\" data-element_type=\"widget\" data-settings=\"{&quot;_animation&quot;:&quot;fadeIn&quot;,&quot;_animation_delay&quot;:200}\" data-widget_type=\"text-editor.default\">\n\t\t\t\t<div class=\"elementor-widget-container\">\n\t\t\t\t\t\t\t\t\t<p>Pol\u00edticas de la Biblioteca Regional de Basalt<\/p>\t\t\t\t\t\t\t\t<\/div>\n\t\t\t\t<\/div>\n\t\t\t\t<\/div>\n\t\t\t\t<\/div>\n\t\t<div class=\"elementor-element elementor-element-1a73e23 e-con-full e-flex parallax_section_no qode_elementor_container_no e-con e-child\" data-id=\"1a73e23\" data-element_type=\"container\">\n\t\t<div class=\"elementor-element elementor-element-c38bf55 e-con-full e-flex parallax_section_no qode_elementor_container_no e-con e-child\" data-id=\"c38bf55\" data-element_type=\"container\">\n\t\t<div class=\"elementor-element elementor-element-c1d1056 e-con-full e-flex parallax_section_no qode_elementor_container_no elementor-invisible e-con e-child\" data-id=\"c1d1056\" data-element_type=\"container\" data-settings=\"{&quot;animation&quot;:&quot;fadeIn&quot;}\">\n\t\t<div class=\"elementor-element elementor-element-1fa40a1 e-con-full e-flex parallax_section_no qode_elementor_container_no elementor-invisible e-con e-child\" data-id=\"1fa40a1\" data-element_type=\"container\" data-settings=\"{&quot;animation&quot;:&quot;fadeIn&quot;}\">\n\t\t\t\t<div class=\"elementor-element elementor-element-2e664fd elementor-widget__width-auto elementor-widget elementor-widget-heading\" data-id=\"2e664fd\" data-element_type=\"widget\" data-widget_type=\"heading.default\">\n\t\t\t\t<div class=\"elementor-widget-container\">\n\t\t\t\t\t<h5 class=\"elementor-heading-title elementor-size-default\">Administraci\u00f3n de la biblioteca<\/h5>\t\t\t\t<\/div>\n\t\t\t\t<\/div>\n\t\t\t\t<div class=\"elementor-element elementor-element-03398d1 elementor-widget-divider--view-line elementor-widget elementor-widget-divider\" data-id=\"03398d1\" data-element_type=\"widget\" data-widget_type=\"divider.default\">\n\t\t\t\t<div class=\"elementor-widget-container\">\n\t\t\t\t\t\t\t<div class=\"elementor-divider\">\n\t\t\t<span class=\"elementor-divider-separator\">\n\t\t\t\t\t\t<\/span>\n\t\t<\/div>\n\t\t\t\t\t\t<\/div>\n\t\t\t\t<\/div>\n\t\t\t\t<\/div>\n\t\t<div class=\"elementor-element elementor-element-11a8343 e-con-full e-flex parallax_section_no qode_elementor_container_no e-con e-child\" data-id=\"11a8343\" data-element_type=\"container\">\n\t\t\t\t<div class=\"elementor-element elementor-element-6414f60 elementor-widget elementor-widget-text-editor\" data-id=\"6414f60\" data-element_type=\"widget\" data-widget_type=\"text-editor.default\">\n\t\t\t\t<div class=\"elementor-widget-container\">\n\t\t\t\t\t\t\t\t\t<p><a href=\"https:\/\/basaltlibrary.org\/wp-content\/uploads\/2025\/07\/Director-Evaluation-Policy.pdf\" target=\"_blank\" rel=\"noopener\">Pol\u00edtica de evaluaci\u00f3n de directores<\/a><\/p><p><a href=\"https:\/\/basaltlibrary.org\/wp-content\/uploads\/2025\/02\/Financial-Management-Manual-accessible.pdf\" target=\"_blank\" rel=\"noopener\">Manual de Gesti\u00f3n Financiera<\/a><\/p><p><a href=\"https:\/\/basaltlibrary.org\/wp-content\/uploads\/2026\/02\/Basalt-Library-Board-Bylaws-12-2025-UA.pdf\" target=\"_blank\" rel=\"noopener\">Estatutos de la biblioteca<\/a><\/p><p><a href=\"https:\/\/basaltlibrary.org\/wp-content\/uploads\/2026\/04\/Open-Records-Policy-UA.pdf\" target=\"_blank\" rel=\"noopener\">Pol\u00edtica de registros abiertos<\/a><\/p><p><a href=\"https:\/\/basaltlibrary.org\/wp-content\/uploads\/2025\/12\/Public-Comment-Policy-UA.pdf\" target=\"_blank\" rel=\"noopener\">Pol\u00edtica de comentarios p\u00fablicos<\/a><\/p><p><a href=\"https:\/\/basaltlibrary.org\/wp-content\/uploads\/2025\/02\/Purchasing-Procurement-Policy.pdf\" target=\"_blank\" rel=\"noopener\">Pol\u00edtica de compras y adquisiciones<\/a><\/p><p><a href=\"https:\/\/basaltlibrary.org\/wp-content\/uploads\/2025\/09\/Response-to-Law-Enforcement-Policy-UA.pdf\" target=\"_blank\" rel=\"noopener\">Respuesta a la pol\u00edtica de aplicaci\u00f3n de la ley<\/a><\/p><p><a href=\"https:\/\/basaltlibrary.org\/wp-content\/uploads\/2025\/02\/Web-Accessibility-Policy.pdf\" target=\"_blank\" rel=\"noopener\">Pol\u00edtica de Accesibilidad Web<\/a><\/p>\t\t\t\t\t\t\t\t<\/div>\n\t\t\t\t<\/div>\n\t\t\t\t<\/div>\n\t\t\t\t<\/div>\n\t\t<div class=\"elementor-element elementor-element-c74b139 e-con-full e-flex parallax_section_no qode_elementor_container_no elementor-invisible e-con e-child\" data-id=\"c74b139\" data-element_type=\"container\" data-settings=\"{&quot;animation&quot;:&quot;fadeIn&quot;}\">\n\t\t<div class=\"elementor-element elementor-element-907f94c e-con-full e-flex parallax_section_no qode_elementor_container_no elementor-invisible e-con e-child\" data-id=\"907f94c\" data-element_type=\"container\" data-settings=\"{&quot;animation&quot;:&quot;fadeIn&quot;}\">\n\t\t\t\t<div class=\"elementor-element elementor-element-bdb61ec elementor-widget__width-auto elementor-widget elementor-widget-heading\" data-id=\"bdb61ec\" data-element_type=\"widget\" data-widget_type=\"heading.default\">\n\t\t\t\t<div class=\"elementor-widget-container\">\n\t\t\t\t\t<h5 class=\"elementor-heading-title elementor-size-default\">Operaciones de la biblioteca<\/h5>\t\t\t\t<\/div>\n\t\t\t\t<\/div>\n\t\t\t\t<div class=\"elementor-element elementor-element-0e92dd4 elementor-widget-divider--view-line elementor-widget elementor-widget-divider\" data-id=\"0e92dd4\" data-element_type=\"widget\" data-widget_type=\"divider.default\">\n\t\t\t\t<div class=\"elementor-widget-container\">\n\t\t\t\t\t\t\t<div class=\"elementor-divider\">\n\t\t\t<span class=\"elementor-divider-separator\">\n\t\t\t\t\t\t<\/span>\n\t\t<\/div>\n\t\t\t\t\t\t<\/div>\n\t\t\t\t<\/div>\n\t\t\t\t<\/div>\n\t\t<div class=\"elementor-element elementor-element-f0c6c8b e-con-full e-flex parallax_section_no qode_elementor_container_no e-con e-child\" data-id=\"f0c6c8b\" data-element_type=\"container\">\n\t\t\t\t<div class=\"elementor-element elementor-element-7dda56d elementor-widget elementor-widget-text-editor\" data-id=\"7dda56d\" data-element_type=\"widget\" data-widget_type=\"text-editor.default\">\n\t\t\t\t<div class=\"elementor-widget-container\">\n\t\t\t\t\t\t\t\t\t<p><a href=\"https:\/\/basaltlibrary.org\/wp-content\/uploads\/2025\/02\/Alcoholic-Beverage-Policy.pdf\" target=\"_blank\" rel=\"noopener\">Pol\u00edtica de bebidas alcoh\u00f3licas<\/a><\/p><p><a href=\"https:\/\/basaltlibrary.org\/wp-content\/uploads\/2025\/12\/Display-Policy-UA.pdf\" target=\"_blank\" rel=\"noopener\">Pol\u00edtica de visualizaci\u00f3n<\/a><\/p><p><a href=\"https:\/\/basaltlibrary.org\/wp-content\/uploads\/2026\/01\/Closure-Policy-UA.pdf\" target=\"_blank\" rel=\"noopener\">Pol\u00edtica de cierre<\/a><\/p><p><a href=\"https:\/\/basaltlibrary.org\/wp-content\/uploads\/2026\/04\/Program-Policy-UA.pdf\" target=\"_blank\" rel=\"noopener\">Pol\u00edtica del programa<\/a><\/p>\t\t\t\t\t\t\t\t<\/div>\n\t\t\t\t<\/div>\n\t\t\t\t<\/div>\n\t\t\t\t<\/div>\n\t\t\t\t<\/div>\n\t\t<div class=\"elementor-element elementor-element-3fb2670 e-con-full e-flex parallax_section_no qode_elementor_container_no e-con e-child\" data-id=\"3fb2670\" data-element_type=\"container\">\n\t\t<div class=\"elementor-element elementor-element-af696f5 e-con-full e-flex parallax_section_no qode_elementor_container_no elementor-invisible e-con e-child\" data-id=\"af696f5\" data-element_type=\"container\" data-settings=\"{&quot;animation&quot;:&quot;fadeIn&quot;}\">\n\t\t<div class=\"elementor-element elementor-element-d9deab6 e-con-full e-flex parallax_section_no qode_elementor_container_no elementor-invisible e-con e-child\" data-id=\"d9deab6\" data-element_type=\"container\" data-settings=\"{&quot;animation&quot;:&quot;fadeIn&quot;}\">\n\t\t\t\t<div class=\"elementor-element elementor-element-ba9875a elementor-widget__width-auto elementor-widget elementor-widget-heading\" data-id=\"ba9875a\" data-element_type=\"widget\" data-widget_type=\"heading.default\">\n\t\t\t\t<div class=\"elementor-widget-container\">\n\t\t\t\t\t<h5 class=\"elementor-heading-title elementor-size-default\">Uso de la biblioteca<\/h5>\t\t\t\t<\/div>\n\t\t\t\t<\/div>\n\t\t\t\t<div class=\"elementor-element elementor-element-59efaf6 elementor-widget-divider--view-line elementor-widget elementor-widget-divider\" data-id=\"59efaf6\" data-element_type=\"widget\" data-widget_type=\"divider.default\">\n\t\t\t\t<div class=\"elementor-widget-container\">\n\t\t\t\t\t\t\t<div class=\"elementor-divider\">\n\t\t\t<span class=\"elementor-divider-separator\">\n\t\t\t\t\t\t<\/span>\n\t\t<\/div>\n\t\t\t\t\t\t<\/div>\n\t\t\t\t<\/div>\n\t\t\t\t<\/div>\n\t\t<div class=\"elementor-element elementor-element-73e159e e-con-full e-flex parallax_section_no qode_elementor_container_no e-con e-child\" data-id=\"73e159e\" data-element_type=\"container\">\n\t\t\t\t<div class=\"elementor-element elementor-element-6886557 elementor-widget elementor-widget-text-editor\" data-id=\"6886557\" data-element_type=\"widget\" data-widget_type=\"text-editor.default\">\n\t\t\t\t<div class=\"elementor-widget-container\">\n\t\t\t\t\t\t\t\t\t<p><a href=\"https:\/\/basaltlibrary.org\/wp-content\/uploads\/2025\/07\/Meeting-Spaces-Policy.pdf\" target=\"_blank\" rel=\"noopener\">Pol\u00edtica de espacios para reuniones<\/a><\/p><p><a href=\"https:\/\/basaltlibrary.org\/wp-content\/uploads\/2025\/09\/Patron-Behavior-Policy-UA.pdf\" target=\"_blank\" rel=\"noopener\">Pol\u00edtica de comportamiento de los usuarios<\/a><\/p><p><a href=\"https:\/\/basaltlibrary.org\/wp-content\/uploads\/2025\/02\/Photography-and-Videography-Policy.pdf\" target=\"_blank\" rel=\"noopener\">Pol\u00edtica de fotograf\u00eda y videograf\u00eda<\/a><\/p><p><a href=\"https:\/\/basaltlibrary.org\/wp-content\/uploads\/2025\/05\/Privacy-and-Confidentiality-Policy.pdf\" target=\"_blank\" rel=\"noopener\">Pol\u00edtica de Privacidad y Confidencialidad<\/a><\/p><p><a href=\"https:\/\/basaltlibrary.org\/wp-content\/uploads\/2025\/07\/Safe-Child-Policy.pdf\" target=\"_blank\" rel=\"noopener\">Pol\u00edtica de seguridad infantil<\/a><\/p><p><a href=\"https:\/\/basaltlibrary.org\/wp-content\/uploads\/2025\/12\/Study-Room-Policy-UA.pdf\" target=\"_blank\" rel=\"noopener\">Pol\u00edtica de la sala de estudio<\/a><\/p>\t\t\t\t\t\t\t\t<\/div>\n\t\t\t\t<\/div>\n\t\t\t\t<\/div>\n\t\t\t\t<\/div>\n\t\t<div class=\"elementor-element elementor-element-e5006f9 e-con-full e-flex parallax_section_no qode_elementor_container_no elementor-invisible e-con e-child\" data-id=\"e5006f9\" data-element_type=\"container\" data-settings=\"{&quot;animation&quot;:&quot;fadeIn&quot;}\">\n\t\t<div class=\"elementor-element elementor-element-dc2b353 e-con-full e-flex parallax_section_no qode_elementor_container_no elementor-invisible e-con e-child\" data-id=\"dc2b353\" data-element_type=\"container\" data-settings=\"{&quot;animation&quot;:&quot;fadeIn&quot;}\">\n\t\t\t\t<div class=\"elementor-element elementor-element-b27b31f elementor-widget__width-initial elementor-widget elementor-widget-heading\" data-id=\"b27b31f\" data-element_type=\"widget\" data-widget_type=\"heading.default\">\n\t\t\t\t<div class=\"elementor-widget-container\">\n\t\t\t\t\t<h5 class=\"elementor-heading-title elementor-size-default\">Materiales, pr\u00e9stamos y colecciones<\/h5>\t\t\t\t<\/div>\n\t\t\t\t<\/div>\n\t\t\t\t<div class=\"elementor-element elementor-element-f6a1a75 elementor-widget-divider--view-line elementor-widget elementor-widget-divider\" data-id=\"f6a1a75\" data-element_type=\"widget\" data-widget_type=\"divider.default\">\n\t\t\t\t<div class=\"elementor-widget-container\">\n\t\t\t\t\t\t\t<div class=\"elementor-divider\">\n\t\t\t<span class=\"elementor-divider-separator\">\n\t\t\t\t\t\t<\/span>\n\t\t<\/div>\n\t\t\t\t\t\t<\/div>\n\t\t\t\t<\/div>\n\t\t\t\t<\/div>\n\t\t<div class=\"elementor-element elementor-element-40c1a4c e-con-full e-flex parallax_section_no qode_elementor_container_no e-con e-child\" data-id=\"40c1a4c\" data-element_type=\"container\">\n\t\t\t\t<div class=\"elementor-element elementor-element-54a8dc0 elementor-widget elementor-widget-text-editor\" data-id=\"54a8dc0\" data-element_type=\"widget\" data-widget_type=\"text-editor.default\">\n\t\t\t\t<div class=\"elementor-widget-container\">\n\t\t\t\t\t\t\t\t\t<p><a href=\"https:\/\/basaltlibrary.org\/wp-content\/uploads\/2025\/05\/Electronic-Access-Policy.pdf\" target=\"_blank\" rel=\"noopener\">Pol\u00edtica de acceso electr\u00f3nico<\/a><\/p><p><a href=\"https:\/\/basaltlibrary.org\/wp-content\/uploads\/2026\/04\/Circulation-and-Library-Card-Policy-UA.pdf\" target=\"_blank\" rel=\"noopener\">Pol\u00edtica de circulaci\u00f3n y tarjetas de biblioteca<\/a><\/p><p><a href=\"https:\/\/basaltlibrary.org\/wp-content\/uploads\/2025\/07\/Materials-Collection-Policy.pdf\" target=\"_blank\" rel=\"noopener\">Pol\u00edtica de recolecci\u00f3n de materiales<\/a><\/p><p><a href=\"https:\/\/basaltlibrary.org\/wp-content\/uploads\/2025\/12\/Reconsideration-policy-UA.pdf\" target=\"_blank\" rel=\"noopener\">Pol\u00edtica de reconsideraci\u00f3n<\/a><\/p>\t\t\t\t\t\t\t\t<\/div>\n\t\t\t\t<\/div>\n\t\t\t\t<\/div>\n\t\t\t\t<\/div>\n\t\t<div class=\"elementor-element elementor-element-a08d465 e-con-full e-flex parallax_section_no qode_elementor_container_no elementor-invisible e-con e-child\" data-id=\"a08d465\" data-element_type=\"container\" data-settings=\"{&quot;animation&quot;:&quot;fadeIn&quot;}\">\n\t\t<div class=\"elementor-element elementor-element-1fe05e1 e-con-full e-flex parallax_section_no qode_elementor_container_no elementor-invisible e-con e-child\" data-id=\"1fe05e1\" data-element_type=\"container\" data-settings=\"{&quot;animation&quot;:&quot;fadeIn&quot;}\">\n\t\t\t\t<div class=\"elementor-element elementor-element-6d43415 elementor-widget__width-auto elementor-widget elementor-widget-heading\" data-id=\"6d43415\" data-element_type=\"widget\" data-widget_type=\"heading.default\">\n\t\t\t\t<div class=\"elementor-widget-container\">\n\t\t\t\t\t<h5 class=\"elementor-heading-title elementor-size-default\">Voluntarios y donaciones<\/h5>\t\t\t\t<\/div>\n\t\t\t\t<\/div>\n\t\t\t\t<div class=\"elementor-element elementor-element-5474ebe elementor-widget-divider--view-line elementor-widget elementor-widget-divider\" data-id=\"5474ebe\" data-element_type=\"widget\" data-widget_type=\"divider.default\">\n\t\t\t\t<div class=\"elementor-widget-container\">\n\t\t\t\t\t\t\t<div class=\"elementor-divider\">\n\t\t\t<span class=\"elementor-divider-separator\">\n\t\t\t\t\t\t<\/span>\n\t\t<\/div>\n\t\t\t\t\t\t<\/div>\n\t\t\t\t<\/div>\n\t\t\t\t<\/div>\n\t\t<div class=\"elementor-element elementor-element-44eb5d2 e-con-full e-flex parallax_section_no qode_elementor_container_no e-con e-child\" data-id=\"44eb5d2\" data-element_type=\"container\">\n\t\t\t\t<div class=\"elementor-element elementor-element-bef47af elementor-widget elementor-widget-text-editor\" data-id=\"bef47af\" data-element_type=\"widget\" data-widget_type=\"text-editor.default\">\n\t\t\t\t<div class=\"elementor-widget-container\">\n\t\t\t\t\t\t\t\t\t<p><a href=\"https:\/\/basaltlibrary.org\/wp-content\/uploads\/2026\/02\/Donations-and-Gifts-Policy-UA.pdf\" target=\"_blank\" rel=\"noopener\">Pol\u00edtica de donaciones y regalos<\/a><\/p><p><a href=\"https:\/\/basaltlibrary.org\/wp-content\/uploads\/2025\/10\/Volunteer-Policy-UA.pdf\" target=\"_blank\" rel=\"noopener\">Pol\u00edtica de voluntariado<\/a><\/p>\t\t\t\t\t\t\t\t<\/div>\n\t\t\t\t<\/div>\n\t\t\t\t<\/div>\n\t\t\t\t<\/div>\n\t\t\t\t<\/div>\n\t\t\t\t<\/div>\n\t\t\t\t\t<\/div>\n\t\t\t\t<\/div>\n\t\t\t\t<\/div>","protected":false},"excerpt":{"rendered":"<p>Pol\u00edticas de la Biblioteca Regional de Basalt Administraci\u00f3n de la Biblioteca Pol\u00edtica de Evaluaci\u00f3n del Director Manual de Gesti\u00f3n Financiera Estatutos de la Biblioteca Pol\u00edtica de Registros Abiertos Pol\u00edtica de Comentarios P\u00fablicos Pol\u00edtica de Compras y Adquisiciones Pol\u00edtica de Respuesta a la Ley Pol\u00edtica de Accesibilidad Web Operaciones de la Biblioteca Pol\u00edtica de Bebidas Alcoh\u00f3licas Pol\u00edtica de Exhibici\u00f3n Pol\u00edtica de Cierre Pol\u00edtica del Programa Uso de la Biblioteca\u2026<\/p>","protected":false},"author":1,"featured_media":0,"parent":15962,"menu_order":2,"comment_status":"closed","ping_status":"closed","template":"elementor_header_footer","meta":{"_acf_changed":false,"footnotes":""},"class_list":["post-15751","page","type-page","status-publish","hentry"],"acf":[],"yoast_head":"<!-- This site is optimized with the Yoast SEO plugin v25.3 - https:\/\/yoast.com\/wordpress\/plugins\/seo\/ -->\n<title>Policies - Basalt Regional Library<\/title>\n<meta name=\"description\" content=\"Discover Basalt Regional Library - Policies - Basalt Regional Library Policies Library Administration Director Evaluation Policy\u200bFinancial Management ManualLibrary Bylaws\u200b\u200bOpen Records Policy\u200bPublic\" \/>\n<meta name=\"robots\" content=\"index, follow, max-snippet:-1, max-image-preview:large, max-video-preview:-1\" \/>\n<link rel=\"canonical\" href=\"https:\/\/basaltlibrary.org\/es\/about\/policies\/\" \/>\n<meta property=\"og:locale\" content=\"es_MX\" \/>\n<meta property=\"og:type\" content=\"article\" \/>\n<meta property=\"og:title\" content=\"Policies - Basalt Regional Library\" \/>\n<meta property=\"og:description\" content=\"Discover Basalt Regional Library - Policies - Basalt Regional Library Policies Library Administration Director Evaluation Policy\u200bFinancial Management ManualLibrary Bylaws\u200b\u200bOpen Records Policy\u200bPublic\" \/>\n<meta property=\"og:url\" content=\"https:\/\/basaltlibrary.org\/es\/about\/policies\/\" \/>\n<meta property=\"og:site_name\" content=\"Basalt Regional Library\" \/>\n<meta property=\"article:modified_time\" content=\"2026-04-16T15:02:23+00:00\" \/>\n<meta name=\"twitter:card\" content=\"summary_large_image\" \/>\n<meta name=\"twitter:label1\" content=\"Tiempo de lectura\" \/>\n\t<meta name=\"twitter:data1\" content=\"1 minuto\" \/>\n<script type=\"application\/ld+json\" class=\"yoast-schema-graph\">{\"@context\":\"https:\/\/schema.org\",\"@graph\":[{\"@type\":\"WebPage\",\"@id\":\"https:\/\/basaltlibrary.org\/about\/policies\/\",\"url\":\"https:\/\/basaltlibrary.org\/about\/policies\/\",\"name\":\"Policies - Basalt Regional Library\",\"isPartOf\":{\"@id\":\"https:\/\/basaltlibrary.org\/#website\"},\"datePublished\":\"2025-02-18T02:08:17+00:00\",\"dateModified\":\"2026-04-16T15:02:23+00:00\",\"description\":\"Discover Basalt Regional Library - Policies - Basalt Regional Library Policies Library Administration Director Evaluation Policy\u200bFinancial Management ManualLibrary Bylaws\u200b\u200bOpen Records Policy\u200bPublic\",\"breadcrumb\":{\"@id\":\"https:\/\/basaltlibrary.org\/about\/policies\/#breadcrumb\"},\"inLanguage\":\"es\",\"potentialAction\":[{\"@type\":\"ReadAction\",\"target\":[\"https:\/\/basaltlibrary.org\/about\/policies\/\"]}]},{\"@type\":\"BreadcrumbList\",\"@id\":\"https:\/\/basaltlibrary.org\/about\/policies\/#breadcrumb\",\"itemListElement\":[{\"@type\":\"ListItem\",\"position\":1,\"name\":\"Home\",\"item\":\"https:\/\/basaltlibrary.org\/\"},{\"@type\":\"ListItem\",\"position\":2,\"name\":\"About\",\"item\":\"https:\/\/basaltlibrary.org\/about\/\"},{\"@type\":\"ListItem\",\"position\":3,\"name\":\"Policies\"}]},{\"@type\":\"WebSite\",\"@id\":\"https:\/\/basaltlibrary.org\/#website\",\"url\":\"https:\/\/basaltlibrary.org\/\",\"name\":\"Basalt Regional Library\",\"description\":\"\",\"publisher\":{\"@id\":\"https:\/\/basaltlibrary.org\/#organization\"},\"potentialAction\":[{\"@type\":\"SearchAction\",\"target\":{\"@type\":\"EntryPoint\",\"urlTemplate\":\"https:\/\/basaltlibrary.org\/?s={search_term_string}\"},\"query-input\":{\"@type\":\"PropertyValueSpecification\",\"valueRequired\":true,\"valueName\":\"search_term_string\"}}],\"inLanguage\":\"es\"},{\"@type\":\"Organization\",\"@id\":\"https:\/\/basaltlibrary.org\/#organization\",\"name\":\"Basalt Regional Library\",\"url\":\"https:\/\/basaltlibrary.org\/\",\"logo\":{\"@type\":\"ImageObject\",\"inLanguage\":\"es\",\"@id\":\"https:\/\/basaltlibrary.org\/#\/schema\/logo\/image\/\",\"url\":\"https:\/\/basaltlibrary.org\/wp-content\/uploads\/2024\/12\/basaltlibrary-horzlogo-rgb.png\",\"contentUrl\":\"https:\/\/basaltlibrary.org\/wp-content\/uploads\/2024\/12\/basaltlibrary-horzlogo-rgb.png\",\"width\":236,\"height\":100,\"caption\":\"Basalt Regional Library\"},\"image\":{\"@id\":\"https:\/\/basaltlibrary.org\/#\/schema\/logo\/image\/\"}}]}<\/script>\n<!-- \/ Yoast SEO plugin. -->","yoast_head_json":{"title":"Pol\u00edticas - Biblioteca Regional de Basalt","description":"Descubra la Biblioteca Regional de Basalt - Pol\u00edticas - Pol\u00edticas de la Biblioteca Regional de Basalt Administraci\u00f3n de la biblioteca Pol\u00edtica de evaluaci\u00f3n del director Manual de gesti\u00f3n financiera Estatutos de la biblioteca Pol\u00edtica de registros abiertos P\u00fablico","robots":{"index":"index","follow":"follow","max-snippet":"max-snippet:-1","max-image-preview":"max-image-preview:large","max-video-preview":"max-video-preview:-1"},"canonical":"https:\/\/basaltlibrary.org\/es\/about\/policies\/","og_locale":"es_MX","og_type":"article","og_title":"Policies - Basalt Regional Library","og_description":"Discover Basalt Regional Library - Policies - Basalt Regional Library Policies Library Administration Director Evaluation Policy\u200bFinancial Management ManualLibrary Bylaws\u200b\u200bOpen Records Policy\u200bPublic","og_url":"https:\/\/basaltlibrary.org\/es\/about\/policies\/","og_site_name":"Basalt Regional Library","article_modified_time":"2026-04-16T15:02:23+00:00","twitter_card":"summary_large_image","twitter_misc":{"Tiempo de lectura":"1 minuto"},"schema":{"@context":"https:\/\/schema.org","@graph":[{"@type":"WebPage","@id":"https:\/\/basaltlibrary.org\/about\/policies\/","url":"https:\/\/basaltlibrary.org\/about\/policies\/","name":"Pol\u00edticas - Biblioteca Regional de Basalt","isPartOf":{"@id":"https:\/\/basaltlibrary.org\/#website"},"datePublished":"2025-02-18T02:08:17+00:00","dateModified":"2026-04-16T15:02:23+00:00","description":"Descubra la Biblioteca Regional de Basalt - Pol\u00edticas - Pol\u00edticas de la Biblioteca Regional de Basalt Administraci\u00f3n de la biblioteca Pol\u00edtica de evaluaci\u00f3n del director Manual de gesti\u00f3n financiera Estatutos de la biblioteca Pol\u00edtica de registros abiertos P\u00fablico","breadcrumb":{"@id":"https:\/\/basaltlibrary.org\/about\/policies\/#breadcrumb"},"inLanguage":"es","potentialAction":[{"@type":"ReadAction","target":["https:\/\/basaltlibrary.org\/about\/policies\/"]}]},{"@type":"BreadcrumbList","@id":"https:\/\/basaltlibrary.org\/about\/policies\/#breadcrumb","itemListElement":[{"@type":"ListItem","position":1,"name":"Home","item":"https:\/\/basaltlibrary.org\/"},{"@type":"ListItem","position":2,"name":"About","item":"https:\/\/basaltlibrary.org\/about\/"},{"@type":"ListItem","position":3,"name":"Policies"}]},{"@type":"WebSite","@id":"https:\/\/basaltlibrary.org\/#website","url":"https:\/\/basaltlibrary.org\/","name":"Biblioteca Regional de Basalt","description":"","publisher":{"@id":"https:\/\/basaltlibrary.org\/#organization"},"potentialAction":[{"@type":"SearchAction","target":{"@type":"EntryPoint","urlTemplate":"https:\/\/basaltlibrary.org\/?s={search_term_string}"},"query-input":{"@type":"PropertyValueSpecification","valueRequired":true,"valueName":"search_term_string"}}],"inLanguage":"es"},{"@type":"Organization","@id":"https:\/\/basaltlibrary.org\/#organization","name":"Biblioteca Regional de Basalt","url":"https:\/\/basaltlibrary.org\/","logo":{"@type":"ImageObject","inLanguage":"es","@id":"https:\/\/basaltlibrary.org\/#\/schema\/logo\/image\/","url":"https:\/\/basaltlibrary.org\/wp-content\/uploads\/2024\/12\/basaltlibrary-horzlogo-rgb.png","contentUrl":"https:\/\/basaltlibrary.org\/wp-content\/uploads\/2024\/12\/basaltlibrary-horzlogo-rgb.png","width":236,"height":100,"caption":"Basalt Regional Library"},"image":{"@id":"https:\/\/basaltlibrary.org\/#\/schema\/logo\/image\/"}}]}},"_links":{"self":[{"href":"https:\/\/basaltlibrary.org\/es\/wp-json\/wp\/v2\/pages\/15751","targetHints":{"allow":["GET"]}}],"collection":[{"href":"https:\/\/basaltlibrary.org\/es\/wp-json\/wp\/v2\/pages"}],"about":[{"href":"https:\/\/basaltlibrary.org\/es\/wp-json\/wp\/v2\/types\/page"}],"author":[{"embeddable":true,"href":"https:\/\/basaltlibrary.org\/es\/wp-json\/wp\/v2\/users\/1"}],"replies":[{"embeddable":true,"href":"https:\/\/basaltlibrary.org\/es\/wp-json\/wp\/v2\/comments?post=15751"}],"version-history":[{"count":0,"href":"https:\/\/basaltlibrary.org\/es\/wp-json\/wp\/v2\/pages\/15751\/revisions"}],"up":[{"embeddable":true,"href":"https:\/\/basaltlibrary.org\/es\/wp-json\/wp\/v2\/pages\/15962"}],"wp:attachment":[{"href":"https:\/\/basaltlibrary.org\/es\/wp-json\/wp\/v2\/media?parent=15751"}],"curies":[{"name":"gracias","href":"https:\/\/api.w.org\/{rel}","templated":true}]}}