{"id":15757,"date":"2025-02-18T02:12:06","date_gmt":"2025-02-18T02:12:06","guid":{"rendered":"https:\/\/wordpress-851390-5078961.cloudwaysapps.com\/?page_id=15757"},"modified":"2025-03-24T23:25:56","modified_gmt":"2025-03-24T23:25:56","slug":"libby","status":"publish","type":"page","link":"https:\/\/basaltlibrary.org\/es\/books-and-more\/libby\/","title":{"rendered":"Libby"},"content":{"rendered":"<div data-elementor-type=\"wp-page\" data-elementor-id=\"15757\" class=\"elementor elementor-15757\" data-elementor-post-type=\"page\">\n\t\t\t\t<div class=\"elementor-element elementor-element-3d9e0dd e-flex e-con-boxed parallax_section_no qode_elementor_container_no e-con e-parent\" data-id=\"3d9e0dd\" data-element_type=\"container\" data-settings=\"{&quot;background_background&quot;:&quot;classic&quot;,&quot;animation&quot;:&quot;none&quot;,&quot;shape_divider_bottom&quot;:&quot;triangle-asymmetrical&quot;,&quot;shape_divider_bottom_negative&quot;:&quot;yes&quot;}\">\n\t\t\t\t\t<div class=\"e-con-inner\">\n\t\t\t\t<div class=\"elementor-shape elementor-shape-bottom\" aria-hidden=\"true\" data-negative=\"true\">\n\t\t\t<svg xmlns=\"http:\/\/www.w3.org\/2000\/svg\" viewbox=\"0 0 1000 100\" preserveaspectratio=\"none\">\n\t<path class=\"elementor-shape-fill\" d=\"M737.9,94.7L0,0v100h1000V0L737.9,94.7z\"\/>\n<\/svg>\t\t<\/div>\n\t\t\t\t<div class=\"elementor-element elementor-element-122284b elementor-align-left elementor-widget elementor-widget-breadcrumbs\" data-id=\"122284b\" data-element_type=\"widget\" data-widget_type=\"breadcrumbs.default\">\n\t\t\t\t<div class=\"elementor-widget-container\">\n\t\t\t\t\t<div id=\"breadcrumbs\"><span><span><a href=\"https:\/\/basaltlibrary.org\/es\/\">Hogar<\/a><\/span><\/span><\/div>\t\t\t\t<\/div>\n\t\t\t\t<\/div>\n\t\t\t\t\t<\/div>\n\t\t\t\t<\/div>\n\t\t<div class=\"elementor-element elementor-element-859493d e-flex e-con-boxed parallax_section_no qode_elementor_container_no e-con e-parent\" data-id=\"859493d\" data-element_type=\"container\" data-settings=\"{&quot;background_background&quot;:&quot;classic&quot;,&quot;background_motion_fx_motion_fx_scrolling&quot;:&quot;yes&quot;,&quot;background_motion_fx_devices&quot;:[&quot;desktop&quot;,&quot;tablet&quot;,&quot;mobile&quot;]}\">\n\t\t\t\t\t<div class=\"e-con-inner\">\n\t\t<div class=\"elementor-element elementor-element-a9a555d e-con-full e-flex parallax_section_no qode_elementor_container_no e-con e-child\" data-id=\"a9a555d\" data-element_type=\"container\">\n\t\t\t\t<div class=\"elementor-element elementor-element-ce116d6 elementor-widget elementor-widget-heading\" data-id=\"ce116d6\" data-element_type=\"widget\" data-widget_type=\"heading.default\">\n\t\t\t\t<div class=\"elementor-widget-container\">\n\t\t\t\t\t<h4 class=\"elementor-heading-title elementor-size-default\">Libros electr\u00f3nicos, audiolibros, revistas y m\u00e1s<\/h4>\t\t\t\t<\/div>\n\t\t\t\t<\/div>\n\t\t<div class=\"elementor-element elementor-element-04d70af e-con-full e-flex parallax_section_no qode_elementor_container_no e-con e-child\" data-id=\"04d70af\" data-element_type=\"container\">\n\t\t<div class=\"elementor-element elementor-element-dae2b1f e-con-full e-flex parallax_section_no qode_elementor_container_no e-con e-child\" data-id=\"dae2b1f\" data-element_type=\"container\">\n\t\t\t\t<div class=\"elementor-element elementor-element-7db4c00 elementor-widget elementor-widget-text-editor\" data-id=\"7db4c00\" data-element_type=\"widget\" data-widget_type=\"text-editor.default\">\n\t\t\t\t<div class=\"elementor-widget-container\">\n\t\t\t\t\t\t\t\t\t<p>Libby de OverDrive ofrece libros electr\u00f3nicos descargables (en diversos formatos), audiolibros, v\u00eddeos y revistas para dispositivos m\u00f3viles, lectores y ordenadores. Incluso ofrece acceso a pel\u00edculas en streaming. <a href=\"https:\/\/basaltlibrary.org\/es\/books-and-more\/kanopy\/\">Kanopy<\/a> y clases pr\u00e1cticas de manualidades a trav\u00e9s de <a href=\"https:\/\/basaltlibrary.org\/es\/books-and-more\/craftsy\/\">Manualidades<\/a>\u00a0.<\/p>\t\t\t\t\t\t\t\t<\/div>\n\t\t\t\t<\/div>\n\t\t\t\t<\/div>\n\t\t<div class=\"elementor-element elementor-element-caa1515 e-con-full e-flex parallax_section_no qode_elementor_container_no e-con e-child\" data-id=\"caa1515\" data-element_type=\"container\">\n\t\t\t\t<div class=\"elementor-element elementor-element-4adb8c7 elementor-widget elementor-widget-image\" data-id=\"4adb8c7\" data-element_type=\"widget\" data-settings=\"{&quot;_animation&quot;:&quot;none&quot;,&quot;motion_fx_motion_fx_scrolling&quot;:&quot;yes&quot;,&quot;motion_fx_rotateZ_effect&quot;:&quot;yes&quot;,&quot;motion_fx_rotateZ_speed&quot;:{&quot;unit&quot;:&quot;px&quot;,&quot;size&quot;:0.3,&quot;sizes&quot;:[]},&quot;motion_fx_rotateZ_affectedRange&quot;:{&quot;unit&quot;:&quot;%&quot;,&quot;size&quot;:&quot;&quot;,&quot;sizes&quot;:{&quot;start&quot;:0,&quot;end&quot;:100}},&quot;motion_fx_devices&quot;:[&quot;desktop&quot;,&quot;tablet&quot;,&quot;mobile&quot;]}\" data-widget_type=\"image.default\">\n\t\t\t\t<div class=\"elementor-widget-container\">\n\t\t\t\t\t\t\t\t\t\t\t\t\t\t\t<img fetchpriority=\"high\" decoding=\"async\" width=\"531\" height=\"705\" src=\"https:\/\/basaltlibrary.org\/wp-content\/uploads\/2025\/02\/LibbyMags_Flyer-10-1-21-1.png\" class=\"attachment-full size-full wp-image-17327\" alt=\"Magazines available on Libby, on a tablet\" srcset=\"https:\/\/basaltlibrary.org\/wp-content\/uploads\/2025\/02\/LibbyMags_Flyer-10-1-21-1.png 531w, https:\/\/basaltlibrary.org\/wp-content\/uploads\/2025\/02\/LibbyMags_Flyer-10-1-21-1-226x300.png 226w\" sizes=\"(max-width: 531px) 100vw, 531px\" \/>\t\t\t\t\t\t\t\t\t\t\t\t\t\t\t<\/div>\n\t\t\t\t<\/div>\n\t\t\t\t<\/div>\n\t\t\t\t<\/div>\n\t\t\t\t<div class=\"elementor-element elementor-element-706400d elementor-widget elementor-widget-heading\" data-id=\"706400d\" data-element_type=\"widget\" data-widget_type=\"heading.default\">\n\t\t\t\t<div class=\"elementor-widget-container\">\n\t\t\t\t\t<h5 class=\"elementor-heading-title elementor-size-default\">\u00bfNecesita ayuda para comenzar?<\/h5>\t\t\t\t<\/div>\n\t\t\t\t<\/div>\n\t\t\t\t<div class=\"elementor-element elementor-element-8982d12 elementor-widget elementor-widget-text-editor\" data-id=\"8982d12\" data-element_type=\"widget\" data-widget_type=\"text-editor.default\">\n\t\t\t\t<div class=\"elementor-widget-container\">\n\t\t\t\t\t\t\t\t\t<p>Echa un vistazo a la <a href=\"https:\/\/help.overdrive.com\/en-us\/home.htm\" target=\"_blank\" rel=\"noopener\">P\u00e1gina de ayuda de OverDrive<\/a>\u00a0o mira este v\u00eddeo sobre c\u00f3mo configurar la aplicaci\u00f3n Libby.<\/p>\t\t\t\t\t\t\t\t<\/div>\n\t\t\t\t<\/div>\n\t\t\t\t<div class=\"elementor-element elementor-element-f8e58c2 animated-slow elementor-invisible elementor-widget elementor-widget-video\" data-id=\"f8e58c2\" data-element_type=\"widget\" data-settings=\"{&quot;youtube_url&quot;:&quot;https:\\\/\\\/youtube.com\\\/shorts\\\/uXpFU9PlW7c?feature=share&quot;,&quot;yt_privacy&quot;:&quot;yes&quot;,&quot;_animation&quot;:&quot;fadeIn&quot;,&quot;_animation_delay&quot;:200,&quot;video_type&quot;:&quot;youtube&quot;,&quot;controls&quot;:&quot;yes&quot;}\" data-widget_type=\"video.default\">\n\t\t\t\t<div class=\"elementor-widget-container\">\n\t\t\t\t\t\t\t<div class=\"elementor-wrapper elementor-open-inline\">\n\t\t\t<div class=\"elementor-video\"><\/div>\t\t<\/div>\n\t\t\t\t\t\t<\/div>\n\t\t\t\t<\/div>\n\t\t\t\t<div class=\"elementor-element elementor-element-391f5f9 elementor-widget elementor-widget-spacer\" data-id=\"391f5f9\" data-element_type=\"widget\" data-widget_type=\"spacer.default\">\n\t\t\t\t<div class=\"elementor-widget-container\">\n\t\t\t\t\t\t\t<div class=\"elementor-spacer\">\n\t\t\t<div class=\"elementor-spacer-inner\"><\/div>\n\t\t<\/div>\n\t\t\t\t\t\t<\/div>\n\t\t\t\t<\/div>\n\t\t\t\t<\/div>\n\t\t<div class=\"elementor-element elementor-element-0f5f62e e-con-full e-flex parallax_section_no qode_elementor_container_no e-con e-child\" data-id=\"0f5f62e\" data-element_type=\"container\" data-settings=\"{&quot;background_background&quot;:&quot;classic&quot;}\">\n\t\t<div class=\"elementor-element elementor-element-60a9bae e-con-full e-flex parallax_section_no qode_elementor_container_no e-con e-child\" data-id=\"60a9bae\" data-element_type=\"container\" data-settings=\"{&quot;background_background&quot;:&quot;classic&quot;}\">\n\t\t\t\t<div class=\"elementor-element elementor-element-f0b8d83 elementor-widget elementor-widget-heading\" data-id=\"f0b8d83\" data-element_type=\"widget\" data-widget_type=\"heading.default\">\n\t\t\t\t<div class=\"elementor-widget-container\">\n\t\t\t\t\t<h5 class=\"elementor-heading-title elementor-size-default\">Descargue la aplicaci\u00f3n libby o visite el sitio web:<\/h5>\t\t\t\t<\/div>\n\t\t\t\t<\/div>\n\t\t\t\t<div class=\"elementor-element elementor-element-2801013 elementor-widget elementor-widget-text-editor\" data-id=\"2801013\" data-element_type=\"widget\" data-widget_type=\"text-editor.default\">\n\t\t\t\t<div class=\"elementor-widget-container\">\n\t\t\t\t\t\t\t\t\t<p><a href=\"https:\/\/meet.libbyapp.com\/\" target=\"_blank\" rel=\"noopener\"><strong>La aplicaci\u00f3n Libby de Overdrive<\/strong> <\/a>(disponible en dispositivos Android e iOS)<\/p><p><strong><a href=\"https:\/\/libbyapp.com\" target=\"_blank\" rel=\"noopener\">libbyapp.com<\/a><\/strong> (para cualquier usuario en una computadora Windows o Mac)<\/p>\t\t\t\t\t\t\t\t<\/div>\n\t\t\t\t<\/div>\n\t\t\t\t<div class=\"elementor-element elementor-element-4cfaea0 elementor-widget elementor-widget-text-editor\" data-id=\"4cfaea0\" data-element_type=\"widget\" data-widget_type=\"text-editor.default\">\n\t\t\t\t<div class=\"elementor-widget-container\">\n\t\t\t\t\t\t\t\t\t<ol><li>En el cuadro desplegable de selecci\u00f3n de biblioteca a la izquierda, elija \u201cTodos los usuarios (excepto CMC)\u201d y luego ingrese su n\u00famero de tarjeta de biblioteca y contrase\u00f1a.<\/li><li>Haga clic en iniciar sesi\u00f3n y comience a explorar los t\u00edtulos y servicios disponibles.<\/li><\/ol>\t\t\t\t\t\t\t\t<\/div>\n\t\t\t\t<\/div>\n\t\t\t\t<div class=\"elementor-element elementor-element-21759bc elementor-align-left elementor-mobile-align-center elementor-widget elementor-widget-button\" data-id=\"21759bc\" data-element_type=\"widget\" data-widget_type=\"button.default\">\n\t\t\t\t<div class=\"elementor-widget-container\">\n\t\t\t\t\t\t\t\t\t<div class=\"elementor-button-wrapper\">\n\t\t\t\t\t<a class=\"elementor-button elementor-button-link elementor-size-sm elementor-animation-shrink\" href=\"http:\/\/libbyapp.com\" target=\"_blank\">\n\t\t\t\t\t\t<span class=\"elementor-button-content-wrapper\">\n\t\t\t\t\t\t\t\t\t<span class=\"elementor-button-text\">Visita Libbyapp.com<\/span>\n\t\t\t\t\t<\/span>\n\t\t\t\t\t<\/a>\n\t\t\t\t<\/div>\n\t\t\t\t\t\t\t\t<\/div>\n\t\t\t\t<\/div>\n\t\t\t\t<div class=\"elementor-element elementor-element-a86408c elementor-widget elementor-widget-image\" data-id=\"a86408c\" data-element_type=\"widget\" data-widget_type=\"image.default\">\n\t\t\t\t<div class=\"elementor-widget-container\">\n\t\t\t\t\t\t\t\t\t\t\t\t\t\t\t\t<a href=\"https:\/\/libbyapp.com\/\" target=\"_blank\">\n\t\t\t\t\t\t\t<img decoding=\"async\" width=\"300\" height=\"394\" src=\"https:\/\/basaltlibrary.org\/wp-content\/uploads\/2025\/02\/Libby-Logo.png\" class=\"elementor-animation-shrink attachment-full size-full wp-image-17207\" alt=\"Libby Logo\" srcset=\"https:\/\/basaltlibrary.org\/wp-content\/uploads\/2025\/02\/Libby-Logo.png 300w, https:\/\/basaltlibrary.org\/wp-content\/uploads\/2025\/02\/Libby-Logo-228x300.png 228w\" sizes=\"(max-width: 300px) 100vw, 300px\" \/>\t\t\t\t\t\t\t\t<\/a>\n\t\t\t\t\t\t\t\t\t\t\t\t\t\t\t<\/div>\n\t\t\t\t<\/div>\n\t\t\t\t<\/div>\n\t\t\t\t<\/div>\n\t\t\t\t\t<\/div>\n\t\t\t\t<\/div>\n\t\t<div class=\"elementor-element elementor-element-235eef7 e-flex e-con-boxed parallax_section_no qode_elementor_container_no e-con e-parent\" data-id=\"235eef7\" data-element_type=\"container\" data-settings=\"{&quot;background_background&quot;:&quot;classic&quot;,&quot;shape_divider_bottom&quot;:&quot;triangle-asymmetrical&quot;,&quot;shape_divider_bottom_negative&quot;:&quot;yes&quot;,&quot;animation&quot;:&quot;none&quot;}\">\n\t\t\t\t\t<div class=\"e-con-inner\">\n\t\t\t\t<div class=\"elementor-shape elementor-shape-bottom\" aria-hidden=\"true\" data-negative=\"true\">\n\t\t\t<svg xmlns=\"http:\/\/www.w3.org\/2000\/svg\" viewbox=\"0 0 1000 100\" preserveaspectratio=\"none\">\n\t<path class=\"elementor-shape-fill\" d=\"M737.9,94.7L0,0v100h1000V0L737.9,94.7z\"\/>\n<\/svg>\t\t<\/div>\n\t\t<div class=\"elementor-element elementor-element-228e2e5 e-con-full e-flex parallax_section_no qode_elementor_container_no e-con e-child\" data-id=\"228e2e5\" data-element_type=\"container\">\n\t\t\t\t<div class=\"elementor-element elementor-element-bd41667 elementor-widget__width-inherit elementor-widget elementor-widget-heading\" data-id=\"bd41667\" data-element_type=\"widget\" data-widget_type=\"heading.default\">\n\t\t\t\t<div class=\"elementor-widget-container\">\n\t\t\t\t\t<h4 class=\"elementor-heading-title elementor-size-default\">Echa un vistazo a Kanopy Streaming Video<\/h4>\t\t\t\t<\/div>\n\t\t\t\t<\/div>\n\t\t\t\t<div class=\"elementor-element elementor-element-e41a48b elementor-widget elementor-widget-heading\" data-id=\"e41a48b\" data-element_type=\"widget\" data-widget_type=\"heading.default\">\n\t\t\t\t<div class=\"elementor-widget-container\">\n\t\t\t\t\t<h6 class=\"elementor-heading-title elementor-size-default\">\u00a1Kanopy exhibe m\u00e1s de 30.000 de las mejores pel\u00edculas del mundo!<\/h6>\t\t\t\t<\/div>\n\t\t\t\t<\/div>\n\t\t\t\t<\/div>\n\t\t<div class=\"elementor-element elementor-element-8f8a4d5 e-con-full e-flex parallax_section_no qode_elementor_container_no e-con e-child\" data-id=\"8f8a4d5\" data-element_type=\"container\">\n\t\t\t\t<div class=\"elementor-element elementor-element-224e469 elementor-widget elementor-widget-image\" data-id=\"224e469\" data-element_type=\"widget\" data-widget_type=\"image.default\">\n\t\t\t\t<div class=\"elementor-widget-container\">\n\t\t\t\t\t\t\t\t\t\t\t\t\t\t\t\t<a href=\"https:\/\/basaltlibrary.org\/es\/books-and-more\/kanopy\/\">\n\t\t\t\t\t\t\t<img decoding=\"async\" width=\"1920\" height=\"1080\" src=\"https:\/\/basaltlibrary.org\/wp-content\/uploads\/2025\/02\/Logo-Red.png\" class=\"attachment-full size-full wp-image-17206\" alt=\"Kanopy Logo\" srcset=\"https:\/\/basaltlibrary.org\/wp-content\/uploads\/2025\/02\/Logo-Red.png 1920w, https:\/\/basaltlibrary.org\/wp-content\/uploads\/2025\/02\/Logo-Red-300x169.png 300w, https:\/\/basaltlibrary.org\/wp-content\/uploads\/2025\/02\/Logo-Red-1024x576.png 1024w, https:\/\/basaltlibrary.org\/wp-content\/uploads\/2025\/02\/Logo-Red-768x432.png 768w, https:\/\/basaltlibrary.org\/wp-content\/uploads\/2025\/02\/Logo-Red-1536x864.png 1536w, https:\/\/basaltlibrary.org\/wp-content\/uploads\/2025\/02\/Logo-Red-700x394.png 700w, https:\/\/basaltlibrary.org\/wp-content\/uploads\/2025\/02\/Logo-Red-539x303.png 539w\" sizes=\"(max-width: 1920px) 100vw, 1920px\" \/>\t\t\t\t\t\t\t\t<\/a>\n\t\t\t\t\t\t\t\t\t\t\t\t\t\t\t<\/div>\n\t\t\t\t<\/div>\n\t\t\t\t<\/div>\n\t\t<div class=\"elementor-element elementor-element-b8a32cb e-con-full e-flex parallax_section_no qode_elementor_container_no e-con e-child\" data-id=\"b8a32cb\" data-element_type=\"container\">\n\t\t\t\t<div class=\"elementor-element elementor-element-0bf3ca5 elementor-align-right elementor-mobile-align-center elementor-widget elementor-widget-button\" data-id=\"0bf3ca5\" data-element_type=\"widget\" data-widget_type=\"button.default\">\n\t\t\t\t<div class=\"elementor-widget-container\">\n\t\t\t\t\t\t\t\t\t<div class=\"elementor-button-wrapper\">\n\t\t\t\t\t<a class=\"elementor-button elementor-button-link elementor-size-sm elementor-animation-shrink\" href=\"https:\/\/basaltlibrary.org\/es\/books-and-more\/kanopy\/\">\n\t\t\t\t\t\t<span class=\"elementor-button-content-wrapper\">\n\t\t\t\t\t\t\t\t\t<span class=\"elementor-button-text\">Obtenga m\u00e1s informaci\u00f3n sobre Kanopy<\/span>\n\t\t\t\t\t<\/span>\n\t\t\t\t\t<\/a>\n\t\t\t\t<\/div>\n\t\t\t\t\t\t\t\t<\/div>\n\t\t\t\t<\/div>\n\t\t\t\t<\/div>\n\t\t\t\t\t<\/div>\n\t\t\t\t<\/div>\n\t\t\t\t<\/div>","protected":false},"excerpt":{"rendered":"<p>Libros electr\u00f3nicos, audiolibros, revistas y m\u00e1s. Libby de OverDrive ofrece libros electr\u00f3nicos descargables (en diversos formatos), audiolibros, videos y revistas para dispositivos m\u00f3viles, lectores y computadoras. Incluso ofrece acceso a pel\u00edculas en streaming a trav\u00e9s de Kanopy y clases pr\u00e1cticas de manualidades a trav\u00e9s de Craftsy. \u00bfNecesitas ayuda?<\/p>","protected":false},"author":1,"featured_media":0,"parent":13269,"menu_order":1,"comment_status":"closed","ping_status":"closed","template":"elementor_header_footer","meta":{"_acf_changed":false,"footnotes":""},"class_list":["post-15757","page","type-page","status-publish","hentry"],"acf":[],"yoast_head":"<!-- This site is optimized with the Yoast SEO plugin v25.3 - https:\/\/yoast.com\/wordpress\/plugins\/seo\/ -->\n<title>Libby - Basalt Regional Library<\/title>\n<meta name=\"description\" content=\"Discover Basalt Regional Library - Libby - eBooks, Audio Books, \u200bMagazines &amp; More Libby by OverDrive offers downloadable eBooks (in a variety of formats), Audiobooks, videos and magazines for\" \/>\n<meta name=\"robots\" content=\"index, follow, max-snippet:-1, max-image-preview:large, max-video-preview:-1\" \/>\n<link rel=\"canonical\" href=\"https:\/\/basaltlibrary.org\/es\/books-and-more\/libby\/\" \/>\n<meta property=\"og:locale\" content=\"es_MX\" \/>\n<meta property=\"og:type\" content=\"article\" \/>\n<meta property=\"og:title\" content=\"Libby - Basalt Regional Library\" \/>\n<meta property=\"og:description\" content=\"Discover Basalt Regional Library - Libby - eBooks, Audio Books, \u200bMagazines &amp; More Libby by OverDrive offers downloadable eBooks (in a variety of formats), Audiobooks, videos and magazines for\" \/>\n<meta property=\"og:url\" content=\"https:\/\/basaltlibrary.org\/es\/books-and-more\/libby\/\" \/>\n<meta property=\"og:site_name\" content=\"Basalt Regional Library\" \/>\n<meta property=\"article:modified_time\" content=\"2025-03-24T23:25:56+00:00\" \/>\n<meta name=\"twitter:card\" content=\"summary_large_image\" \/>\n<meta name=\"twitter:label1\" content=\"Tiempo de lectura\" \/>\n\t<meta name=\"twitter:data1\" content=\"2 minutos\" \/>\n<script type=\"application\/ld+json\" class=\"yoast-schema-graph\">{\"@context\":\"https:\/\/schema.org\",\"@graph\":[{\"@type\":\"WebPage\",\"@id\":\"https:\/\/basaltlibrary.org\/books-and-more\/libby\/\",\"url\":\"https:\/\/basaltlibrary.org\/books-and-more\/libby\/\",\"name\":\"Libby - Basalt Regional Library\",\"isPartOf\":{\"@id\":\"https:\/\/basaltlibrary.org\/#website\"},\"datePublished\":\"2025-02-18T02:12:06+00:00\",\"dateModified\":\"2025-03-24T23:25:56+00:00\",\"description\":\"Discover Basalt Regional Library - Libby - eBooks, Audio Books, \u200bMagazines &amp; More Libby by OverDrive offers downloadable eBooks (in a variety of formats), Audiobooks, videos and magazines for\",\"breadcrumb\":{\"@id\":\"https:\/\/basaltlibrary.org\/books-and-more\/libby\/#breadcrumb\"},\"inLanguage\":\"es\",\"potentialAction\":[{\"@type\":\"ReadAction\",\"target\":[\"https:\/\/basaltlibrary.org\/books-and-more\/libby\/\"]}]},{\"@type\":\"BreadcrumbList\",\"@id\":\"https:\/\/basaltlibrary.org\/books-and-more\/libby\/#breadcrumb\",\"itemListElement\":[{\"@type\":\"ListItem\",\"position\":1,\"name\":\"Home\",\"item\":\"https:\/\/basaltlibrary.org\/\"},{\"@type\":\"ListItem\",\"position\":2,\"name\":\"Books and More\",\"item\":\"https:\/\/basaltlibrary.org\/es\/books-and-more\/\"},{\"@type\":\"ListItem\",\"position\":3,\"name\":\"Libby\"}]},{\"@type\":\"WebSite\",\"@id\":\"https:\/\/basaltlibrary.org\/#website\",\"url\":\"https:\/\/basaltlibrary.org\/\",\"name\":\"Basalt Regional Library\",\"description\":\"\",\"publisher\":{\"@id\":\"https:\/\/basaltlibrary.org\/#organization\"},\"potentialAction\":[{\"@type\":\"SearchAction\",\"target\":{\"@type\":\"EntryPoint\",\"urlTemplate\":\"https:\/\/basaltlibrary.org\/?s={search_term_string}\"},\"query-input\":{\"@type\":\"PropertyValueSpecification\",\"valueRequired\":true,\"valueName\":\"search_term_string\"}}],\"inLanguage\":\"es\"},{\"@type\":\"Organization\",\"@id\":\"https:\/\/basaltlibrary.org\/#organization\",\"name\":\"Basalt Regional Library\",\"url\":\"https:\/\/basaltlibrary.org\/\",\"logo\":{\"@type\":\"ImageObject\",\"inLanguage\":\"es\",\"@id\":\"https:\/\/basaltlibrary.org\/#\/schema\/logo\/image\/\",\"url\":\"https:\/\/basaltlibrary.org\/wp-content\/uploads\/2024\/12\/basaltlibrary-horzlogo-rgb.png\",\"contentUrl\":\"https:\/\/basaltlibrary.org\/wp-content\/uploads\/2024\/12\/basaltlibrary-horzlogo-rgb.png\",\"width\":236,\"height\":100,\"caption\":\"Basalt Regional Library\"},\"image\":{\"@id\":\"https:\/\/basaltlibrary.org\/#\/schema\/logo\/image\/\"}}]}<\/script>\n<!-- \/ Yoast SEO plugin. -->","yoast_head_json":{"title":"Libby - Biblioteca Regional de Basalt","description":"Descubra la Biblioteca Regional de Basalt - Libby - Libros electr\u00f3nicos, audiolibros, revistas y m\u00e1s Libby de OverDrive ofrece libros electr\u00f3nicos descargables (en una variedad de formatos), audiolibros, videos y revistas para","robots":{"index":"index","follow":"follow","max-snippet":"max-snippet:-1","max-image-preview":"max-image-preview:large","max-video-preview":"max-video-preview:-1"},"canonical":"https:\/\/basaltlibrary.org\/es\/books-and-more\/libby\/","og_locale":"es_MX","og_type":"article","og_title":"Libby - Basalt Regional Library","og_description":"Discover Basalt Regional Library - Libby - eBooks, Audio Books, \u200bMagazines &amp; More Libby by OverDrive offers downloadable eBooks (in a variety of formats), Audiobooks, videos and magazines for","og_url":"https:\/\/basaltlibrary.org\/es\/books-and-more\/libby\/","og_site_name":"Basalt Regional Library","article_modified_time":"2025-03-24T23:25:56+00:00","twitter_card":"summary_large_image","twitter_misc":{"Tiempo de lectura":"2 minutos"},"schema":{"@context":"https:\/\/schema.org","@graph":[{"@type":"WebPage","@id":"https:\/\/basaltlibrary.org\/books-and-more\/libby\/","url":"https:\/\/basaltlibrary.org\/books-and-more\/libby\/","name":"Libby - Biblioteca Regional de Basalt","isPartOf":{"@id":"https:\/\/basaltlibrary.org\/#website"},"datePublished":"2025-02-18T02:12:06+00:00","dateModified":"2025-03-24T23:25:56+00:00","description":"Descubra la Biblioteca Regional de Basalt - Libby - Libros electr\u00f3nicos, audiolibros, revistas y m\u00e1s Libby de OverDrive ofrece libros electr\u00f3nicos descargables (en una variedad de formatos), audiolibros, videos y revistas para","breadcrumb":{"@id":"https:\/\/basaltlibrary.org\/books-and-more\/libby\/#breadcrumb"},"inLanguage":"es","potentialAction":[{"@type":"ReadAction","target":["https:\/\/basaltlibrary.org\/books-and-more\/libby\/"]}]},{"@type":"BreadcrumbList","@id":"https:\/\/basaltlibrary.org\/books-and-more\/libby\/#breadcrumb","itemListElement":[{"@type":"ListItem","position":1,"name":"Home","item":"https:\/\/basaltlibrary.org\/"},{"@type":"ListItem","position":2,"name":"Books and More","item":"https:\/\/basaltlibrary.org\/es\/books-and-more\/"},{"@type":"ListItem","position":3,"name":"Libby"}]},{"@type":"WebSite","@id":"https:\/\/basaltlibrary.org\/#website","url":"https:\/\/basaltlibrary.org\/","name":"Biblioteca Regional de Basalt","description":"","publisher":{"@id":"https:\/\/basaltlibrary.org\/#organization"},"potentialAction":[{"@type":"SearchAction","target":{"@type":"EntryPoint","urlTemplate":"https:\/\/basaltlibrary.org\/?s={search_term_string}"},"query-input":{"@type":"PropertyValueSpecification","valueRequired":true,"valueName":"search_term_string"}}],"inLanguage":"es"},{"@type":"Organization","@id":"https:\/\/basaltlibrary.org\/#organization","name":"Biblioteca Regional de Basalt","url":"https:\/\/basaltlibrary.org\/","logo":{"@type":"ImageObject","inLanguage":"es","@id":"https:\/\/basaltlibrary.org\/#\/schema\/logo\/image\/","url":"https:\/\/basaltlibrary.org\/wp-content\/uploads\/2024\/12\/basaltlibrary-horzlogo-rgb.png","contentUrl":"https:\/\/basaltlibrary.org\/wp-content\/uploads\/2024\/12\/basaltlibrary-horzlogo-rgb.png","width":236,"height":100,"caption":"Basalt Regional Library"},"image":{"@id":"https:\/\/basaltlibrary.org\/#\/schema\/logo\/image\/"}}]}},"_links":{"self":[{"href":"https:\/\/basaltlibrary.org\/es\/wp-json\/wp\/v2\/pages\/15757","targetHints":{"allow":["GET"]}}],"collection":[{"href":"https:\/\/basaltlibrary.org\/es\/wp-json\/wp\/v2\/pages"}],"about":[{"href":"https:\/\/basaltlibrary.org\/es\/wp-json\/wp\/v2\/types\/page"}],"author":[{"embeddable":true,"href":"https:\/\/basaltlibrary.org\/es\/wp-json\/wp\/v2\/users\/1"}],"replies":[{"embeddable":true,"href":"https:\/\/basaltlibrary.org\/es\/wp-json\/wp\/v2\/comments?post=15757"}],"version-history":[{"count":0,"href":"https:\/\/basaltlibrary.org\/es\/wp-json\/wp\/v2\/pages\/15757\/revisions"}],"up":[{"embeddable":true,"href":"https:\/\/basaltlibrary.org\/es\/wp-json\/wp\/v2\/pages\/13269"}],"wp:attachment":[{"href":"https:\/\/basaltlibrary.org\/es\/wp-json\/wp\/v2\/media?parent=15757"}],"curies":[{"name":"gracias","href":"https:\/\/api.w.org\/{rel}","templated":true}]}}