{"id":15761,"date":"2025-02-18T02:13:23","date_gmt":"2025-02-18T02:13:23","guid":{"rendered":"https:\/\/wordpress-851390-5078961.cloudwaysapps.com\/?page_id=15761"},"modified":"2025-04-14T17:57:04","modified_gmt":"2025-04-14T17:57:04","slug":"imagination-library","status":"publish","type":"page","link":"https:\/\/basaltlibrary.org\/es\/books-and-more\/imagination-library\/","title":{"rendered":"Biblioteca de la imaginaci\u00f3n"},"content":{"rendered":"<div data-elementor-type=\"wp-page\" data-elementor-id=\"15761\" class=\"elementor elementor-15761\" data-elementor-post-type=\"page\">\n\t\t\t\t<div class=\"elementor-element elementor-element-8d69acc e-flex e-con-boxed parallax_section_no qode_elementor_container_no e-con e-parent\" data-id=\"8d69acc\" data-element_type=\"container\" data-settings=\"{&quot;background_background&quot;:&quot;classic&quot;,&quot;animation&quot;:&quot;none&quot;,&quot;shape_divider_bottom&quot;:&quot;triangle-asymmetrical&quot;,&quot;shape_divider_bottom_negative&quot;:&quot;yes&quot;}\">\n\t\t\t\t\t<div class=\"e-con-inner\">\n\t\t\t\t<div class=\"elementor-shape elementor-shape-bottom\" aria-hidden=\"true\" data-negative=\"true\">\n\t\t\t<svg xmlns=\"http:\/\/www.w3.org\/2000\/svg\" viewbox=\"0 0 1000 100\" preserveaspectratio=\"none\">\n\t<path class=\"elementor-shape-fill\" d=\"M737.9,94.7L0,0v100h1000V0L737.9,94.7z\"\/>\n<\/svg>\t\t<\/div>\n\t\t\t\t<div class=\"elementor-element elementor-element-8f5c8e4 elementor-align-left elementor-widget elementor-widget-breadcrumbs\" data-id=\"8f5c8e4\" data-element_type=\"widget\" data-widget_type=\"breadcrumbs.default\">\n\t\t\t\t<div class=\"elementor-widget-container\">\n\t\t\t\t\t<div id=\"breadcrumbs\"><span><span><a href=\"https:\/\/basaltlibrary.org\/es\/\">Hogar<\/a><\/span><\/span><\/div>\t\t\t\t<\/div>\n\t\t\t\t<\/div>\n\t\t\t\t\t<\/div>\n\t\t\t\t<\/div>\n\t\t<div class=\"elementor-element elementor-element-3f50811 e-flex e-con-boxed parallax_section_no qode_elementor_container_no e-con e-parent\" data-id=\"3f50811\" data-element_type=\"container\" data-settings=\"{&quot;background_background&quot;:&quot;classic&quot;,&quot;background_motion_fx_motion_fx_scrolling&quot;:&quot;yes&quot;,&quot;background_motion_fx_devices&quot;:[&quot;desktop&quot;,&quot;tablet&quot;,&quot;mobile&quot;]}\">\n\t\t\t\t\t<div class=\"e-con-inner\">\n\t\t<div class=\"elementor-element elementor-element-27d7e01 e-con-full e-flex parallax_section_no qode_elementor_container_no e-con e-child\" data-id=\"27d7e01\" data-element_type=\"container\" data-settings=\"{&quot;background_background&quot;:&quot;classic&quot;}\">\n\t\t\t\t<div class=\"elementor-element elementor-element-fc867b3 elementor-widget elementor-widget-heading\" data-id=\"fc867b3\" data-element_type=\"widget\" data-widget_type=\"heading.default\">\n\t\t\t\t<div class=\"elementor-widget-container\">\n\t\t\t\t\t<h4 class=\"elementor-heading-title elementor-size-default\">\u00a1Inscribe a tu hijo para recibir libros gratis mensuales!<\/h4>\t\t\t\t<\/div>\n\t\t\t\t<\/div>\n\t\t<div class=\"elementor-element elementor-element-507d882 e-con-full e-flex parallax_section_no qode_elementor_container_no e-con e-child\" data-id=\"507d882\" data-element_type=\"container\">\n\t\t<div class=\"elementor-element elementor-element-e8fcc73 e-con-full e-flex parallax_section_no qode_elementor_container_no e-con e-child\" data-id=\"e8fcc73\" data-element_type=\"container\">\n\t\t\t\t<div class=\"elementor-element elementor-element-c57c371 elementor-widget elementor-widget-text-editor\" data-id=\"c57c371\" data-element_type=\"widget\" data-widget_type=\"text-editor.default\">\n\t\t\t\t<div class=\"elementor-widget-container\">\n\t\t\t\t\t\t\t\t\t<p>Inspira el amor por la lectura en tu hijo con la Biblioteca de la Imaginaci\u00f3n de Dolly Parton. Si tienes un hijo de 0 a 5 a\u00f1os, reg\u00edstralo hoy mismo para recibir libros gratis cada mes.<\/p><p><strong>C\u00f3mo funciona:<\/strong><\/p><ul><li>Inscribe a tu hijo<\/li><li>En 6 a 8 semanas, su hijo recibir\u00e1 su primer libro por correo: \u201cLa peque\u00f1a locomotora que s\u00ed pudo\u201d.<\/li><li>Los libros llegan por correo mensualmente hasta el quinto cumplea\u00f1os de su hijo.<\/li><\/ul>\t\t\t\t\t\t\t\t<\/div>\n\t\t\t\t<\/div>\n\t\t\t\t<\/div>\n\t\t<div class=\"elementor-element elementor-element-b861363 e-con-full e-flex parallax_section_no qode_elementor_container_no e-con e-child\" data-id=\"b861363\" data-element_type=\"container\">\n\t\t\t\t<div class=\"elementor-element elementor-element-81ef73b elementor-widget elementor-widget-image\" data-id=\"81ef73b\" data-element_type=\"widget\" data-widget_type=\"image.default\">\n\t\t\t\t<div class=\"elementor-widget-container\">\n\t\t\t\t\t\t\t\t\t\t\t\t\t\t\t<img fetchpriority=\"high\" decoding=\"async\" width=\"1024\" height=\"920\" src=\"https:\/\/basaltlibrary.org\/wp-content\/uploads\/2025\/02\/NeverEnoughBooks-Color-1024x920.png\" class=\"attachment-large size-large wp-image-17358\" alt=\"\" srcset=\"https:\/\/basaltlibrary.org\/wp-content\/uploads\/2025\/02\/NeverEnoughBooks-Color-1024x920.png 1024w, https:\/\/basaltlibrary.org\/wp-content\/uploads\/2025\/02\/NeverEnoughBooks-Color-300x269.png 300w, https:\/\/basaltlibrary.org\/wp-content\/uploads\/2025\/02\/NeverEnoughBooks-Color-768x690.png 768w, https:\/\/basaltlibrary.org\/wp-content\/uploads\/2025\/02\/NeverEnoughBooks-Color-1536x1379.png 1536w, https:\/\/basaltlibrary.org\/wp-content\/uploads\/2025\/02\/NeverEnoughBooks-Color-2048x1839.png 2048w, https:\/\/basaltlibrary.org\/wp-content\/uploads\/2025\/02\/NeverEnoughBooks-Color-700x629.png 700w\" sizes=\"(max-width: 1024px) 100vw, 1024px\" \/>\t\t\t\t\t\t\t\t\t\t\t\t\t\t\t<\/div>\n\t\t\t\t<\/div>\n\t\t\t\t<\/div>\n\t\t\t\t<\/div>\n\t\t\t\t<div class=\"elementor-element elementor-element-62047d6 elementor-mobile-align-center elementor-widget elementor-widget-button\" data-id=\"62047d6\" data-element_type=\"widget\" data-widget_type=\"button.default\">\n\t\t\t\t<div class=\"elementor-widget-container\">\n\t\t\t\t\t\t\t\t\t<div class=\"elementor-button-wrapper\">\n\t\t\t\t\t<a class=\"elementor-button elementor-button-link elementor-size-sm elementor-animation-shrink\" href=\"https:\/\/imaginationlibrary.com\/usa\/affiliate\/COBASALT\/?chkAvalAddressData=eyJjYWxsYmFjayI6dHJ1ZSwiYWRkcmVzcyI6eyJjb3VudHJ5IjoiVVMiLCJ6aXAiOiI4MTYyMSIsInN0YXRlIjoiQ08iLCJjaXR5IjoiQmFzYWx0IiwiY291bnR5IjoiRWFnbGUiLCJzdHJlZXQiOiIifX0%3D\" target=\"_blank\">\n\t\t\t\t\t\t<span class=\"elementor-button-content-wrapper\">\n\t\t\t\t\t\t\t\t\t<span class=\"elementor-button-text\">\u00a1Inscribe a tu hijo ahora!<\/span>\n\t\t\t\t\t<\/span>\n\t\t\t\t\t<\/a>\n\t\t\t\t<\/div>\n\t\t\t\t\t\t\t\t<\/div>\n\t\t\t\t<\/div>\n\t\t\t\t<\/div>\n\t\t<div class=\"elementor-element elementor-element-2b452f0 e-con-full e-flex parallax_section_no qode_elementor_container_no e-con e-child\" data-id=\"2b452f0\" data-element_type=\"container\">\n\t\t\t\t<div class=\"elementor-element elementor-element-f641dcb elementor-widget elementor-widget-image\" data-id=\"f641dcb\" data-element_type=\"widget\" data-widget_type=\"image.default\">\n\t\t\t\t<div class=\"elementor-widget-container\">\n\t\t\t\t\t\t\t\t\t\t\t\t\t\t\t<img decoding=\"async\" width=\"800\" height=\"600\" src=\"https:\/\/basaltlibrary.org\/wp-content\/uploads\/2025\/02\/2024_usa_image_welcome-book_web.jpg\" class=\"attachment-full size-full wp-image-17059\" alt=\"&quot;The Little Engine that could&quot; Book from Dolly Parton&#039;s Imagination Library\" srcset=\"https:\/\/basaltlibrary.org\/wp-content\/uploads\/2025\/02\/2024_usa_image_welcome-book_web.jpg 800w, https:\/\/basaltlibrary.org\/wp-content\/uploads\/2025\/02\/2024_usa_image_welcome-book_web-300x225.jpg 300w, https:\/\/basaltlibrary.org\/wp-content\/uploads\/2025\/02\/2024_usa_image_welcome-book_web-768x576.jpg 768w, https:\/\/basaltlibrary.org\/wp-content\/uploads\/2025\/02\/2024_usa_image_welcome-book_web-700x525.jpg 700w\" sizes=\"(max-width: 800px) 100vw, 800px\" \/>\t\t\t\t\t\t\t\t\t\t\t\t\t\t\t<\/div>\n\t\t\t\t<\/div>\n\t\t\t\t<\/div>\n\t\t\t\t\t<\/div>\n\t\t\t\t<\/div>\n\t\t\t\t<\/div>","protected":false},"excerpt":{"rendered":"<p>\u00a1Inscribe a tu hijo\/a para recibir libros gratis cada mes! Inspira el amor por la lectura en tu hijo\/a con la Biblioteca de la Imaginaci\u00f3n de Dolly Parton. Si tienes un\/a hijo\/a de 0 a 5 a\u00f1os, inscr\u00edbelo\/a hoy mismo para recibir libros gratis cada mes. C\u00f3mo funciona: Inscribe a tu hijo\/a. En 6-8 semanas, tu hijo\/a\u2026<\/p>","protected":false},"author":1,"featured_media":0,"parent":13269,"menu_order":4,"comment_status":"closed","ping_status":"closed","template":"elementor_header_footer","meta":{"_acf_changed":false,"footnotes":""},"class_list":["post-15761","page","type-page","status-publish","hentry"],"acf":[],"yoast_head":"<!-- This site is optimized with the Yoast SEO plugin v25.3 - https:\/\/yoast.com\/wordpress\/plugins\/seo\/ -->\n<title>Imagination Library - Basalt Regional Library<\/title>\n<meta name=\"description\" content=\"Discover Basalt Regional Library - Imagination Library - Enroll your child for free monthly books! Inspire your child&#039;s love of reading with Dolly Parton&#039;s Imagination Library. If you have a child from 0-5 years\" \/>\n<meta name=\"robots\" content=\"index, follow, max-snippet:-1, max-image-preview:large, max-video-preview:-1\" \/>\n<link rel=\"canonical\" href=\"https:\/\/basaltlibrary.org\/es\/books-and-more\/imagination-library\/\" \/>\n<meta property=\"og:locale\" content=\"es_MX\" \/>\n<meta property=\"og:type\" content=\"article\" \/>\n<meta property=\"og:title\" content=\"Imagination Library - Basalt Regional Library\" \/>\n<meta property=\"og:description\" content=\"Discover Basalt Regional Library - Imagination Library - Enroll your child for free monthly books! Inspire your child&#039;s love of reading with Dolly Parton&#039;s Imagination Library. If you have a child from 0-5 years\" \/>\n<meta property=\"og:url\" content=\"https:\/\/basaltlibrary.org\/es\/books-and-more\/imagination-library\/\" \/>\n<meta property=\"og:site_name\" content=\"Basalt Regional Library\" \/>\n<meta property=\"article:modified_time\" content=\"2025-04-14T17:57:04+00:00\" \/>\n<meta name=\"twitter:card\" content=\"summary_large_image\" \/>\n<meta name=\"twitter:label1\" content=\"Tiempo de lectura\" \/>\n\t<meta name=\"twitter:data1\" content=\"1 minuto\" \/>\n<script type=\"application\/ld+json\" class=\"yoast-schema-graph\">{\"@context\":\"https:\/\/schema.org\",\"@graph\":[{\"@type\":\"WebPage\",\"@id\":\"https:\/\/basaltlibrary.org\/books-and-more\/imagination-library\/\",\"url\":\"https:\/\/basaltlibrary.org\/books-and-more\/imagination-library\/\",\"name\":\"Imagination Library - Basalt Regional Library\",\"isPartOf\":{\"@id\":\"https:\/\/basaltlibrary.org\/#website\"},\"datePublished\":\"2025-02-18T02:13:23+00:00\",\"dateModified\":\"2025-04-14T17:57:04+00:00\",\"description\":\"Discover Basalt Regional Library - Imagination Library - Enroll your child for free monthly books! Inspire your child's love of reading with Dolly Parton's Imagination Library. If you have a child from 0-5 years\",\"breadcrumb\":{\"@id\":\"https:\/\/basaltlibrary.org\/books-and-more\/imagination-library\/#breadcrumb\"},\"inLanguage\":\"es\",\"potentialAction\":[{\"@type\":\"ReadAction\",\"target\":[\"https:\/\/basaltlibrary.org\/books-and-more\/imagination-library\/\"]}]},{\"@type\":\"BreadcrumbList\",\"@id\":\"https:\/\/basaltlibrary.org\/books-and-more\/imagination-library\/#breadcrumb\",\"itemListElement\":[{\"@type\":\"ListItem\",\"position\":1,\"name\":\"Home\",\"item\":\"https:\/\/basaltlibrary.org\/\"},{\"@type\":\"ListItem\",\"position\":2,\"name\":\"Books and More\",\"item\":\"https:\/\/basaltlibrary.org\/es\/books-and-more\/\"},{\"@type\":\"ListItem\",\"position\":3,\"name\":\"Imagination Library\"}]},{\"@type\":\"WebSite\",\"@id\":\"https:\/\/basaltlibrary.org\/#website\",\"url\":\"https:\/\/basaltlibrary.org\/\",\"name\":\"Basalt Regional Library\",\"description\":\"\",\"publisher\":{\"@id\":\"https:\/\/basaltlibrary.org\/#organization\"},\"potentialAction\":[{\"@type\":\"SearchAction\",\"target\":{\"@type\":\"EntryPoint\",\"urlTemplate\":\"https:\/\/basaltlibrary.org\/?s={search_term_string}\"},\"query-input\":{\"@type\":\"PropertyValueSpecification\",\"valueRequired\":true,\"valueName\":\"search_term_string\"}}],\"inLanguage\":\"es\"},{\"@type\":\"Organization\",\"@id\":\"https:\/\/basaltlibrary.org\/#organization\",\"name\":\"Basalt Regional Library\",\"url\":\"https:\/\/basaltlibrary.org\/\",\"logo\":{\"@type\":\"ImageObject\",\"inLanguage\":\"es\",\"@id\":\"https:\/\/basaltlibrary.org\/#\/schema\/logo\/image\/\",\"url\":\"https:\/\/basaltlibrary.org\/wp-content\/uploads\/2024\/12\/basaltlibrary-horzlogo-rgb.png\",\"contentUrl\":\"https:\/\/basaltlibrary.org\/wp-content\/uploads\/2024\/12\/basaltlibrary-horzlogo-rgb.png\",\"width\":236,\"height\":100,\"caption\":\"Basalt Regional Library\"},\"image\":{\"@id\":\"https:\/\/basaltlibrary.org\/#\/schema\/logo\/image\/\"}}]}<\/script>\n<!-- \/ Yoast SEO plugin. -->","yoast_head_json":{"title":"Biblioteca de la Imaginaci\u00f3n - Biblioteca Regional de Basalt","description":"Descubra la Biblioteca Regional de Basalt - Biblioteca de la Imaginaci\u00f3n - \u00a1Inscriba a su hijo\/a para recibir libros gratis cada mes! Inspire el amor por la lectura en su hijo\/a con la Biblioteca de la Imaginaci\u00f3n de Dolly Parton. Si tiene un\/a hijo\/a de 0 a 5 a\u00f1os...","robots":{"index":"index","follow":"follow","max-snippet":"max-snippet:-1","max-image-preview":"max-image-preview:large","max-video-preview":"max-video-preview:-1"},"canonical":"https:\/\/basaltlibrary.org\/es\/books-and-more\/imagination-library\/","og_locale":"es_MX","og_type":"article","og_title":"Imagination Library - Basalt Regional Library","og_description":"Discover Basalt Regional Library - Imagination Library - Enroll your child for free monthly books! Inspire your child's love of reading with Dolly Parton's Imagination Library. If you have a child from 0-5 years","og_url":"https:\/\/basaltlibrary.org\/es\/books-and-more\/imagination-library\/","og_site_name":"Basalt Regional Library","article_modified_time":"2025-04-14T17:57:04+00:00","twitter_card":"summary_large_image","twitter_misc":{"Tiempo de lectura":"1 minuto"},"schema":{"@context":"https:\/\/schema.org","@graph":[{"@type":"WebPage","@id":"https:\/\/basaltlibrary.org\/books-and-more\/imagination-library\/","url":"https:\/\/basaltlibrary.org\/books-and-more\/imagination-library\/","name":"Biblioteca de la Imaginaci\u00f3n - Biblioteca Regional de Basalt","isPartOf":{"@id":"https:\/\/basaltlibrary.org\/#website"},"datePublished":"2025-02-18T02:13:23+00:00","dateModified":"2025-04-14T17:57:04+00:00","description":"Descubra la Biblioteca Regional de Basalt - Biblioteca de la Imaginaci\u00f3n - \u00a1Inscriba a su hijo\/a para recibir libros gratis cada mes! Inspire el amor por la lectura en su hijo\/a con la Biblioteca de la Imaginaci\u00f3n de Dolly Parton. Si tiene un\/a hijo\/a de 0 a 5 a\u00f1os...","breadcrumb":{"@id":"https:\/\/basaltlibrary.org\/books-and-more\/imagination-library\/#breadcrumb"},"inLanguage":"es","potentialAction":[{"@type":"ReadAction","target":["https:\/\/basaltlibrary.org\/books-and-more\/imagination-library\/"]}]},{"@type":"BreadcrumbList","@id":"https:\/\/basaltlibrary.org\/books-and-more\/imagination-library\/#breadcrumb","itemListElement":[{"@type":"ListItem","position":1,"name":"Home","item":"https:\/\/basaltlibrary.org\/"},{"@type":"ListItem","position":2,"name":"Books and More","item":"https:\/\/basaltlibrary.org\/es\/books-and-more\/"},{"@type":"ListItem","position":3,"name":"Imagination Library"}]},{"@type":"WebSite","@id":"https:\/\/basaltlibrary.org\/#website","url":"https:\/\/basaltlibrary.org\/","name":"Biblioteca Regional de Basalt","description":"","publisher":{"@id":"https:\/\/basaltlibrary.org\/#organization"},"potentialAction":[{"@type":"SearchAction","target":{"@type":"EntryPoint","urlTemplate":"https:\/\/basaltlibrary.org\/?s={search_term_string}"},"query-input":{"@type":"PropertyValueSpecification","valueRequired":true,"valueName":"search_term_string"}}],"inLanguage":"es"},{"@type":"Organization","@id":"https:\/\/basaltlibrary.org\/#organization","name":"Biblioteca Regional de Basalt","url":"https:\/\/basaltlibrary.org\/","logo":{"@type":"ImageObject","inLanguage":"es","@id":"https:\/\/basaltlibrary.org\/#\/schema\/logo\/image\/","url":"https:\/\/basaltlibrary.org\/wp-content\/uploads\/2024\/12\/basaltlibrary-horzlogo-rgb.png","contentUrl":"https:\/\/basaltlibrary.org\/wp-content\/uploads\/2024\/12\/basaltlibrary-horzlogo-rgb.png","width":236,"height":100,"caption":"Basalt Regional Library"},"image":{"@id":"https:\/\/basaltlibrary.org\/#\/schema\/logo\/image\/"}}]}},"_links":{"self":[{"href":"https:\/\/basaltlibrary.org\/es\/wp-json\/wp\/v2\/pages\/15761","targetHints":{"allow":["GET"]}}],"collection":[{"href":"https:\/\/basaltlibrary.org\/es\/wp-json\/wp\/v2\/pages"}],"about":[{"href":"https:\/\/basaltlibrary.org\/es\/wp-json\/wp\/v2\/types\/page"}],"author":[{"embeddable":true,"href":"https:\/\/basaltlibrary.org\/es\/wp-json\/wp\/v2\/users\/1"}],"replies":[{"embeddable":true,"href":"https:\/\/basaltlibrary.org\/es\/wp-json\/wp\/v2\/comments?post=15761"}],"version-history":[{"count":0,"href":"https:\/\/basaltlibrary.org\/es\/wp-json\/wp\/v2\/pages\/15761\/revisions"}],"up":[{"embeddable":true,"href":"https:\/\/basaltlibrary.org\/es\/wp-json\/wp\/v2\/pages\/13269"}],"wp:attachment":[{"href":"https:\/\/basaltlibrary.org\/es\/wp-json\/wp\/v2\/media?parent=15761"}],"curies":[{"name":"gracias","href":"https:\/\/api.w.org\/{rel}","templated":true}]}}