{"id":15762,"date":"2025-02-18T02:14:14","date_gmt":"2025-02-18T02:14:14","guid":{"rendered":"https:\/\/wordpress-851390-5078961.cloudwaysapps.com\/?page_id=15762"},"modified":"2025-04-14T16:55:39","modified_gmt":"2025-04-14T16:55:39","slug":"lingopie","status":"publish","type":"page","link":"https:\/\/basaltlibrary.org\/es\/books-and-more\/lingopie\/","title":{"rendered":"Lingopie"},"content":{"rendered":"<div data-elementor-type=\"wp-page\" data-elementor-id=\"15762\" class=\"elementor elementor-15762\" data-elementor-post-type=\"page\">\n\t\t\t\t<div class=\"elementor-element elementor-element-741ea07 e-flex e-con-boxed parallax_section_no qode_elementor_container_no e-con e-parent\" data-id=\"741ea07\" data-element_type=\"container\" data-settings=\"{&quot;background_background&quot;:&quot;classic&quot;,&quot;animation&quot;:&quot;none&quot;,&quot;shape_divider_bottom&quot;:&quot;triangle-asymmetrical&quot;,&quot;shape_divider_bottom_negative&quot;:&quot;yes&quot;}\">\n\t\t\t\t\t<div class=\"e-con-inner\">\n\t\t\t\t<div class=\"elementor-shape elementor-shape-bottom\" aria-hidden=\"true\" data-negative=\"true\">\n\t\t\t<svg xmlns=\"http:\/\/www.w3.org\/2000\/svg\" viewbox=\"0 0 1000 100\" preserveaspectratio=\"none\">\n\t<path class=\"elementor-shape-fill\" d=\"M737.9,94.7L0,0v100h1000V0L737.9,94.7z\"\/>\n<\/svg>\t\t<\/div>\n\t\t\t\t<div class=\"elementor-element elementor-element-89ab734 elementor-align-left elementor-widget elementor-widget-breadcrumbs\" data-id=\"89ab734\" data-element_type=\"widget\" data-widget_type=\"breadcrumbs.default\">\n\t\t\t\t<div class=\"elementor-widget-container\">\n\t\t\t\t\t<div id=\"breadcrumbs\"><span><span><a href=\"https:\/\/basaltlibrary.org\/es\/\">Hogar<\/a><\/span><\/span><\/div>\t\t\t\t<\/div>\n\t\t\t\t<\/div>\n\t\t\t\t\t<\/div>\n\t\t\t\t<\/div>\n\t\t<div class=\"elementor-element elementor-element-69ffd29 e-flex e-con-boxed parallax_section_no qode_elementor_container_no e-con e-parent\" data-id=\"69ffd29\" data-element_type=\"container\" data-settings=\"{&quot;background_background&quot;:&quot;classic&quot;,&quot;background_motion_fx_motion_fx_scrolling&quot;:&quot;yes&quot;,&quot;background_motion_fx_devices&quot;:[&quot;desktop&quot;,&quot;tablet&quot;,&quot;mobile&quot;]}\">\n\t\t\t\t\t<div class=\"e-con-inner\">\n\t\t<div class=\"elementor-element elementor-element-c9e62b1 e-con-full e-flex parallax_section_no qode_elementor_container_no e-con e-child\" data-id=\"c9e62b1\" data-element_type=\"container\">\n\t\t\t\t<div class=\"elementor-element elementor-element-04e7b95 elementor-widget elementor-widget-heading\" data-id=\"04e7b95\" data-element_type=\"widget\" data-widget_type=\"heading.default\">\n\t\t\t\t<div class=\"elementor-widget-container\">\n\t\t\t\t\t<h4 class=\"elementor-heading-title elementor-size-default\"> \u00a1Aprender un idioma ahora por fin merece la pena!<\/h4>\t\t\t\t<\/div>\n\t\t\t\t<\/div>\n\t\t\t\t<div class=\"elementor-element elementor-element-2512ae2 elementor-widget elementor-widget-text-editor\" data-id=\"2512ae2\" data-element_type=\"widget\" data-widget_type=\"text-editor.default\">\n\t\t\t\t<div class=\"elementor-widget-container\">\n\t\t\t\t\t\t\t\t\t<p>Aprender un nuevo idioma ya no tiene por qu\u00e9 ser una tarea ardua. La plataforma en l\u00ednea de Lingopie combina miles de series y pel\u00edculas reales con herramientas integradas que convierten cada episodio en divertidas lecciones de idiomas que realmente funcionan. Crea una cuenta GRATUITA a trav\u00e9s de la biblioteca y obt\u00e9n acceso ilimitado a m\u00e1s de 3000 t\u00edtulos internacionales desde cualquier lugar y dispositivo. Disponible en la web, apps para iOS y Android, y televisores inteligentes compatibles con Android.<\/p>\t\t\t\t\t\t\t\t<\/div>\n\t\t\t\t<\/div>\n\t\t\t\t<div class=\"elementor-element elementor-element-8e58ed1 elementor-widget elementor-widget-image\" data-id=\"8e58ed1\" data-element_type=\"widget\" data-widget_type=\"image.default\">\n\t\t\t\t<div class=\"elementor-widget-container\">\n\t\t\t\t\t\t\t\t\t\t\t\t\t\t\t\t<a href=\"https:\/\/lingopie.com\/app\/registration\/library?uuid=61d6cdff-0e49-452a-9e04-bf60ef83e16e\" target=\"_blank\">\n\t\t\t\t\t\t\t<img fetchpriority=\"high\" decoding=\"async\" width=\"1100\" height=\"620\" src=\"https:\/\/basaltlibrary.org\/wp-content\/uploads\/2025\/02\/16.jpg\" class=\"attachment-full size-full wp-image-17242\" alt=\"Lingopie Banner promoting learning a new language using a computer and real tv!\" srcset=\"https:\/\/basaltlibrary.org\/wp-content\/uploads\/2025\/02\/16.jpg 1100w, https:\/\/basaltlibrary.org\/wp-content\/uploads\/2025\/02\/16-300x169.jpg 300w, https:\/\/basaltlibrary.org\/wp-content\/uploads\/2025\/02\/16-1024x577.jpg 1024w, https:\/\/basaltlibrary.org\/wp-content\/uploads\/2025\/02\/16-768x433.jpg 768w, https:\/\/basaltlibrary.org\/wp-content\/uploads\/2025\/02\/16-700x395.jpg 700w, https:\/\/basaltlibrary.org\/wp-content\/uploads\/2025\/02\/16-539x303.jpg 539w\" sizes=\"(max-width: 1100px) 100vw, 1100px\" \/>\t\t\t\t\t\t\t\t<\/a>\n\t\t\t\t\t\t\t\t\t\t\t\t\t\t\t<\/div>\n\t\t\t\t<\/div>\n\t\t\t\t<\/div>\n\t\t<div class=\"elementor-element elementor-element-cc4a4fc e-con-full e-flex parallax_section_no qode_elementor_container_no e-con e-child\" data-id=\"cc4a4fc\" data-element_type=\"container\" data-settings=\"{&quot;background_background&quot;:&quot;classic&quot;}\">\n\t\t<div class=\"elementor-element elementor-element-cda5ef0 e-con-full e-flex parallax_section_no qode_elementor_container_no e-con e-child\" data-id=\"cda5ef0\" data-element_type=\"container\" data-settings=\"{&quot;background_background&quot;:&quot;classic&quot;}\">\n\t\t\t\t<div class=\"elementor-element elementor-element-3fea24d elementor-widget elementor-widget-heading\" data-id=\"3fea24d\" data-element_type=\"widget\" data-widget_type=\"heading.default\">\n\t\t\t\t<div class=\"elementor-widget-container\">\n\t\t\t\t\t<h5 class=\"elementor-heading-title elementor-size-default\"> Disponible en la web, aplicaciones de iOS y Android y televisores inteligentes compatibles con Android.<\/h5>\t\t\t\t<\/div>\n\t\t\t\t<\/div>\n\t\t\t\t<div class=\"elementor-element elementor-element-eff004f elementor-widget elementor-widget-text-editor\" data-id=\"eff004f\" data-element_type=\"widget\" data-widget_type=\"text-editor.default\">\n\t\t\t\t<div class=\"elementor-widget-container\">\n\t\t\t\t\t\t\t\t\t<p>\u00a1Reg\u00edstrese con su tarjeta de la biblioteca de Basalt para comenzar a aprender hoy mismo!<\/p>\t\t\t\t\t\t\t\t<\/div>\n\t\t\t\t<\/div>\n\t\t\t\t<div class=\"elementor-element elementor-element-4176bc2 elementor-widget elementor-widget-image\" data-id=\"4176bc2\" data-element_type=\"widget\" data-widget_type=\"image.default\">\n\t\t\t\t<div class=\"elementor-widget-container\">\n\t\t\t\t\t\t\t\t\t\t\t\t\t\t\t\t<a href=\"https:\/\/lingopie.com\/app\/registration\/library?uuid=61d6cdff-0e49-452a-9e04-bf60ef83e16e\" target=\"_blank\">\n\t\t\t\t\t\t\t<img decoding=\"async\" width=\"300\" height=\"300\" src=\"https:\/\/basaltlibrary.org\/wp-content\/uploads\/2025\/02\/Copy-of-Logo-300.png\" class=\"elementor-animation-shrink attachment-full size-full wp-image-17202\" alt=\"Lingopie Logo\" srcset=\"https:\/\/basaltlibrary.org\/wp-content\/uploads\/2025\/02\/Copy-of-Logo-300.png 300w, https:\/\/basaltlibrary.org\/wp-content\/uploads\/2025\/02\/Copy-of-Logo-300-150x150.png 150w\" sizes=\"(max-width: 300px) 100vw, 300px\" \/>\t\t\t\t\t\t\t\t<\/a>\n\t\t\t\t\t\t\t\t\t\t\t\t\t\t\t<\/div>\n\t\t\t\t<\/div>\n\t\t\t\t<div class=\"elementor-element elementor-element-338967f elementor-align-left elementor-mobile-align-center elementor-widget elementor-widget-button\" data-id=\"338967f\" data-element_type=\"widget\" data-widget_type=\"button.default\">\n\t\t\t\t<div class=\"elementor-widget-container\">\n\t\t\t\t\t\t\t\t\t<div class=\"elementor-button-wrapper\">\n\t\t\t\t\t<a class=\"elementor-button elementor-button-link elementor-size-sm elementor-animation-shrink\" href=\"https:\/\/lingopie.com\/app\/registration\/library?uuid=61d6cdff-0e49-452a-9e04-bf60ef83e16e\" target=\"_blank\">\n\t\t\t\t\t\t<span class=\"elementor-button-content-wrapper\">\n\t\t\t\t\t\t\t\t\t<span class=\"elementor-button-text\">Lingopie.com<\/span>\n\t\t\t\t\t<\/span>\n\t\t\t\t\t<\/a>\n\t\t\t\t<\/div>\n\t\t\t\t\t\t\t\t<\/div>\n\t\t\t\t<\/div>\n\t\t\t\t<\/div>\n\t\t\t\t<\/div>\n\t\t\t\t\t<\/div>\n\t\t\t\t<\/div>\n\t\t<div class=\"elementor-element elementor-element-67a4e4b e-flex e-con-boxed parallax_section_no qode_elementor_container_no e-con e-parent\" data-id=\"67a4e4b\" data-element_type=\"container\" data-settings=\"{&quot;background_background&quot;:&quot;classic&quot;,&quot;shape_divider_bottom&quot;:&quot;triangle-asymmetrical&quot;,&quot;shape_divider_bottom_negative&quot;:&quot;yes&quot;,&quot;animation&quot;:&quot;none&quot;}\">\n\t\t\t\t\t<div class=\"e-con-inner\">\n\t\t\t\t<div class=\"elementor-shape elementor-shape-bottom\" aria-hidden=\"true\" data-negative=\"true\">\n\t\t\t<svg xmlns=\"http:\/\/www.w3.org\/2000\/svg\" viewbox=\"0 0 1000 100\" preserveaspectratio=\"none\">\n\t<path class=\"elementor-shape-fill\" d=\"M737.9,94.7L0,0v100h1000V0L737.9,94.7z\"\/>\n<\/svg>\t\t<\/div>\n\t\t<div class=\"elementor-element elementor-element-a49e320 e-con-full e-flex parallax_section_no qode_elementor_container_no e-con e-child\" data-id=\"a49e320\" data-element_type=\"container\">\n\t\t\t\t<div class=\"elementor-element elementor-element-cf28fe3 elementor-widget__width-inherit elementor-widget elementor-widget-heading\" data-id=\"cf28fe3\" data-element_type=\"widget\" data-widget_type=\"heading.default\">\n\t\t\t\t<div class=\"elementor-widget-container\">\n\t\t\t\t\t<h4 class=\"elementor-heading-title elementor-size-default\">Echa un vistazo a Hiveclass<\/h4>\t\t\t\t<\/div>\n\t\t\t\t<\/div>\n\t\t\t\t<div class=\"elementor-element elementor-element-b617f57 elementor-widget elementor-widget-heading\" data-id=\"b617f57\" data-element_type=\"widget\" data-widget_type=\"heading.default\">\n\t\t\t\t<div class=\"elementor-widget-container\">\n\t\t\t\t\t<h6 class=\"elementor-heading-title elementor-size-default\">Una plataforma de aprendizaje electr\u00f3nico que permite acceder de forma divertida y sencilla a videos educativos de alta calidad sobre m\u00e1s de 18 actividades deportivas y de bienestar. <\/h6>\t\t\t\t<\/div>\n\t\t\t\t<\/div>\n\t\t\t\t<\/div>\n\t\t<div class=\"elementor-element elementor-element-df9f81b e-con-full e-flex parallax_section_no qode_elementor_container_no e-con e-child\" data-id=\"df9f81b\" data-element_type=\"container\">\n\t\t\t\t<div class=\"elementor-element elementor-element-6b2c534 elementor-widget elementor-widget-image\" data-id=\"6b2c534\" data-element_type=\"widget\" data-widget_type=\"image.default\">\n\t\t\t\t<div class=\"elementor-widget-container\">\n\t\t\t\t\t\t\t\t\t\t\t\t\t\t\t\t<a href=\"https:\/\/basaltlibrary.org\/es\/books-and-more\/hiveclass\/\">\n\t\t\t\t\t\t\t<img decoding=\"async\" width=\"4253\" height=\"4253\" src=\"https:\/\/basaltlibrary.org\/wp-content\/uploads\/2025\/02\/Hiveclass-Logo-Vertical.png\" class=\"attachment-full size-full wp-image-17196\" alt=\"Hiveclass Logo\" srcset=\"https:\/\/basaltlibrary.org\/wp-content\/uploads\/2025\/02\/Hiveclass-Logo-Vertical.png 4253w, https:\/\/basaltlibrary.org\/wp-content\/uploads\/2025\/02\/Hiveclass-Logo-Vertical-300x300.png 300w, https:\/\/basaltlibrary.org\/wp-content\/uploads\/2025\/02\/Hiveclass-Logo-Vertical-1024x1024.png 1024w, https:\/\/basaltlibrary.org\/wp-content\/uploads\/2025\/02\/Hiveclass-Logo-Vertical-150x150.png 150w, https:\/\/basaltlibrary.org\/wp-content\/uploads\/2025\/02\/Hiveclass-Logo-Vertical-768x768.png 768w, https:\/\/basaltlibrary.org\/wp-content\/uploads\/2025\/02\/Hiveclass-Logo-Vertical-1536x1536.png 1536w, https:\/\/basaltlibrary.org\/wp-content\/uploads\/2025\/02\/Hiveclass-Logo-Vertical-2048x2048.png 2048w, https:\/\/basaltlibrary.org\/wp-content\/uploads\/2025\/02\/Hiveclass-Logo-Vertical-570x570.png 570w, https:\/\/basaltlibrary.org\/wp-content\/uploads\/2025\/02\/Hiveclass-Logo-Vertical-500x500.png 500w, https:\/\/basaltlibrary.org\/wp-content\/uploads\/2025\/02\/Hiveclass-Logo-Vertical-1000x1000.png 1000w, https:\/\/basaltlibrary.org\/wp-content\/uploads\/2025\/02\/Hiveclass-Logo-Vertical-700x700.png 700w, https:\/\/basaltlibrary.org\/wp-content\/uploads\/2025\/02\/Hiveclass-Logo-Vertical-650x650.png 650w, https:\/\/basaltlibrary.org\/wp-content\/uploads\/2025\/02\/Hiveclass-Logo-Vertical-1300x1300.png 1300w\" sizes=\"(max-width: 4253px) 100vw, 4253px\" \/>\t\t\t\t\t\t\t\t<\/a>\n\t\t\t\t\t\t\t\t\t\t\t\t\t\t\t<\/div>\n\t\t\t\t<\/div>\n\t\t\t\t<\/div>\n\t\t<div class=\"elementor-element elementor-element-4df33cc e-con-full e-flex parallax_section_no qode_elementor_container_no e-con e-child\" data-id=\"4df33cc\" data-element_type=\"container\">\n\t\t\t\t<div class=\"elementor-element elementor-element-f1af97e elementor-align-right elementor-mobile-align-center elementor-widget elementor-widget-button\" data-id=\"f1af97e\" data-element_type=\"widget\" data-widget_type=\"button.default\">\n\t\t\t\t<div class=\"elementor-widget-container\">\n\t\t\t\t\t\t\t\t\t<div class=\"elementor-button-wrapper\">\n\t\t\t\t\t<a class=\"elementor-button elementor-button-link elementor-size-sm elementor-animation-shrink\" href=\"https:\/\/basaltlibrary.org\/es\/books-and-more\/hiveclass\/\">\n\t\t\t\t\t\t<span class=\"elementor-button-content-wrapper\">\n\t\t\t\t\t\t\t\t\t<span class=\"elementor-button-text\">Obtenga m\u00e1s informaci\u00f3n sobre Hiveclass<\/span>\n\t\t\t\t\t<\/span>\n\t\t\t\t\t<\/a>\n\t\t\t\t<\/div>\n\t\t\t\t\t\t\t\t<\/div>\n\t\t\t\t<\/div>\n\t\t\t\t<\/div>\n\t\t\t\t\t<\/div>\n\t\t\t\t<\/div>\n\t\t\t\t<\/div>","protected":false},"excerpt":{"rendered":"<p>\u00a1Aprender idiomas ahora es adictivo! Aprender un nuevo idioma no tiene por qu\u00e9 ser una tarea tediosa. La plataforma online de Lingopie combina miles de series y pel\u00edculas reales con herramientas integradas que convierten los episodios en lecciones de idiomas divertidas y efectivas. Reg\u00edstrate\u2026<\/p>","protected":false},"author":1,"featured_media":0,"parent":13269,"menu_order":5,"comment_status":"closed","ping_status":"closed","template":"elementor_header_footer","meta":{"_acf_changed":false,"footnotes":""},"class_list":["post-15762","page","type-page","status-publish","hentry"],"acf":[],"yoast_head":"<!-- This site is optimized with the Yoast SEO plugin v25.3 - https:\/\/yoast.com\/wordpress\/plugins\/seo\/ -->\n<title>Lingopie - Basalt Regional Library<\/title>\n<meta name=\"description\" content=\"Discover Basalt Regional Library - Lingopie - Learning a language is now finally binge-worthy! Learning a new language doesn&#039;t have to feel like a chore. Lingopie&#039;s online platform combines thousands\" \/>\n<meta name=\"robots\" content=\"index, follow, max-snippet:-1, max-image-preview:large, max-video-preview:-1\" \/>\n<link rel=\"canonical\" href=\"https:\/\/basaltlibrary.org\/es\/books-and-more\/lingopie\/\" \/>\n<meta property=\"og:locale\" content=\"es_MX\" \/>\n<meta property=\"og:type\" content=\"article\" \/>\n<meta property=\"og:title\" content=\"Lingopie - Basalt Regional Library\" \/>\n<meta property=\"og:description\" content=\"Discover Basalt Regional Library - Lingopie - Learning a language is now finally binge-worthy! Learning a new language doesn&#039;t have to feel like a chore. Lingopie&#039;s online platform combines thousands\" \/>\n<meta property=\"og:url\" content=\"https:\/\/basaltlibrary.org\/es\/books-and-more\/lingopie\/\" \/>\n<meta property=\"og:site_name\" content=\"Basalt Regional Library\" \/>\n<meta property=\"article:modified_time\" content=\"2025-04-14T16:55:39+00:00\" \/>\n<meta name=\"twitter:card\" content=\"summary_large_image\" \/>\n<meta name=\"twitter:label1\" content=\"Tiempo de lectura\" \/>\n\t<meta name=\"twitter:data1\" content=\"2 minutos\" \/>\n<script type=\"application\/ld+json\" class=\"yoast-schema-graph\">{\"@context\":\"https:\/\/schema.org\",\"@graph\":[{\"@type\":\"WebPage\",\"@id\":\"https:\/\/basaltlibrary.org\/es\/books-and-more\/lingopie\/\",\"url\":\"https:\/\/basaltlibrary.org\/es\/books-and-more\/lingopie\/\",\"name\":\"Lingopie - Basalt Regional Library\",\"isPartOf\":{\"@id\":\"https:\/\/basaltlibrary.org\/#website\"},\"datePublished\":\"2025-02-18T02:14:14+00:00\",\"dateModified\":\"2025-04-14T16:55:39+00:00\",\"description\":\"Discover Basalt Regional Library - Lingopie - Learning a language is now finally binge-worthy! Learning a new language doesn't have to feel like a chore. Lingopie's online platform combines thousands\",\"breadcrumb\":{\"@id\":\"https:\/\/basaltlibrary.org\/es\/books-and-more\/lingopie\/#breadcrumb\"},\"inLanguage\":\"es\",\"potentialAction\":[{\"@type\":\"ReadAction\",\"target\":[\"https:\/\/basaltlibrary.org\/es\/books-and-more\/lingopie\/\"]}]},{\"@type\":\"BreadcrumbList\",\"@id\":\"https:\/\/basaltlibrary.org\/es\/books-and-more\/lingopie\/#breadcrumb\",\"itemListElement\":[{\"@type\":\"ListItem\",\"position\":1,\"name\":\"Home\",\"item\":\"https:\/\/basaltlibrary.org\/\"},{\"@type\":\"ListItem\",\"position\":2,\"name\":\"Books and More\",\"item\":\"https:\/\/basaltlibrary.org\/es\/books-and-more\/\"},{\"@type\":\"ListItem\",\"position\":3,\"name\":\"Lingopie\"}]},{\"@type\":\"WebSite\",\"@id\":\"https:\/\/basaltlibrary.org\/#website\",\"url\":\"https:\/\/basaltlibrary.org\/\",\"name\":\"Basalt Regional Library\",\"description\":\"\",\"publisher\":{\"@id\":\"https:\/\/basaltlibrary.org\/#organization\"},\"potentialAction\":[{\"@type\":\"SearchAction\",\"target\":{\"@type\":\"EntryPoint\",\"urlTemplate\":\"https:\/\/basaltlibrary.org\/?s={search_term_string}\"},\"query-input\":{\"@type\":\"PropertyValueSpecification\",\"valueRequired\":true,\"valueName\":\"search_term_string\"}}],\"inLanguage\":\"es\"},{\"@type\":\"Organization\",\"@id\":\"https:\/\/basaltlibrary.org\/#organization\",\"name\":\"Basalt Regional Library\",\"url\":\"https:\/\/basaltlibrary.org\/\",\"logo\":{\"@type\":\"ImageObject\",\"inLanguage\":\"es\",\"@id\":\"https:\/\/basaltlibrary.org\/#\/schema\/logo\/image\/\",\"url\":\"https:\/\/basaltlibrary.org\/wp-content\/uploads\/2024\/12\/basaltlibrary-horzlogo-rgb.png\",\"contentUrl\":\"https:\/\/basaltlibrary.org\/wp-content\/uploads\/2024\/12\/basaltlibrary-horzlogo-rgb.png\",\"width\":236,\"height\":100,\"caption\":\"Basalt Regional Library\"},\"image\":{\"@id\":\"https:\/\/basaltlibrary.org\/#\/schema\/logo\/image\/\"}}]}<\/script>\n<!-- \/ Yoast SEO plugin. -->","yoast_head_json":{"title":"Lingopie - Biblioteca Regional de Basalt","description":"Descubre la Biblioteca Regional de Basalt - Lingopie - \u00a1Aprender un idioma ahora es adictivo! Aprender un nuevo idioma no tiene por qu\u00e9 ser una tarea tediosa. La plataforma en l\u00ednea de Lingopie combina miles de idiomas.","robots":{"index":"index","follow":"follow","max-snippet":"max-snippet:-1","max-image-preview":"max-image-preview:large","max-video-preview":"max-video-preview:-1"},"canonical":"https:\/\/basaltlibrary.org\/es\/books-and-more\/lingopie\/","og_locale":"es_MX","og_type":"article","og_title":"Lingopie - Basalt Regional Library","og_description":"Discover Basalt Regional Library - Lingopie - Learning a language is now finally binge-worthy! Learning a new language doesn't have to feel like a chore. Lingopie's online platform combines thousands","og_url":"https:\/\/basaltlibrary.org\/es\/books-and-more\/lingopie\/","og_site_name":"Basalt Regional Library","article_modified_time":"2025-04-14T16:55:39+00:00","twitter_card":"summary_large_image","twitter_misc":{"Tiempo de lectura":"2 minutos"},"schema":{"@context":"https:\/\/schema.org","@graph":[{"@type":"WebPage","@id":"https:\/\/basaltlibrary.org\/es\/books-and-more\/lingopie\/","url":"https:\/\/basaltlibrary.org\/es\/books-and-more\/lingopie\/","name":"Lingopie - Biblioteca Regional de Basalt","isPartOf":{"@id":"https:\/\/basaltlibrary.org\/#website"},"datePublished":"2025-02-18T02:14:14+00:00","dateModified":"2025-04-14T16:55:39+00:00","description":"Descubre la Biblioteca Regional de Basalt - Lingopie - \u00a1Aprender un idioma ahora es adictivo! Aprender un nuevo idioma no tiene por qu\u00e9 ser una tarea tediosa. La plataforma en l\u00ednea de Lingopie combina miles de idiomas.","breadcrumb":{"@id":"https:\/\/basaltlibrary.org\/es\/books-and-more\/lingopie\/#breadcrumb"},"inLanguage":"es","potentialAction":[{"@type":"ReadAction","target":["https:\/\/basaltlibrary.org\/es\/books-and-more\/lingopie\/"]}]},{"@type":"BreadcrumbList","@id":"https:\/\/basaltlibrary.org\/es\/books-and-more\/lingopie\/#breadcrumb","itemListElement":[{"@type":"ListItem","position":1,"name":"Home","item":"https:\/\/basaltlibrary.org\/"},{"@type":"ListItem","position":2,"name":"Books and More","item":"https:\/\/basaltlibrary.org\/es\/books-and-more\/"},{"@type":"ListItem","position":3,"name":"Lingopie"}]},{"@type":"WebSite","@id":"https:\/\/basaltlibrary.org\/#website","url":"https:\/\/basaltlibrary.org\/","name":"Biblioteca Regional de Basalt","description":"","publisher":{"@id":"https:\/\/basaltlibrary.org\/#organization"},"potentialAction":[{"@type":"SearchAction","target":{"@type":"EntryPoint","urlTemplate":"https:\/\/basaltlibrary.org\/?s={search_term_string}"},"query-input":{"@type":"PropertyValueSpecification","valueRequired":true,"valueName":"search_term_string"}}],"inLanguage":"es"},{"@type":"Organization","@id":"https:\/\/basaltlibrary.org\/#organization","name":"Biblioteca Regional de Basalt","url":"https:\/\/basaltlibrary.org\/","logo":{"@type":"ImageObject","inLanguage":"es","@id":"https:\/\/basaltlibrary.org\/#\/schema\/logo\/image\/","url":"https:\/\/basaltlibrary.org\/wp-content\/uploads\/2024\/12\/basaltlibrary-horzlogo-rgb.png","contentUrl":"https:\/\/basaltlibrary.org\/wp-content\/uploads\/2024\/12\/basaltlibrary-horzlogo-rgb.png","width":236,"height":100,"caption":"Basalt Regional Library"},"image":{"@id":"https:\/\/basaltlibrary.org\/#\/schema\/logo\/image\/"}}]}},"_links":{"self":[{"href":"https:\/\/basaltlibrary.org\/es\/wp-json\/wp\/v2\/pages\/15762","targetHints":{"allow":["GET"]}}],"collection":[{"href":"https:\/\/basaltlibrary.org\/es\/wp-json\/wp\/v2\/pages"}],"about":[{"href":"https:\/\/basaltlibrary.org\/es\/wp-json\/wp\/v2\/types\/page"}],"author":[{"embeddable":true,"href":"https:\/\/basaltlibrary.org\/es\/wp-json\/wp\/v2\/users\/1"}],"replies":[{"embeddable":true,"href":"https:\/\/basaltlibrary.org\/es\/wp-json\/wp\/v2\/comments?post=15762"}],"version-history":[{"count":0,"href":"https:\/\/basaltlibrary.org\/es\/wp-json\/wp\/v2\/pages\/15762\/revisions"}],"up":[{"embeddable":true,"href":"https:\/\/basaltlibrary.org\/es\/wp-json\/wp\/v2\/pages\/13269"}],"wp:attachment":[{"href":"https:\/\/basaltlibrary.org\/es\/wp-json\/wp\/v2\/media?parent=15762"}],"curies":[{"name":"gracias","href":"https:\/\/api.w.org\/{rel}","templated":true}]}}