{"id":15763,"date":"2025-02-18T02:14:28","date_gmt":"2025-02-18T02:14:28","guid":{"rendered":"https:\/\/wordpress-851390-5078961.cloudwaysapps.com\/?page_id=15763"},"modified":"2025-04-14T17:59:36","modified_gmt":"2025-04-14T17:59:36","slug":"hiveclass","status":"publish","type":"page","link":"https:\/\/basaltlibrary.org\/es\/books-and-more\/hiveclass\/","title":{"rendered":"Clase colmena"},"content":{"rendered":"<div data-elementor-type=\"wp-page\" data-elementor-id=\"15763\" class=\"elementor elementor-15763\" data-elementor-post-type=\"page\">\n\t\t\t\t<div class=\"elementor-element elementor-element-cbb0c8f e-flex e-con-boxed parallax_section_no qode_elementor_container_no e-con e-parent\" data-id=\"cbb0c8f\" data-element_type=\"container\" data-settings=\"{&quot;background_background&quot;:&quot;classic&quot;,&quot;animation&quot;:&quot;none&quot;,&quot;shape_divider_bottom&quot;:&quot;triangle-asymmetrical&quot;,&quot;shape_divider_bottom_negative&quot;:&quot;yes&quot;}\">\n\t\t\t\t\t<div class=\"e-con-inner\">\n\t\t\t\t<div class=\"elementor-shape elementor-shape-bottom\" aria-hidden=\"true\" data-negative=\"true\">\n\t\t\t<svg xmlns=\"http:\/\/www.w3.org\/2000\/svg\" viewbox=\"0 0 1000 100\" preserveaspectratio=\"none\">\n\t<path class=\"elementor-shape-fill\" d=\"M737.9,94.7L0,0v100h1000V0L737.9,94.7z\"\/>\n<\/svg>\t\t<\/div>\n\t\t\t\t<div class=\"elementor-element elementor-element-8b689ab elementor-align-left elementor-widget elementor-widget-breadcrumbs\" data-id=\"8b689ab\" data-element_type=\"widget\" data-widget_type=\"breadcrumbs.default\">\n\t\t\t\t<div class=\"elementor-widget-container\">\n\t\t\t\t\t<div id=\"breadcrumbs\"><span><span><a href=\"https:\/\/basaltlibrary.org\/es\/\">Hogar<\/a><\/span><\/span><\/div>\t\t\t\t<\/div>\n\t\t\t\t<\/div>\n\t\t\t\t\t<\/div>\n\t\t\t\t<\/div>\n\t\t<div class=\"elementor-element elementor-element-622f85f e-flex e-con-boxed parallax_section_no qode_elementor_container_no e-con e-parent\" data-id=\"622f85f\" data-element_type=\"container\" data-settings=\"{&quot;background_background&quot;:&quot;classic&quot;,&quot;background_motion_fx_motion_fx_scrolling&quot;:&quot;yes&quot;,&quot;background_motion_fx_devices&quot;:[&quot;desktop&quot;,&quot;tablet&quot;,&quot;mobile&quot;]}\">\n\t\t\t\t\t<div class=\"e-con-inner\">\n\t\t<div class=\"elementor-element elementor-element-5056fc1 e-con-full e-flex parallax_section_no qode_elementor_container_no e-con e-child\" data-id=\"5056fc1\" data-element_type=\"container\">\n\t\t\t\t<div class=\"elementor-element elementor-element-39a5fae elementor-widget elementor-widget-heading\" data-id=\"39a5fae\" data-element_type=\"widget\" data-widget_type=\"heading.default\">\n\t\t\t\t<div class=\"elementor-widget-container\">\n\t\t\t\t\t<h4 class=\"elementor-heading-title elementor-size-default\">Hiveclass es una plataforma de aprendizaje electr\u00f3nico que permite acceder de forma divertida y sencilla a videos educativos de alta calidad sobre m\u00e1s de 18 actividades deportivas y de bienestar.<\/h4>\t\t\t\t<\/div>\n\t\t\t\t<\/div>\n\t\t\t\t<div class=\"elementor-element elementor-element-6bf3a39 elementor-widget elementor-widget-text-editor\" data-id=\"6bf3a39\" data-element_type=\"widget\" data-widget_type=\"text-editor.default\">\n\t\t\t\t<div class=\"elementor-widget-container\">\n\t\t\t\t\t\t\t\t\t<p>Con innumerables videos basados en habilidades disponibles en ingl\u00e9s y espa\u00f1ol, puedes aprender los fundamentos de:<\/p>\t\t\t\t\t\t\t\t<\/div>\n\t\t\t\t<\/div>\n\t\t\t\t<div class=\"elementor-element elementor-element-f91f186 elementor-widget elementor-widget-text-editor\" data-id=\"f91f186\" data-element_type=\"widget\" data-widget_type=\"text-editor.default\">\n\t\t\t\t<div class=\"elementor-widget-container\">\n\t\t\t\t\t\t\t\t\t<ul><li>Deportes acu\u00e1ticos<\/li><li>Baloncesto<\/li><li>Bailar<\/li><li>Hockey sobre c\u00e9sped<\/li><li>Aptitud f\u00edsica<\/li><li>Gimnasia<\/li><li>Lacrosse<\/li><li>Consciencia<\/li><li>Nutrici\u00f3n<\/li><li>Pickleball<\/li><li>Autodefensa<\/li><li>F\u00fatbol<\/li><li>Fuerza y acondicionamiento<\/li><li>Tenis<\/li><li>Voleibol<\/li><li>Yoga<\/li><\/ul>\t\t\t\t\t\t\t\t<\/div>\n\t\t\t\t<\/div>\n\t\t\t\t<div class=\"elementor-element elementor-element-d40e61a elementor-widget elementor-widget-spacer\" data-id=\"d40e61a\" data-element_type=\"widget\" data-widget_type=\"spacer.default\">\n\t\t\t\t<div class=\"elementor-widget-container\">\n\t\t\t\t\t\t\t<div class=\"elementor-spacer\">\n\t\t\t<div class=\"elementor-spacer-inner\"><\/div>\n\t\t<\/div>\n\t\t\t\t\t\t<\/div>\n\t\t\t\t<\/div>\n\t\t\t\t<div class=\"elementor-element elementor-element-f6a0f5b elementor-widget elementor-widget-image\" data-id=\"f6a0f5b\" data-element_type=\"widget\" data-widget_type=\"image.default\">\n\t\t\t\t<div class=\"elementor-widget-container\">\n\t\t\t\t\t\t\t\t\t\t\t\t\t\t\t\t<a href=\"http:\/\/library.hiveclass.co\/\" target=\"_blank\">\n\t\t\t\t\t\t\t<img fetchpriority=\"high\" decoding=\"async\" width=\"2400\" height=\"800\" src=\"https:\/\/basaltlibrary.org\/wp-content\/uploads\/2025\/02\/HIVECLASS_LIBRARY-BANNER.png\" class=\"attachment-full size-full wp-image-17197\" alt=\"\" srcset=\"https:\/\/basaltlibrary.org\/wp-content\/uploads\/2025\/02\/HIVECLASS_LIBRARY-BANNER.png 2400w, https:\/\/basaltlibrary.org\/wp-content\/uploads\/2025\/02\/HIVECLASS_LIBRARY-BANNER-300x100.png 300w, https:\/\/basaltlibrary.org\/wp-content\/uploads\/2025\/02\/HIVECLASS_LIBRARY-BANNER-1024x341.png 1024w, https:\/\/basaltlibrary.org\/wp-content\/uploads\/2025\/02\/HIVECLASS_LIBRARY-BANNER-768x256.png 768w, https:\/\/basaltlibrary.org\/wp-content\/uploads\/2025\/02\/HIVECLASS_LIBRARY-BANNER-1536x512.png 1536w, https:\/\/basaltlibrary.org\/wp-content\/uploads\/2025\/02\/HIVECLASS_LIBRARY-BANNER-2048x683.png 2048w, https:\/\/basaltlibrary.org\/wp-content\/uploads\/2025\/02\/HIVECLASS_LIBRARY-BANNER-700x233.png 700w\" sizes=\"(max-width: 2400px) 100vw, 2400px\" \/>\t\t\t\t\t\t\t\t<\/a>\n\t\t\t\t\t\t\t\t\t\t\t\t\t\t\t<\/div>\n\t\t\t\t<\/div>\n\t\t\t\t<\/div>\n\t\t<div class=\"elementor-element elementor-element-10bef34 e-con-full e-flex parallax_section_no qode_elementor_container_no e-con e-child\" data-id=\"10bef34\" data-element_type=\"container\" data-settings=\"{&quot;background_background&quot;:&quot;classic&quot;}\">\n\t\t<div class=\"elementor-element elementor-element-e12cdb1 e-con-full e-flex parallax_section_no qode_elementor_container_no e-con e-child\" data-id=\"e12cdb1\" data-element_type=\"container\" data-settings=\"{&quot;background_background&quot;:&quot;classic&quot;}\">\n\t\t\t\t<div class=\"elementor-element elementor-element-9df4325 elementor-widget elementor-widget-heading\" data-id=\"9df4325\" data-element_type=\"widget\" data-widget_type=\"heading.default\">\n\t\t\t\t<div class=\"elementor-widget-container\">\n\t\t\t\t\t<h5 class=\"elementor-heading-title elementor-size-default\">\u00a1Disponible en cualquier momento, en cualquier lugar y en cualquier dispositivo!<\/h5>\t\t\t\t<\/div>\n\t\t\t\t<\/div>\n\t\t\t\t<div class=\"elementor-element elementor-element-f191ed6 elementor-widget elementor-widget-text-editor\" data-id=\"f191ed6\" data-element_type=\"widget\" data-widget_type=\"text-editor.default\">\n\t\t\t\t<div class=\"elementor-widget-container\">\n\t\t\t\t\t\t\t\t\t<p>\u00a1Todo lo que necesitas es un navegador web: simplemente haz clic en el enlace e inicia sesi\u00f3n con el n\u00famero de tu tarjeta de biblioteca!<\/p>\t\t\t\t\t\t\t\t<\/div>\n\t\t\t\t<\/div>\n\t\t\t\t<div class=\"elementor-element elementor-element-9be22ef elementor-widget elementor-widget-image\" data-id=\"9be22ef\" data-element_type=\"widget\" data-widget_type=\"image.default\">\n\t\t\t\t<div class=\"elementor-widget-container\">\n\t\t\t\t\t\t\t\t\t\t\t\t\t\t\t\t<a href=\"http:\/\/library.hiveclass.co\/\" target=\"_blank\">\n\t\t\t\t\t\t\t<img decoding=\"async\" width=\"4253\" height=\"4253\" src=\"https:\/\/basaltlibrary.org\/wp-content\/uploads\/2025\/02\/Hiveclass-Logo-Vertical.png\" class=\"elementor-animation-shrink attachment-full size-full wp-image-17196\" alt=\"Hiveclass Logo\" srcset=\"https:\/\/basaltlibrary.org\/wp-content\/uploads\/2025\/02\/Hiveclass-Logo-Vertical.png 4253w, https:\/\/basaltlibrary.org\/wp-content\/uploads\/2025\/02\/Hiveclass-Logo-Vertical-300x300.png 300w, https:\/\/basaltlibrary.org\/wp-content\/uploads\/2025\/02\/Hiveclass-Logo-Vertical-1024x1024.png 1024w, https:\/\/basaltlibrary.org\/wp-content\/uploads\/2025\/02\/Hiveclass-Logo-Vertical-150x150.png 150w, https:\/\/basaltlibrary.org\/wp-content\/uploads\/2025\/02\/Hiveclass-Logo-Vertical-768x768.png 768w, https:\/\/basaltlibrary.org\/wp-content\/uploads\/2025\/02\/Hiveclass-Logo-Vertical-1536x1536.png 1536w, https:\/\/basaltlibrary.org\/wp-content\/uploads\/2025\/02\/Hiveclass-Logo-Vertical-2048x2048.png 2048w, https:\/\/basaltlibrary.org\/wp-content\/uploads\/2025\/02\/Hiveclass-Logo-Vertical-570x570.png 570w, https:\/\/basaltlibrary.org\/wp-content\/uploads\/2025\/02\/Hiveclass-Logo-Vertical-500x500.png 500w, https:\/\/basaltlibrary.org\/wp-content\/uploads\/2025\/02\/Hiveclass-Logo-Vertical-1000x1000.png 1000w, https:\/\/basaltlibrary.org\/wp-content\/uploads\/2025\/02\/Hiveclass-Logo-Vertical-700x700.png 700w, https:\/\/basaltlibrary.org\/wp-content\/uploads\/2025\/02\/Hiveclass-Logo-Vertical-650x650.png 650w, https:\/\/basaltlibrary.org\/wp-content\/uploads\/2025\/02\/Hiveclass-Logo-Vertical-1300x1300.png 1300w\" sizes=\"(max-width: 4253px) 100vw, 4253px\" \/>\t\t\t\t\t\t\t\t<\/a>\n\t\t\t\t\t\t\t\t\t\t\t\t\t\t\t<\/div>\n\t\t\t\t<\/div>\n\t\t\t\t<div class=\"elementor-element elementor-element-88f0ed6 elementor-align-left elementor-mobile-align-center elementor-widget elementor-widget-button\" data-id=\"88f0ed6\" data-element_type=\"widget\" data-widget_type=\"button.default\">\n\t\t\t\t<div class=\"elementor-widget-container\">\n\t\t\t\t\t\t\t\t\t<div class=\"elementor-button-wrapper\">\n\t\t\t\t\t<a class=\"elementor-button elementor-button-link elementor-size-sm elementor-animation-shrink\" href=\"http:\/\/library.hiveclass.co\/\" target=\"_blank\">\n\t\t\t\t\t\t<span class=\"elementor-button-content-wrapper\">\n\t\t\t\t\t\t\t\t\t<span class=\"elementor-button-text\">Iniciar sesi\u00f3n en Hiveclass<\/span>\n\t\t\t\t\t<\/span>\n\t\t\t\t\t<\/a>\n\t\t\t\t<\/div>\n\t\t\t\t\t\t\t\t<\/div>\n\t\t\t\t<\/div>\n\t\t\t\t<\/div>\n\t\t\t\t<\/div>\n\t\t\t\t\t<\/div>\n\t\t\t\t<\/div>\n\t\t<div class=\"elementor-element elementor-element-aabd6f9 e-flex e-con-boxed parallax_section_no qode_elementor_container_no e-con e-parent\" data-id=\"aabd6f9\" data-element_type=\"container\" data-settings=\"{&quot;background_background&quot;:&quot;classic&quot;,&quot;shape_divider_bottom&quot;:&quot;triangle-asymmetrical&quot;,&quot;shape_divider_bottom_negative&quot;:&quot;yes&quot;,&quot;animation&quot;:&quot;none&quot;}\">\n\t\t\t\t\t<div class=\"e-con-inner\">\n\t\t\t\t<div class=\"elementor-shape elementor-shape-bottom\" aria-hidden=\"true\" data-negative=\"true\">\n\t\t\t<svg xmlns=\"http:\/\/www.w3.org\/2000\/svg\" viewbox=\"0 0 1000 100\" preserveaspectratio=\"none\">\n\t<path class=\"elementor-shape-fill\" d=\"M737.9,94.7L0,0v100h1000V0L737.9,94.7z\"\/>\n<\/svg>\t\t<\/div>\n\t\t<div class=\"elementor-element elementor-element-6ec642e e-con-full e-flex parallax_section_no qode_elementor_container_no e-con e-child\" data-id=\"6ec642e\" data-element_type=\"container\">\n\t\t\t\t<div class=\"elementor-element elementor-element-7f79ef9 elementor-widget__width-inherit elementor-widget elementor-widget-heading\" data-id=\"7f79ef9\" data-element_type=\"widget\" data-widget_type=\"heading.default\">\n\t\t\t\t<div class=\"elementor-widget-container\">\n\t\t\t\t\t<h4 class=\"elementor-heading-title elementor-size-default\">Aprenda m\u00e1s sobre el lenguaje Mango<\/h4>\t\t\t\t<\/div>\n\t\t\t\t<\/div>\n\t\t\t\t<div class=\"elementor-element elementor-element-9db2f6b elementor-widget elementor-widget-heading\" data-id=\"9db2f6b\" data-element_type=\"widget\" data-widget_type=\"heading.default\">\n\t\t\t\t<div class=\"elementor-widget-container\">\n\t\t\t\t\t<h6 class=\"elementor-heading-title elementor-size-default\">\u00a1Ahora puedes ampliar tus conocimientos de idiomas extranjeros para la escuela, el trabajo o la diversi\u00f3n con m\u00e1s de 70 opciones de idiomas!<\/h6>\t\t\t\t<\/div>\n\t\t\t\t<\/div>\n\t\t\t\t<\/div>\n\t\t<div class=\"elementor-element elementor-element-9cc9126 e-con-full e-flex parallax_section_no qode_elementor_container_no e-con e-child\" data-id=\"9cc9126\" data-element_type=\"container\">\n\t\t\t\t<div class=\"elementor-element elementor-element-a28a34d elementor-widget elementor-widget-image\" data-id=\"a28a34d\" data-element_type=\"widget\" data-widget_type=\"image.default\">\n\t\t\t\t<div class=\"elementor-widget-container\">\n\t\t\t\t\t\t\t\t\t\t\t\t\t\t\t<img decoding=\"async\" width=\"570\" height=\"563\" src=\"https:\/\/basaltlibrary.org\/wp-content\/uploads\/2025\/02\/Mango_Logo_App_Web.png\" class=\"attachment-full size-full wp-image-17545\" alt=\"Mango Logo\" srcset=\"https:\/\/basaltlibrary.org\/wp-content\/uploads\/2025\/02\/Mango_Logo_App_Web.png 570w, https:\/\/basaltlibrary.org\/wp-content\/uploads\/2025\/02\/Mango_Logo_App_Web-300x296.png 300w\" sizes=\"(max-width: 570px) 100vw, 570px\" \/>\t\t\t\t\t\t\t\t\t\t\t\t\t\t\t<\/div>\n\t\t\t\t<\/div>\n\t\t\t\t<\/div>\n\t\t<div class=\"elementor-element elementor-element-f4213e8 e-con-full e-flex parallax_section_no qode_elementor_container_no e-con e-child\" data-id=\"f4213e8\" data-element_type=\"container\">\n\t\t\t\t<div class=\"elementor-element elementor-element-5caccb8 elementor-align-center elementor-widget elementor-widget-button\" data-id=\"5caccb8\" data-element_type=\"widget\" data-widget_type=\"button.default\">\n\t\t\t\t<div class=\"elementor-widget-container\">\n\t\t\t\t\t\t\t\t\t<div class=\"elementor-button-wrapper\">\n\t\t\t\t\t<a class=\"elementor-button elementor-button-link elementor-size-sm elementor-animation-shrink\" href=\"https:\/\/basaltlibrary.org\/es\/books-and-more\/mango-language\/\">\n\t\t\t\t\t\t<span class=\"elementor-button-content-wrapper\">\n\t\t\t\t\t\t\t\t\t<span class=\"elementor-button-text\">Lenguaje del mango<\/span>\n\t\t\t\t\t<\/span>\n\t\t\t\t\t<\/a>\n\t\t\t\t<\/div>\n\t\t\t\t\t\t\t\t<\/div>\n\t\t\t\t<\/div>\n\t\t\t\t<\/div>\n\t\t\t\t\t<\/div>\n\t\t\t\t<\/div>\n\t\t\t\t<\/div>","protected":false},"excerpt":{"rendered":"<p>Hiveclass es una plataforma de aprendizaje en l\u00ednea que te permite acceder de forma f\u00e1cil y divertida a videos educativos de alta calidad sobre m\u00e1s de 18 deportes y actividades de bienestar. Con innumerables videos pr\u00e1cticos disponibles en ingl\u00e9s y espa\u00f1ol, puedes aprender los fundamentos de: Nataci\u00f3n, Baloncesto, Danza, Hockey sobre c\u00e9sped, Fitness, Gimnasia, Lacrosse\u2026<\/p>","protected":false},"author":1,"featured_media":0,"parent":13269,"menu_order":6,"comment_status":"closed","ping_status":"closed","template":"elementor_header_footer","meta":{"_acf_changed":false,"footnotes":""},"class_list":["post-15763","page","type-page","status-publish","hentry"],"acf":[],"yoast_head":"<!-- This site is optimized with the Yoast SEO plugin v25.3 - https:\/\/yoast.com\/wordpress\/plugins\/seo\/ -->\n<title>Hiveclass - Basalt Regional Library<\/title>\n<meta name=\"description\" content=\"Discover Basalt Regional Library - Hiveclass - Hiveclass is an e-learning platform that makes it fun and easy to access high-quality, educational videos across 18+ sports and wellness activities. With\" \/>\n<meta name=\"robots\" content=\"index, follow, max-snippet:-1, max-image-preview:large, max-video-preview:-1\" \/>\n<link rel=\"canonical\" href=\"https:\/\/basaltlibrary.org\/es\/books-and-more\/hiveclass\/\" \/>\n<meta property=\"og:locale\" content=\"es_MX\" \/>\n<meta property=\"og:type\" content=\"article\" \/>\n<meta property=\"og:title\" content=\"Hiveclass - Basalt Regional Library\" \/>\n<meta property=\"og:description\" content=\"Discover Basalt Regional Library - Hiveclass - Hiveclass is an e-learning platform that makes it fun and easy to access high-quality, educational videos across 18+ sports and wellness activities. With\" \/>\n<meta property=\"og:url\" content=\"https:\/\/basaltlibrary.org\/es\/books-and-more\/hiveclass\/\" \/>\n<meta property=\"og:site_name\" content=\"Basalt Regional Library\" \/>\n<meta property=\"article:modified_time\" content=\"2025-04-14T17:59:36+00:00\" \/>\n<meta name=\"twitter:card\" content=\"summary_large_image\" \/>\n<meta name=\"twitter:label1\" content=\"Tiempo de lectura\" \/>\n\t<meta name=\"twitter:data1\" content=\"2 minutos\" \/>\n<script type=\"application\/ld+json\" class=\"yoast-schema-graph\">{\"@context\":\"https:\/\/schema.org\",\"@graph\":[{\"@type\":\"WebPage\",\"@id\":\"https:\/\/basaltlibrary.org\/es\/books-and-more\/hiveclass\/\",\"url\":\"https:\/\/basaltlibrary.org\/es\/books-and-more\/hiveclass\/\",\"name\":\"Hiveclass - Basalt Regional Library\",\"isPartOf\":{\"@id\":\"https:\/\/basaltlibrary.org\/#website\"},\"datePublished\":\"2025-02-18T02:14:28+00:00\",\"dateModified\":\"2025-04-14T17:59:36+00:00\",\"description\":\"Discover Basalt Regional Library - Hiveclass - Hiveclass is an e-learning platform that makes it fun and easy to access high-quality, educational videos across 18+ sports and wellness activities. With\",\"breadcrumb\":{\"@id\":\"https:\/\/basaltlibrary.org\/es\/books-and-more\/hiveclass\/#breadcrumb\"},\"inLanguage\":\"es\",\"potentialAction\":[{\"@type\":\"ReadAction\",\"target\":[\"https:\/\/basaltlibrary.org\/es\/books-and-more\/hiveclass\/\"]}]},{\"@type\":\"BreadcrumbList\",\"@id\":\"https:\/\/basaltlibrary.org\/es\/books-and-more\/hiveclass\/#breadcrumb\",\"itemListElement\":[{\"@type\":\"ListItem\",\"position\":1,\"name\":\"Home\",\"item\":\"https:\/\/basaltlibrary.org\/\"},{\"@type\":\"ListItem\",\"position\":2,\"name\":\"Books and More\",\"item\":\"https:\/\/basaltlibrary.org\/es\/books-and-more\/\"},{\"@type\":\"ListItem\",\"position\":3,\"name\":\"Hiveclass\"}]},{\"@type\":\"WebSite\",\"@id\":\"https:\/\/basaltlibrary.org\/#website\",\"url\":\"https:\/\/basaltlibrary.org\/\",\"name\":\"Basalt Regional Library\",\"description\":\"\",\"publisher\":{\"@id\":\"https:\/\/basaltlibrary.org\/#organization\"},\"potentialAction\":[{\"@type\":\"SearchAction\",\"target\":{\"@type\":\"EntryPoint\",\"urlTemplate\":\"https:\/\/basaltlibrary.org\/?s={search_term_string}\"},\"query-input\":{\"@type\":\"PropertyValueSpecification\",\"valueRequired\":true,\"valueName\":\"search_term_string\"}}],\"inLanguage\":\"es\"},{\"@type\":\"Organization\",\"@id\":\"https:\/\/basaltlibrary.org\/#organization\",\"name\":\"Basalt Regional Library\",\"url\":\"https:\/\/basaltlibrary.org\/\",\"logo\":{\"@type\":\"ImageObject\",\"inLanguage\":\"es\",\"@id\":\"https:\/\/basaltlibrary.org\/#\/schema\/logo\/image\/\",\"url\":\"https:\/\/basaltlibrary.org\/wp-content\/uploads\/2024\/12\/basaltlibrary-horzlogo-rgb.png\",\"contentUrl\":\"https:\/\/basaltlibrary.org\/wp-content\/uploads\/2024\/12\/basaltlibrary-horzlogo-rgb.png\",\"width\":236,\"height\":100,\"caption\":\"Basalt Regional Library\"},\"image\":{\"@id\":\"https:\/\/basaltlibrary.org\/#\/schema\/logo\/image\/\"}}]}<\/script>\n<!-- \/ Yoast SEO plugin. -->","yoast_head_json":{"title":"Biblioteca regional de Basalt - Hiveclass","description":"Descubre la Biblioteca Regional de Basalt - Hiveclass - Hiveclass es una plataforma de aprendizaje en l\u00ednea que hace que acceder a videos educativos de alta calidad sobre m\u00e1s de 18 actividades deportivas y de bienestar sea f\u00e1cil y divertido.","robots":{"index":"index","follow":"follow","max-snippet":"max-snippet:-1","max-image-preview":"max-image-preview:large","max-video-preview":"max-video-preview:-1"},"canonical":"https:\/\/basaltlibrary.org\/es\/books-and-more\/hiveclass\/","og_locale":"es_MX","og_type":"article","og_title":"Hiveclass - Basalt Regional Library","og_description":"Discover Basalt Regional Library - Hiveclass - Hiveclass is an e-learning platform that makes it fun and easy to access high-quality, educational videos across 18+ sports and wellness activities. With","og_url":"https:\/\/basaltlibrary.org\/es\/books-and-more\/hiveclass\/","og_site_name":"Basalt Regional Library","article_modified_time":"2025-04-14T17:59:36+00:00","twitter_card":"summary_large_image","twitter_misc":{"Tiempo de lectura":"2 minutos"},"schema":{"@context":"https:\/\/schema.org","@graph":[{"@type":"WebPage","@id":"https:\/\/basaltlibrary.org\/es\/books-and-more\/hiveclass\/","url":"https:\/\/basaltlibrary.org\/es\/books-and-more\/hiveclass\/","name":"Biblioteca regional de Basalt - Hiveclass","isPartOf":{"@id":"https:\/\/basaltlibrary.org\/#website"},"datePublished":"2025-02-18T02:14:28+00:00","dateModified":"2025-04-14T17:59:36+00:00","description":"Descubre la Biblioteca Regional de Basalt - Hiveclass - Hiveclass es una plataforma de aprendizaje en l\u00ednea que hace que acceder a videos educativos de alta calidad sobre m\u00e1s de 18 actividades deportivas y de bienestar sea f\u00e1cil y divertido.","breadcrumb":{"@id":"https:\/\/basaltlibrary.org\/es\/books-and-more\/hiveclass\/#breadcrumb"},"inLanguage":"es","potentialAction":[{"@type":"ReadAction","target":["https:\/\/basaltlibrary.org\/es\/books-and-more\/hiveclass\/"]}]},{"@type":"BreadcrumbList","@id":"https:\/\/basaltlibrary.org\/es\/books-and-more\/hiveclass\/#breadcrumb","itemListElement":[{"@type":"ListItem","position":1,"name":"Home","item":"https:\/\/basaltlibrary.org\/"},{"@type":"ListItem","position":2,"name":"Books and More","item":"https:\/\/basaltlibrary.org\/es\/books-and-more\/"},{"@type":"ListItem","position":3,"name":"Hiveclass"}]},{"@type":"WebSite","@id":"https:\/\/basaltlibrary.org\/#website","url":"https:\/\/basaltlibrary.org\/","name":"Biblioteca Regional de Basalt","description":"","publisher":{"@id":"https:\/\/basaltlibrary.org\/#organization"},"potentialAction":[{"@type":"SearchAction","target":{"@type":"EntryPoint","urlTemplate":"https:\/\/basaltlibrary.org\/?s={search_term_string}"},"query-input":{"@type":"PropertyValueSpecification","valueRequired":true,"valueName":"search_term_string"}}],"inLanguage":"es"},{"@type":"Organization","@id":"https:\/\/basaltlibrary.org\/#organization","name":"Biblioteca Regional de Basalt","url":"https:\/\/basaltlibrary.org\/","logo":{"@type":"ImageObject","inLanguage":"es","@id":"https:\/\/basaltlibrary.org\/#\/schema\/logo\/image\/","url":"https:\/\/basaltlibrary.org\/wp-content\/uploads\/2024\/12\/basaltlibrary-horzlogo-rgb.png","contentUrl":"https:\/\/basaltlibrary.org\/wp-content\/uploads\/2024\/12\/basaltlibrary-horzlogo-rgb.png","width":236,"height":100,"caption":"Basalt Regional Library"},"image":{"@id":"https:\/\/basaltlibrary.org\/#\/schema\/logo\/image\/"}}]}},"_links":{"self":[{"href":"https:\/\/basaltlibrary.org\/es\/wp-json\/wp\/v2\/pages\/15763","targetHints":{"allow":["GET"]}}],"collection":[{"href":"https:\/\/basaltlibrary.org\/es\/wp-json\/wp\/v2\/pages"}],"about":[{"href":"https:\/\/basaltlibrary.org\/es\/wp-json\/wp\/v2\/types\/page"}],"author":[{"embeddable":true,"href":"https:\/\/basaltlibrary.org\/es\/wp-json\/wp\/v2\/users\/1"}],"replies":[{"embeddable":true,"href":"https:\/\/basaltlibrary.org\/es\/wp-json\/wp\/v2\/comments?post=15763"}],"version-history":[{"count":0,"href":"https:\/\/basaltlibrary.org\/es\/wp-json\/wp\/v2\/pages\/15763\/revisions"}],"up":[{"embeddable":true,"href":"https:\/\/basaltlibrary.org\/es\/wp-json\/wp\/v2\/pages\/13269"}],"wp:attachment":[{"href":"https:\/\/basaltlibrary.org\/es\/wp-json\/wp\/v2\/media?parent=15763"}],"curies":[{"name":"gracias","href":"https:\/\/api.w.org\/{rel}","templated":true}]}}