{"id":20184,"date":"2025-07-31T16:06:48","date_gmt":"2025-07-31T22:06:48","guid":{"rendered":"https:\/\/basaltlibrary.org\/?page_id=20184"},"modified":"2026-01-07T08:57:19","modified_gmt":"2026-01-07T15:57:19","slug":"newspapers","status":"publish","type":"page","link":"https:\/\/basaltlibrary.org\/es\/newspapers\/","title":{"rendered":"Peri\u00f3dicos"},"content":{"rendered":"<div data-elementor-type=\"wp-page\" data-elementor-id=\"20184\" class=\"elementor elementor-20184\" data-elementor-post-type=\"page\">\n\t\t\t\t<div class=\"elementor-element elementor-element-a95b89b e-flex e-con-boxed parallax_section_no qode_elementor_container_no e-con e-parent\" data-id=\"a95b89b\" data-element_type=\"container\" data-settings=\"{&quot;background_background&quot;:&quot;classic&quot;,&quot;background_motion_fx_motion_fx_scrolling&quot;:&quot;yes&quot;,&quot;background_motion_fx_devices&quot;:[&quot;desktop&quot;,&quot;tablet&quot;,&quot;mobile&quot;]}\">\n\t\t\t\t\t<div class=\"e-con-inner\">\n\t\t<div class=\"elementor-element elementor-element-f878934 e-con-full e-flex parallax_section_no qode_elementor_container_no e-con e-child\" data-id=\"f878934\" data-element_type=\"container\">\n\t\t\t\t<div class=\"elementor-element elementor-element-919a818 elementor-widget elementor-widget-heading\" data-id=\"919a818\" data-element_type=\"widget\" data-widget_type=\"heading.default\">\n\t\t\t\t<div class=\"elementor-widget-container\">\n\t\t\t\t\t<h4 class=\"elementor-heading-title elementor-size-default\">Peri\u00f3dicos en l\u00ednea<\/h4>\t\t\t\t<\/div>\n\t\t\t\t<\/div>\n\t\t<div class=\"elementor-element elementor-element-899ef9c e-con-full e-flex parallax_section_no qode_elementor_container_no e-con e-child\" data-id=\"899ef9c\" data-element_type=\"container\">\n\t\t<div class=\"elementor-element elementor-element-8f161f2 e-con-full e-flex parallax_section_no qode_elementor_container_no e-con e-child\" data-id=\"8f161f2\" data-element_type=\"container\">\n\t\t\t\t<div class=\"elementor-element elementor-element-511db0a elementor-widget elementor-widget-text-editor\" data-id=\"511db0a\" data-element_type=\"widget\" data-widget_type=\"text-editor.default\">\n\t\t\t\t<div class=\"elementor-widget-container\">\n\t\t\t\t\t\t\t\t\t<p>Su biblioteca ofrece <em data-start=\"152\" data-end=\"158\">gratis<\/em> acceso en l\u00ednea a <strong data-start=\"176\" data-end=\"198\">El New York Times<\/strong><span data-start=\"176\" data-end=\"198\"> y <\/span><strong data-start=\"200\" data-end=\"227\">El Wall Street Journal<\/strong>Mant\u00e9ngase informado con periodismo confiable desde cualquier lugar: solo necesita su tarjeta de biblioteca.<\/p>\t\t\t\t\t\t\t\t<\/div>\n\t\t\t\t<\/div>\n\t\t\t\t<\/div>\n\t\t<div class=\"elementor-element elementor-element-bd5f6cc e-con-full e-flex parallax_section_no qode_elementor_container_no e-con e-child\" data-id=\"bd5f6cc\" data-element_type=\"container\">\n\t\t\t\t<div class=\"elementor-element elementor-element-5beba76 elementor-widget elementor-widget-image\" data-id=\"5beba76\" data-element_type=\"widget\" data-settings=\"{&quot;_animation&quot;:&quot;none&quot;,&quot;motion_fx_motion_fx_scrolling&quot;:&quot;yes&quot;,&quot;motion_fx_rotateZ_effect&quot;:&quot;yes&quot;,&quot;motion_fx_rotateZ_speed&quot;:{&quot;unit&quot;:&quot;px&quot;,&quot;size&quot;:0.3,&quot;sizes&quot;:[]},&quot;motion_fx_rotateZ_affectedRange&quot;:{&quot;unit&quot;:&quot;%&quot;,&quot;size&quot;:&quot;&quot;,&quot;sizes&quot;:{&quot;start&quot;:0,&quot;end&quot;:100}},&quot;motion_fx_devices&quot;:[&quot;desktop&quot;,&quot;tablet&quot;,&quot;mobile&quot;]}\" data-widget_type=\"image.default\">\n\t\t\t\t<div class=\"elementor-widget-container\">\n\t\t\t\t\t\t\t\t\t\t\t\t\t\t\t<img fetchpriority=\"high\" decoding=\"async\" width=\"1024\" height=\"1024\" src=\"https:\/\/basaltlibrary.org\/wp-content\/uploads\/2025\/07\/9977737-1024x1024.jpg\" class=\"attachment-large size-large wp-image-20191\" alt=\"Newspaper, glasses and coffee cup\" srcset=\"https:\/\/basaltlibrary.org\/wp-content\/uploads\/2025\/07\/9977737-1024x1024.jpg 1024w, https:\/\/basaltlibrary.org\/wp-content\/uploads\/2025\/07\/9977737-300x300.jpg 300w, https:\/\/basaltlibrary.org\/wp-content\/uploads\/2025\/07\/9977737-150x150.jpg 150w, https:\/\/basaltlibrary.org\/wp-content\/uploads\/2025\/07\/9977737-768x768.jpg 768w, https:\/\/basaltlibrary.org\/wp-content\/uploads\/2025\/07\/9977737-1536x1536.jpg 1536w, https:\/\/basaltlibrary.org\/wp-content\/uploads\/2025\/07\/9977737-12x12.jpg 12w, https:\/\/basaltlibrary.org\/wp-content\/uploads\/2025\/07\/9977737-570x570.jpg 570w, https:\/\/basaltlibrary.org\/wp-content\/uploads\/2025\/07\/9977737-500x500.jpg 500w, https:\/\/basaltlibrary.org\/wp-content\/uploads\/2025\/07\/9977737-1000x1000.jpg 1000w, https:\/\/basaltlibrary.org\/wp-content\/uploads\/2025\/07\/9977737-700x700.jpg 700w, https:\/\/basaltlibrary.org\/wp-content\/uploads\/2025\/07\/9977737-650x650.jpg 650w, https:\/\/basaltlibrary.org\/wp-content\/uploads\/2025\/07\/9977737-1300x1300.jpg 1300w, https:\/\/basaltlibrary.org\/wp-content\/uploads\/2025\/07\/9977737.jpg 2000w\" sizes=\"(max-width: 1024px) 100vw, 1024px\" \/>\t\t\t\t\t\t\t\t\t\t\t\t\t\t\t<\/div>\n\t\t\t\t<\/div>\n\t\t\t\t<\/div>\n\t\t\t\t<\/div>\n\t\t\t\t<div class=\"elementor-element elementor-element-e63dd40 elementor-widget elementor-widget-heading\" data-id=\"e63dd40\" data-element_type=\"widget\" data-widget_type=\"heading.default\">\n\t\t\t\t<div class=\"elementor-widget-container\">\n\t\t\t\t\t<h5 class=\"elementor-heading-title elementor-size-default\">Empieza a leer: <\/h5>\t\t\t\t<\/div>\n\t\t\t\t<\/div>\n\t\t<div class=\"elementor-element elementor-element-97d9522 e-grid e-con-full parallax_section_no qode_elementor_container_no e-con e-child\" data-id=\"97d9522\" data-element_type=\"container\">\n\t\t\t\t<div class=\"elementor-element elementor-element-35249c7 elementor-widget elementor-widget-image\" data-id=\"35249c7\" data-element_type=\"widget\" data-widget_type=\"image.default\">\n\t\t\t\t<div class=\"elementor-widget-container\">\n\t\t\t\t\t\t\t\t\t\t\t\t\t\t\t\t<a href=\"https:\/\/login.proxy.marmot.org\/login?url=https:\/\/ezmyaccount.nytimes.com\/corpgrouppass\/redir\" target=\"_blank\">\n\t\t\t\t\t\t\t<img decoding=\"async\" width=\"300\" height=\"129\" src=\"https:\/\/basaltlibrary.org\/wp-content\/uploads\/2025\/02\/Logos__NYT-300x129.png\" class=\"attachment-medium size-medium wp-image-17873\" alt=\"The New York Times Logo\" srcset=\"https:\/\/basaltlibrary.org\/wp-content\/uploads\/2025\/02\/Logos__NYT-300x129.png 300w, https:\/\/basaltlibrary.org\/wp-content\/uploads\/2025\/02\/Logos__NYT.png 684w\" sizes=\"(max-width: 300px) 100vw, 300px\" \/>\t\t\t\t\t\t\t\t<\/a>\n\t\t\t\t\t\t\t\t\t\t\t\t\t\t\t<\/div>\n\t\t\t\t<\/div>\n\t\t\t\t<div class=\"elementor-element elementor-element-86f2dbc elementor-widget elementor-widget-image\" data-id=\"86f2dbc\" data-element_type=\"widget\" data-widget_type=\"image.default\">\n\t\t\t\t<div class=\"elementor-widget-container\">\n\t\t\t\t\t\t\t\t\t\t\t\t\t\t\t\t<a href=\"https:\/\/basalt.marmot.org\/MyAccount\/WSJ\" target=\"_blank\">\n\t\t\t\t\t\t\t<img decoding=\"async\" width=\"300\" height=\"129\" src=\"https:\/\/basaltlibrary.org\/wp-content\/uploads\/2025\/02\/Logos__WSJ-300x129.png\" class=\"attachment-medium size-medium wp-image-17851\" alt=\"The Wall Street Journal Logo\" srcset=\"https:\/\/basaltlibrary.org\/wp-content\/uploads\/2025\/02\/Logos__WSJ-300x129.png 300w, https:\/\/basaltlibrary.org\/wp-content\/uploads\/2025\/02\/Logos__WSJ.png 684w\" sizes=\"(max-width: 300px) 100vw, 300px\" \/>\t\t\t\t\t\t\t\t<\/a>\n\t\t\t\t\t\t\t\t\t\t\t\t\t\t\t<\/div>\n\t\t\t\t<\/div>\n\t\t\t\t<\/div>\n\t\t\t\t<\/div>\n\t\t<div class=\"elementor-element elementor-element-868310f e-con-full e-flex parallax_section_no qode_elementor_container_no e-con e-child\" data-id=\"868310f\" data-element_type=\"container\" data-settings=\"{&quot;background_background&quot;:&quot;classic&quot;}\">\n\t\t<div class=\"elementor-element elementor-element-621160e e-con-full e-flex parallax_section_no qode_elementor_container_no e-con e-child\" data-id=\"621160e\" data-element_type=\"container\" data-settings=\"{&quot;background_background&quot;:&quot;classic&quot;}\">\n\t\t\t\t<div class=\"elementor-element elementor-element-6c54191 elementor-widget elementor-widget-heading\" data-id=\"6c54191\" data-element_type=\"widget\" data-widget_type=\"heading.default\">\n\t\t\t\t<div class=\"elementor-widget-container\">\n\t\t\t\t\t<h5 class=\"elementor-heading-title elementor-size-default\">Acceso ilimitado a:<\/h5>\t\t\t\t<\/div>\n\t\t\t\t<\/div>\n\t\t\t\t<div class=\"elementor-element elementor-element-7db3aee elementor-widget elementor-widget-text-editor\" data-id=\"7db3aee\" data-element_type=\"widget\" data-widget_type=\"text-editor.default\">\n\t\t\t\t<div class=\"elementor-widget-container\">\n\t\t\t\t\t\t\t\t\t<p><strong>Noticias de \u00faltima hora<\/strong><\/p><p><strong>Noticias nacionales e internacionales<\/strong><\/p><p><strong>Opini\u00f3n, editoriales y columnas<\/strong><\/p><p><strong>Cobertura de negocios, tecnolog\u00eda, ciencia y salud.<\/strong><\/p><p><strong>Perspectivas sobre mercados, finanzas e inversiones<\/strong><\/p><p><strong>Secciones de arte, gastronom\u00eda, viajes y libros.<\/strong><\/p>\t\t\t\t\t\t\t\t<\/div>\n\t\t\t\t<\/div>\n\t\t\t\t<div class=\"elementor-element elementor-element-f781f0e elementor-widget elementor-widget-image\" data-id=\"f781f0e\" data-element_type=\"widget\" data-widget_type=\"image.default\">\n\t\t\t\t<div class=\"elementor-widget-container\">\n\t\t\t\t\t\t\t\t\t\t\t\t\t\t\t<img loading=\"lazy\" decoding=\"async\" width=\"1024\" height=\"749\" src=\"https:\/\/basaltlibrary.org\/wp-content\/uploads\/2025\/07\/AdobeStock_158071951-transparent-1024x749.png\" class=\"attachment-large size-large wp-image-20190\" alt=\"News app on a phone screen being held\" srcset=\"https:\/\/basaltlibrary.org\/wp-content\/uploads\/2025\/07\/AdobeStock_158071951-transparent-1024x749.png 1024w, https:\/\/basaltlibrary.org\/wp-content\/uploads\/2025\/07\/AdobeStock_158071951-transparent-300x220.png 300w, https:\/\/basaltlibrary.org\/wp-content\/uploads\/2025\/07\/AdobeStock_158071951-transparent-768x562.png 768w, https:\/\/basaltlibrary.org\/wp-content\/uploads\/2025\/07\/AdobeStock_158071951-transparent-1536x1124.png 1536w, https:\/\/basaltlibrary.org\/wp-content\/uploads\/2025\/07\/AdobeStock_158071951-transparent-2048x1499.png 2048w, https:\/\/basaltlibrary.org\/wp-content\/uploads\/2025\/07\/AdobeStock_158071951-transparent-16x12.png 16w, https:\/\/basaltlibrary.org\/wp-content\/uploads\/2025\/07\/AdobeStock_158071951-transparent-700x512.png 700w\" sizes=\"(max-width: 1024px) 100vw, 1024px\" \/>\t\t\t\t\t\t\t\t\t\t\t\t\t\t\t<\/div>\n\t\t\t\t<\/div>\n\t\t\t\t<\/div>\n\t\t\t\t<\/div>\n\t\t\t\t\t<\/div>\n\t\t\t\t<\/div>\n\t\t\t\t<\/div>","protected":false},"excerpt":{"rendered":"<p>Peri\u00f3dicos en l\u00ednea. Su biblioteca ofrece acceso gratuito en l\u00ednea a The New York Times y The Wall Street Journal. Mant\u00e9ngase informado con periodismo confiable desde cualquier lugar; solo necesita su tarjeta de la biblioteca. Empiece a leer: Acceso ilimitado a: Noticias de \u00faltima hora, noticias nacionales e internacionales, opini\u00f3n\u2026<\/p>","protected":false},"author":2,"featured_media":0,"parent":0,"menu_order":0,"comment_status":"closed","ping_status":"closed","template":"","meta":{"_acf_changed":false,"footnotes":""},"class_list":["post-20184","page","type-page","status-publish","hentry"],"acf":[],"yoast_head":"<!-- This site is optimized with the Yoast SEO plugin v25.3 - https:\/\/yoast.com\/wordpress\/plugins\/seo\/ -->\n<title>Newspapers - Basalt Regional Library<\/title>\n<meta name=\"description\" content=\"Discover Basalt Regional Library - Newspapers - Online Newspapers Your library offers free online access to The New York Times and The Wall Street Journal. Stay informed with trusted journalism from\" \/>\n<meta name=\"robots\" content=\"index, follow, max-snippet:-1, max-image-preview:large, max-video-preview:-1\" \/>\n<link rel=\"canonical\" href=\"https:\/\/basaltlibrary.org\/es\/newspapers\/\" \/>\n<meta property=\"og:locale\" content=\"es_MX\" \/>\n<meta property=\"og:type\" content=\"article\" \/>\n<meta property=\"og:title\" content=\"Newspapers - Basalt Regional Library\" \/>\n<meta property=\"og:description\" content=\"Discover Basalt Regional Library - Newspapers - Online Newspapers Your library offers free online access to The New York Times and The Wall Street Journal. Stay informed with trusted journalism from\" \/>\n<meta property=\"og:url\" content=\"https:\/\/basaltlibrary.org\/es\/newspapers\/\" \/>\n<meta property=\"og:site_name\" content=\"Basalt Regional Library\" \/>\n<meta property=\"article:modified_time\" content=\"2026-01-07T15:57:19+00:00\" \/>\n<meta property=\"og:image\" content=\"https:\/\/basaltlibrary.org\/wp-content\/uploads\/2025\/07\/9977737.jpg\" \/>\n\t<meta property=\"og:image:width\" content=\"2000\" \/>\n\t<meta property=\"og:image:height\" content=\"2000\" \/>\n\t<meta property=\"og:image:type\" content=\"image\/jpeg\" \/>\n<meta name=\"twitter:card\" content=\"summary_large_image\" \/>\n<meta name=\"twitter:label1\" content=\"Tiempo de lectura\" \/>\n\t<meta name=\"twitter:data1\" content=\"2 minutos\" \/>\n<script type=\"application\/ld+json\" class=\"yoast-schema-graph\">{\"@context\":\"https:\/\/schema.org\",\"@graph\":[{\"@type\":\"WebPage\",\"@id\":\"https:\/\/basaltlibrary.org\/newspapers\/\",\"url\":\"https:\/\/basaltlibrary.org\/newspapers\/\",\"name\":\"Newspapers - Basalt Regional Library\",\"isPartOf\":{\"@id\":\"https:\/\/basaltlibrary.org\/#website\"},\"primaryImageOfPage\":{\"@id\":\"https:\/\/basaltlibrary.org\/newspapers\/#primaryimage\"},\"image\":{\"@id\":\"https:\/\/basaltlibrary.org\/newspapers\/#primaryimage\"},\"thumbnailUrl\":\"https:\/\/basaltlibrary.org\/wp-content\/uploads\/2025\/07\/9977737-1024x1024.jpg\",\"datePublished\":\"2025-07-31T22:06:48+00:00\",\"dateModified\":\"2026-01-07T15:57:19+00:00\",\"description\":\"Discover Basalt Regional Library - Newspapers - Online Newspapers Your library offers free online access to The New York Times and The Wall Street Journal. Stay informed with trusted journalism from\",\"breadcrumb\":{\"@id\":\"https:\/\/basaltlibrary.org\/newspapers\/#breadcrumb\"},\"inLanguage\":\"es\",\"potentialAction\":[{\"@type\":\"ReadAction\",\"target\":[\"https:\/\/basaltlibrary.org\/newspapers\/\"]}]},{\"@type\":\"ImageObject\",\"inLanguage\":\"es\",\"@id\":\"https:\/\/basaltlibrary.org\/newspapers\/#primaryimage\",\"url\":\"https:\/\/basaltlibrary.org\/wp-content\/uploads\/2025\/07\/9977737-1024x1024.jpg\",\"contentUrl\":\"https:\/\/basaltlibrary.org\/wp-content\/uploads\/2025\/07\/9977737-1024x1024.jpg\"},{\"@type\":\"BreadcrumbList\",\"@id\":\"https:\/\/basaltlibrary.org\/newspapers\/#breadcrumb\",\"itemListElement\":[{\"@type\":\"ListItem\",\"position\":1,\"name\":\"Home\",\"item\":\"https:\/\/basaltlibrary.org\/\"},{\"@type\":\"ListItem\",\"position\":2,\"name\":\"Newspapers\"}]},{\"@type\":\"WebSite\",\"@id\":\"https:\/\/basaltlibrary.org\/#website\",\"url\":\"https:\/\/basaltlibrary.org\/\",\"name\":\"Basalt Regional Library\",\"description\":\"\",\"publisher\":{\"@id\":\"https:\/\/basaltlibrary.org\/#organization\"},\"potentialAction\":[{\"@type\":\"SearchAction\",\"target\":{\"@type\":\"EntryPoint\",\"urlTemplate\":\"https:\/\/basaltlibrary.org\/?s={search_term_string}\"},\"query-input\":{\"@type\":\"PropertyValueSpecification\",\"valueRequired\":true,\"valueName\":\"search_term_string\"}}],\"inLanguage\":\"es\"},{\"@type\":\"Organization\",\"@id\":\"https:\/\/basaltlibrary.org\/#organization\",\"name\":\"Basalt Regional Library\",\"url\":\"https:\/\/basaltlibrary.org\/\",\"logo\":{\"@type\":\"ImageObject\",\"inLanguage\":\"es\",\"@id\":\"https:\/\/basaltlibrary.org\/#\/schema\/logo\/image\/\",\"url\":\"https:\/\/basaltlibrary.org\/wp-content\/uploads\/2024\/12\/basaltlibrary-horzlogo-rgb.png\",\"contentUrl\":\"https:\/\/basaltlibrary.org\/wp-content\/uploads\/2024\/12\/basaltlibrary-horzlogo-rgb.png\",\"width\":236,\"height\":100,\"caption\":\"Basalt Regional Library\"},\"image\":{\"@id\":\"https:\/\/basaltlibrary.org\/#\/schema\/logo\/image\/\"}}]}<\/script>\n<!-- \/ Yoast SEO plugin. -->","yoast_head_json":{"title":"Peri\u00f3dicos - Biblioteca Regional de Basalt","description":"Descubra la Biblioteca Regional de Basalt - Peri\u00f3dicos - Peri\u00f3dicos en l\u00ednea. Su biblioteca ofrece acceso gratuito en l\u00ednea a The New York Times y The Wall Street Journal. Mant\u00e9ngase informado con periodismo confiable de...","robots":{"index":"index","follow":"follow","max-snippet":"max-snippet:-1","max-image-preview":"max-image-preview:large","max-video-preview":"max-video-preview:-1"},"canonical":"https:\/\/basaltlibrary.org\/es\/newspapers\/","og_locale":"es_MX","og_type":"article","og_title":"Newspapers - Basalt Regional Library","og_description":"Discover Basalt Regional Library - Newspapers - Online Newspapers Your library offers free online access to The New York Times and The Wall Street Journal. Stay informed with trusted journalism from","og_url":"https:\/\/basaltlibrary.org\/es\/newspapers\/","og_site_name":"Basalt Regional Library","article_modified_time":"2026-01-07T15:57:19+00:00","og_image":[{"width":2000,"height":2000,"url":"https:\/\/basaltlibrary.org\/wp-content\/uploads\/2025\/07\/9977737.jpg","type":"image\/jpeg"}],"twitter_card":"summary_large_image","twitter_misc":{"Tiempo de lectura":"2 minutos"},"schema":{"@context":"https:\/\/schema.org","@graph":[{"@type":"WebPage","@id":"https:\/\/basaltlibrary.org\/newspapers\/","url":"https:\/\/basaltlibrary.org\/newspapers\/","name":"Peri\u00f3dicos - Biblioteca Regional de Basalt","isPartOf":{"@id":"https:\/\/basaltlibrary.org\/#website"},"primaryImageOfPage":{"@id":"https:\/\/basaltlibrary.org\/newspapers\/#primaryimage"},"image":{"@id":"https:\/\/basaltlibrary.org\/newspapers\/#primaryimage"},"thumbnailUrl":"https:\/\/basaltlibrary.org\/wp-content\/uploads\/2025\/07\/9977737-1024x1024.jpg","datePublished":"2025-07-31T22:06:48+00:00","dateModified":"2026-01-07T15:57:19+00:00","description":"Descubra la Biblioteca Regional de Basalt - Peri\u00f3dicos - Peri\u00f3dicos en l\u00ednea. Su biblioteca ofrece acceso gratuito en l\u00ednea a The New York Times y The Wall Street Journal. Mant\u00e9ngase informado con periodismo confiable de...","breadcrumb":{"@id":"https:\/\/basaltlibrary.org\/newspapers\/#breadcrumb"},"inLanguage":"es","potentialAction":[{"@type":"ReadAction","target":["https:\/\/basaltlibrary.org\/newspapers\/"]}]},{"@type":"ImageObject","inLanguage":"es","@id":"https:\/\/basaltlibrary.org\/newspapers\/#primaryimage","url":"https:\/\/basaltlibrary.org\/wp-content\/uploads\/2025\/07\/9977737-1024x1024.jpg","contentUrl":"https:\/\/basaltlibrary.org\/wp-content\/uploads\/2025\/07\/9977737-1024x1024.jpg"},{"@type":"BreadcrumbList","@id":"https:\/\/basaltlibrary.org\/newspapers\/#breadcrumb","itemListElement":[{"@type":"ListItem","position":1,"name":"Home","item":"https:\/\/basaltlibrary.org\/"},{"@type":"ListItem","position":2,"name":"Newspapers"}]},{"@type":"WebSite","@id":"https:\/\/basaltlibrary.org\/#website","url":"https:\/\/basaltlibrary.org\/","name":"Biblioteca Regional de Basalt","description":"","publisher":{"@id":"https:\/\/basaltlibrary.org\/#organization"},"potentialAction":[{"@type":"SearchAction","target":{"@type":"EntryPoint","urlTemplate":"https:\/\/basaltlibrary.org\/?s={search_term_string}"},"query-input":{"@type":"PropertyValueSpecification","valueRequired":true,"valueName":"search_term_string"}}],"inLanguage":"es"},{"@type":"Organization","@id":"https:\/\/basaltlibrary.org\/#organization","name":"Biblioteca Regional de Basalt","url":"https:\/\/basaltlibrary.org\/","logo":{"@type":"ImageObject","inLanguage":"es","@id":"https:\/\/basaltlibrary.org\/#\/schema\/logo\/image\/","url":"https:\/\/basaltlibrary.org\/wp-content\/uploads\/2024\/12\/basaltlibrary-horzlogo-rgb.png","contentUrl":"https:\/\/basaltlibrary.org\/wp-content\/uploads\/2024\/12\/basaltlibrary-horzlogo-rgb.png","width":236,"height":100,"caption":"Basalt Regional Library"},"image":{"@id":"https:\/\/basaltlibrary.org\/#\/schema\/logo\/image\/"}}]}},"_links":{"self":[{"href":"https:\/\/basaltlibrary.org\/es\/wp-json\/wp\/v2\/pages\/20184","targetHints":{"allow":["GET"]}}],"collection":[{"href":"https:\/\/basaltlibrary.org\/es\/wp-json\/wp\/v2\/pages"}],"about":[{"href":"https:\/\/basaltlibrary.org\/es\/wp-json\/wp\/v2\/types\/page"}],"author":[{"embeddable":true,"href":"https:\/\/basaltlibrary.org\/es\/wp-json\/wp\/v2\/users\/2"}],"replies":[{"embeddable":true,"href":"https:\/\/basaltlibrary.org\/es\/wp-json\/wp\/v2\/comments?post=20184"}],"version-history":[{"count":0,"href":"https:\/\/basaltlibrary.org\/es\/wp-json\/wp\/v2\/pages\/20184\/revisions"}],"wp:attachment":[{"href":"https:\/\/basaltlibrary.org\/es\/wp-json\/wp\/v2\/media?parent=20184"}],"curies":[{"name":"gracias","href":"https:\/\/api.w.org\/{rel}","templated":true}]}}