{"id":3,"date":"2024-12-02T20:13:38","date_gmt":"2024-12-02T20:13:38","guid":{"rendered":"https:\/\/wordpress-851390-5078961.cloudwaysapps.com\/?page_id=3"},"modified":"2025-03-25T20:39:13","modified_gmt":"2025-03-25T20:39:13","slug":"privacy-policy","status":"publish","type":"page","link":"https:\/\/basaltlibrary.org\/es\/privacy-policy\/","title":{"rendered":"pol\u00edtica de privacidad"},"content":{"rendered":"<div data-elementor-type=\"wp-page\" data-elementor-id=\"3\" class=\"elementor elementor-3\" data-elementor-post-type=\"page\">\n\t\t\t\t<div class=\"elementor-element elementor-element-817db97 e-flex e-con-boxed parallax_section_no qode_elementor_container_no e-con e-parent\" data-id=\"817db97\" data-element_type=\"container\" data-settings=\"{&quot;background_background&quot;:&quot;classic&quot;}\">\n\t\t\t\t\t<div class=\"e-con-inner\">\n\t\t<div class=\"elementor-element elementor-element-200e293 e-con-full e-flex parallax_section_no qode_elementor_container_no e-con e-child\" data-id=\"200e293\" data-element_type=\"container\">\n\t\t\t\t<div class=\"elementor-element elementor-element-a18e607 elementor-align-left elementor-widget elementor-widget-breadcrumbs\" data-id=\"a18e607\" data-element_type=\"widget\" data-widget_type=\"breadcrumbs.default\">\n\t\t\t\t<div class=\"elementor-widget-container\">\n\t\t\t\t\t<div id=\"breadcrumbs\"><span><span><a href=\"https:\/\/basaltlibrary.org\/es\/\">Hogar<\/a><\/span><\/span><\/div>\t\t\t\t<\/div>\n\t\t\t\t<\/div>\n\t\t\t\t<\/div>\n\t\t\t\t\t<\/div>\n\t\t\t\t<\/div>\n\t\t<div class=\"elementor-element elementor-element-dba8a7f e-flex e-con-boxed parallax_section_no qode_elementor_container_no e-con e-parent\" data-id=\"dba8a7f\" data-element_type=\"container\" data-settings=\"{&quot;background_background&quot;:&quot;classic&quot;,&quot;background_motion_fx_motion_fx_scrolling&quot;:&quot;yes&quot;,&quot;background_motion_fx_devices&quot;:[&quot;desktop&quot;,&quot;tablet&quot;,&quot;mobile&quot;]}\">\n\t\t\t\t\t<div class=\"e-con-inner\">\n\t\t<div class=\"elementor-element elementor-element-2c718b8 e-con-full e-flex parallax_section_no qode_elementor_container_no e-con e-child\" data-id=\"2c718b8\" data-element_type=\"container\" data-settings=\"{&quot;sticky&quot;:&quot;top&quot;,&quot;sticky_on&quot;:[&quot;desktop&quot;],&quot;sticky_offset&quot;:100,&quot;sticky_parent&quot;:&quot;yes&quot;,&quot;sticky_effects_offset&quot;:0,&quot;sticky_anchor_link_offset&quot;:0}\">\n\t\t<div class=\"elementor-element elementor-element-4df6dd7 e-con-full e-flex parallax_section_no qode_elementor_container_no e-con e-child\" data-id=\"4df6dd7\" data-element_type=\"container\">\n\t\t\t\t<div class=\"elementor-element elementor-element-6c4ffc7 elementor-invisible elementor-widget elementor-widget-text-editor\" data-id=\"6c4ffc7\" data-element_type=\"widget\" data-settings=\"{&quot;_animation&quot;:&quot;fadeIn&quot;,&quot;_animation_delay&quot;:200}\" data-widget_type=\"text-editor.default\">\n\t\t\t\t<div class=\"elementor-widget-container\">\n\t\t\t\t\t\t\t\t\t<p><em>Pol\u00edtica aprobada: enero de 2025<\/em><\/p>\t\t\t\t\t\t\t\t<\/div>\n\t\t\t\t<\/div>\n\t\t\t\t<\/div>\n\t\t\t\t<\/div>\n\t\t<div class=\"elementor-element elementor-element-6721de8 e-con-full e-flex parallax_section_no qode_elementor_container_no e-con e-child\" data-id=\"6721de8\" data-element_type=\"container\">\n\t\t<div class=\"elementor-element elementor-element-79137be e-con-full e-flex parallax_section_no qode_elementor_container_no e-con e-child\" data-id=\"79137be\" data-element_type=\"container\">\n\t\t\t\t<div class=\"elementor-element elementor-element-3dd4a0b elementor-widget elementor-widget-heading\" data-id=\"3dd4a0b\" data-element_type=\"widget\" data-widget_type=\"heading.default\">\n\t\t\t\t<div class=\"elementor-widget-container\">\n\t\t\t\t\t<h5 class=\"elementor-heading-title elementor-size-default\">Pol\u00edtica de privacidad y confidencialidad del Distrito de la Biblioteca Regional de Basalt <\/h5>\t\t\t\t<\/div>\n\t\t\t\t<\/div>\n\t\t\t\t<div class=\"elementor-element elementor-element-c999328 elementor-invisible elementor-widget elementor-widget-text-editor\" data-id=\"c999328\" data-element_type=\"widget\" data-settings=\"{&quot;_animation&quot;:&quot;fadeIn&quot;,&quot;_animation_delay&quot;:400}\" data-widget_type=\"text-editor.default\">\n\t\t\t\t<div class=\"elementor-widget-container\">\n\t\t\t\t\t\t\t\t\t<p>La pol\u00edtica del Consejo Directivo del Distrito de Bibliotecas Regionales de Basalt (BRLD) es proteger la privacidad de los usuarios, entendiendo que esta es esencial para el ejercicio de la libertad de expresi\u00f3n, pensamiento y asociaci\u00f3n. Los usuarios de la biblioteca tienen derecho a la privacidad al usarla, seg\u00fan lo estipula la Ley de Bibliotecas de Colorado (CRS 24-90-119). Esta ley proh\u00edbe al BRLD divulgar cualquier registro u otra informaci\u00f3n que identifique a una persona como solicitante u obtenido materiales o servicios bibliotecarios espec\u00edficos, o como usuaria de la biblioteca. De acuerdo con la ley, la biblioteca solo puede divulgar los registros de los usuarios en los siguientes casos:<\/p><ol><li>Cuando sea necesario para el funcionamiento razonable de la biblioteca;<\/li><li>con el consentimiento escrito del usuario;<\/li><li>en cumplimiento de una citaci\u00f3n, por orden judicial o cuando lo exija la ley;<\/li><li>a un padre con custodia o tutor legal que tenga acceso a la tarjeta de biblioteca de un menor o a su n\u00famero de autorizaci\u00f3n.<\/li><\/ol><p>Para recibir servicios bibliotecarios mediante el registro de tarjetas de la biblioteca, la inscripci\u00f3n en programas, la recepci\u00f3n de respuestas personalizadas a preguntas o la inclusi\u00f3n en listas de correo espec\u00edficas, los usuarios optan por proporcionar su nombre, direcci\u00f3n de correo electr\u00f3nico, direcci\u00f3n postal y n\u00famero de tel\u00e9fono. Esta informaci\u00f3n de identificaci\u00f3n personal (IIP) se mantendr\u00e1 confidencial y no se vender\u00e1, licenciar\u00e1 ni divulgar\u00e1 a terceros, excepto a quienes trabajen bajo contrato con la biblioteca o seg\u00fan lo exija la ley. La biblioteca tomar\u00e1 medidas razonables para garantizar la confidencialidad de la cuenta de la tarjeta de la biblioteca de cada usuario y su uso de la biblioteca, protegiendo y limitando el acceso a estos registros \u00fanicamente al personal autorizado. La biblioteca solo recopilar\u00e1 y almacenar\u00e1 IIP cuando sea necesario para fines comerciales o para realizar campa\u00f1as informativas. La informaci\u00f3n que accedan por casualidad personas que no sean empleadas ni voluntarias de la biblioteca no se considera confidencial.<\/p><p>Todos los usuarios que se registren para obtener una tarjeta de biblioteca se a\u00f1adir\u00e1n autom\u00e1ticamente a la lista de correo electr\u00f3nico del bolet\u00edn informativo de la biblioteca, y se les enviar\u00e1 por correo electr\u00f3nico un sistema digital que proporciona avisos de reservas, retrasos y facturas. Algunos usuarios tambi\u00e9n pueden optar por recibir avisos por mensaje de texto. Estos sistemas env\u00edan informaci\u00f3n personal identificable (PII) relacionada con el uso de la biblioteca a trav\u00e9s de redes p\u00fablicas de comunicaci\u00f3n. Se advierte a los usuarios que cualquier comunicaci\u00f3n electr\u00f3nica que utilice internet o una red inal\u00e1mbrica puede ser interceptada. En cualquier momento, los usuarios pueden cancelar su suscripci\u00f3n para recibir m\u00e1s correos electr\u00f3nicos o mensajes de texto de la biblioteca.<\/p><p>Es responsabilidad del usuario notificar a la biblioteca de inmediato si pierde o le roban su tarjeta, o si cree que alguien est\u00e1 usando su tarjeta o su n\u00famero sin permiso. La biblioteca recomienda a los usuarios proteger sus tarjetas y n\u00fameros de tarjeta por motivos de privacidad y seguridad. Los usuarios pueden acceder a su informaci\u00f3n personal identificable (PII) que conserva la biblioteca y son responsables de mantenerla precisa y actualizada.<\/p><p>La Ley de Bibliotecas protege la privacidad de todos los usuarios, sin importar su edad. Los padres o tutores de un menor que deseen acceder a los registros de la biblioteca de su hijo, incluyendo los t\u00edtulos de los materiales prestados o atrasados, deben proporcionar el n\u00famero de tarjeta de la biblioteca de su hijo. La informaci\u00f3n sobre los libros atrasados o facturados que generen multas se puede proporcionar al adulto responsable de la cuenta del menor.<\/p><p>Cuando ya no se necesite la documentaci\u00f3n en papel o electr\u00f3nica que contenga informaci\u00f3n de identificaci\u00f3n personal, el personal destruir\u00e1 o har\u00e1 que se destruyan dichos documentos en papel o electr\u00f3nicos triturando, borrando o modificando de otro modo la informaci\u00f3n para que sea ilegible.<\/p><p>Los usuarios solo pueden realizar actividades legales al usar los recursos y servicios de la biblioteca. Nada de lo dispuesto en esta pol\u00edtica impide a la biblioteca ejercer su derecho a aplicar su Pol\u00edtica de Comportamiento del Usuario, proteger a sus usuarios, personal, instalaciones, red y equipos de cualquier da\u00f1o, o impedir el uso de las instalaciones y equipos de la biblioteca con fines ilegales. El personal est\u00e1 autorizado a tomar medidas inmediatas para proteger la seguridad de los usuarios, el personal, las instalaciones, las computadoras y la red. Esto incluye contactar a las autoridades policiales y proporcionar informaci\u00f3n que pueda identificar a personas sospechosas de haber cometido una infracci\u00f3n.<\/p><p>Las solicitudes realizadas mediante citaci\u00f3n u orden judicial deben notificarse al Director de la Biblioteca o a su designado autorizado, quien podr\u00e1 consultar con un asesor legal. Los registros solo se pueden divulgar mediante citaci\u00f3n, orden judicial o cuando lo exija la ley. Como organismo gubernamental, nos regimos por las leyes de acceso a registros.<\/p><p>Adem\u00e1s, la biblioteca est\u00e1 obligada a cumplir con los requisitos de divulgaci\u00f3n de informaci\u00f3n de la Ley Patriota de EE. UU.<\/p>\t\t\t\t\t\t\t\t<\/div>\n\t\t\t\t<\/div>\n\t\t\t\t<div class=\"elementor-element elementor-element-f8d0a85 elementor-widget elementor-widget-button\" data-id=\"f8d0a85\" data-element_type=\"widget\" data-widget_type=\"button.default\">\n\t\t\t\t<div class=\"elementor-widget-container\">\n\t\t\t\t\t\t\t\t\t<div class=\"elementor-button-wrapper\">\n\t\t\t\t\t<a class=\"elementor-button elementor-button-link elementor-size-sm elementor-animation-shrink\" href=\"https:\/\/basaltlibrary.org\/wp-content\/uploads\/2025\/03\/privacy_and_confidentiality_policy.pdf\" target=\"_blank\">\n\t\t\t\t\t\t<span class=\"elementor-button-content-wrapper\">\n\t\t\t\t\t\t\t\t\t<span class=\"elementor-button-text\">Ver PDF<\/span>\n\t\t\t\t\t<\/span>\n\t\t\t\t\t<\/a>\n\t\t\t\t<\/div>\n\t\t\t\t\t\t\t\t<\/div>\n\t\t\t\t<\/div>\n\t\t\t\t<\/div>\n\t\t\t\t<\/div>\n\t\t\t\t\t<\/div>\n\t\t\t\t<\/div>\n\t\t\t\t<\/div>","protected":false},"excerpt":{"rendered":"<p>Pol\u00edtica aprobada: enero de 2025. Pol\u00edtica de privacidad y confidencialidad del Distrito Bibliotecario Regional de Basalt. Es pol\u00edtica de la Junta Directiva del Distrito Bibliotecario Regional de Basalt (BRLD) proteger la privacidad de los usuarios, entendiendo que la privacidad es esencial para el ejercicio de la libertad de expresi\u00f3n\u2026<\/p>","protected":false},"author":1,"featured_media":0,"parent":0,"menu_order":12,"comment_status":"closed","ping_status":"closed","template":"elementor_header_footer","meta":{"_acf_changed":false,"footnotes":""},"class_list":["post-3","page","type-page","status-publish","hentry"],"acf":[],"yoast_head":"<!-- This site is optimized with the Yoast SEO plugin v25.3 - https:\/\/yoast.com\/wordpress\/plugins\/seo\/ -->\n<title>Privacy Policy - Basalt Regional Library<\/title>\n<meta name=\"description\" content=\"Discover Basalt Regional Library - Privacy Policy - Policy Approved: January 2025 Basalt Regional Library District Privacy And Confidentiality Policy It is the policy of the Board of Trustees of the Basalt\" \/>\n<meta name=\"robots\" content=\"index, follow, max-snippet:-1, max-image-preview:large, max-video-preview:-1\" \/>\n<link rel=\"canonical\" href=\"https:\/\/basaltlibrary.org\/es\/privacy-policy\/\" \/>\n<meta property=\"og:locale\" content=\"es_MX\" \/>\n<meta property=\"og:type\" content=\"article\" \/>\n<meta property=\"og:title\" content=\"Privacy Policy - Basalt Regional Library\" \/>\n<meta property=\"og:description\" content=\"Discover Basalt Regional Library - Privacy Policy - Policy Approved: January 2025 Basalt Regional Library District Privacy And Confidentiality Policy It is the policy of the Board of Trustees of the Basalt\" \/>\n<meta property=\"og:url\" content=\"https:\/\/basaltlibrary.org\/es\/privacy-policy\/\" \/>\n<meta property=\"og:site_name\" content=\"Basalt Regional Library\" \/>\n<meta property=\"article:modified_time\" content=\"2025-03-25T20:39:13+00:00\" \/>\n<meta name=\"twitter:card\" content=\"summary_large_image\" \/>\n<meta name=\"twitter:label1\" content=\"Tiempo de lectura\" \/>\n\t<meta name=\"twitter:data1\" content=\"4 minutos\" \/>\n<script type=\"application\/ld+json\" class=\"yoast-schema-graph\">{\"@context\":\"https:\/\/schema.org\",\"@graph\":[{\"@type\":\"WebPage\",\"@id\":\"https:\/\/basaltlibrary.org\/privacy-policy\/\",\"url\":\"https:\/\/basaltlibrary.org\/privacy-policy\/\",\"name\":\"Privacy Policy - Basalt Regional Library\",\"isPartOf\":{\"@id\":\"https:\/\/basaltlibrary.org\/#website\"},\"datePublished\":\"2024-12-02T20:13:38+00:00\",\"dateModified\":\"2025-03-25T20:39:13+00:00\",\"description\":\"Discover Basalt Regional Library - Privacy Policy - Policy Approved: January 2025 Basalt Regional Library District Privacy And Confidentiality Policy It is the policy of the Board of Trustees of the Basalt\",\"breadcrumb\":{\"@id\":\"https:\/\/basaltlibrary.org\/privacy-policy\/#breadcrumb\"},\"inLanguage\":\"es\",\"potentialAction\":[{\"@type\":\"ReadAction\",\"target\":[\"https:\/\/basaltlibrary.org\/privacy-policy\/\"]}]},{\"@type\":\"BreadcrumbList\",\"@id\":\"https:\/\/basaltlibrary.org\/privacy-policy\/#breadcrumb\",\"itemListElement\":[{\"@type\":\"ListItem\",\"position\":1,\"name\":\"Home\",\"item\":\"https:\/\/basaltlibrary.org\/\"},{\"@type\":\"ListItem\",\"position\":2,\"name\":\"Privacy Policy\"}]},{\"@type\":\"WebSite\",\"@id\":\"https:\/\/basaltlibrary.org\/#website\",\"url\":\"https:\/\/basaltlibrary.org\/\",\"name\":\"Basalt Regional Library\",\"description\":\"\",\"publisher\":{\"@id\":\"https:\/\/basaltlibrary.org\/#organization\"},\"potentialAction\":[{\"@type\":\"SearchAction\",\"target\":{\"@type\":\"EntryPoint\",\"urlTemplate\":\"https:\/\/basaltlibrary.org\/?s={search_term_string}\"},\"query-input\":{\"@type\":\"PropertyValueSpecification\",\"valueRequired\":true,\"valueName\":\"search_term_string\"}}],\"inLanguage\":\"es\"},{\"@type\":\"Organization\",\"@id\":\"https:\/\/basaltlibrary.org\/#organization\",\"name\":\"Basalt Regional Library\",\"url\":\"https:\/\/basaltlibrary.org\/\",\"logo\":{\"@type\":\"ImageObject\",\"inLanguage\":\"es\",\"@id\":\"https:\/\/basaltlibrary.org\/#\/schema\/logo\/image\/\",\"url\":\"https:\/\/basaltlibrary.org\/wp-content\/uploads\/2024\/12\/basaltlibrary-horzlogo-rgb.png\",\"contentUrl\":\"https:\/\/basaltlibrary.org\/wp-content\/uploads\/2024\/12\/basaltlibrary-horzlogo-rgb.png\",\"width\":236,\"height\":100,\"caption\":\"Basalt Regional Library\"},\"image\":{\"@id\":\"https:\/\/basaltlibrary.org\/#\/schema\/logo\/image\/\"}}]}<\/script>\n<!-- \/ Yoast SEO plugin. -->","yoast_head_json":{"title":"Pol\u00edtica de privacidad - Biblioteca Regional de Basalt","description":"Descubra la Biblioteca Regional de Basalt - Pol\u00edtica de Privacidad - Pol\u00edtica aprobada: enero de 2025 Pol\u00edtica de Privacidad y Confidencialidad del Distrito Bibliotecario Regional de Basalt Esta es la pol\u00edtica de la Junta Directiva de la Biblioteca Regional de Basalt","robots":{"index":"index","follow":"follow","max-snippet":"max-snippet:-1","max-image-preview":"max-image-preview:large","max-video-preview":"max-video-preview:-1"},"canonical":"https:\/\/basaltlibrary.org\/es\/privacy-policy\/","og_locale":"es_MX","og_type":"article","og_title":"Privacy Policy - Basalt Regional Library","og_description":"Discover Basalt Regional Library - Privacy Policy - Policy Approved: January 2025 Basalt Regional Library District Privacy And Confidentiality Policy It is the policy of the Board of Trustees of the Basalt","og_url":"https:\/\/basaltlibrary.org\/es\/privacy-policy\/","og_site_name":"Basalt Regional Library","article_modified_time":"2025-03-25T20:39:13+00:00","twitter_card":"summary_large_image","twitter_misc":{"Tiempo de lectura":"4 minutos"},"schema":{"@context":"https:\/\/schema.org","@graph":[{"@type":"WebPage","@id":"https:\/\/basaltlibrary.org\/privacy-policy\/","url":"https:\/\/basaltlibrary.org\/privacy-policy\/","name":"Pol\u00edtica de privacidad - Biblioteca Regional de Basalt","isPartOf":{"@id":"https:\/\/basaltlibrary.org\/#website"},"datePublished":"2024-12-02T20:13:38+00:00","dateModified":"2025-03-25T20:39:13+00:00","description":"Descubra la Biblioteca Regional de Basalt - Pol\u00edtica de Privacidad - Pol\u00edtica aprobada: enero de 2025 Pol\u00edtica de Privacidad y Confidencialidad del Distrito Bibliotecario Regional de Basalt Esta es la pol\u00edtica de la Junta Directiva de la Biblioteca Regional de Basalt","breadcrumb":{"@id":"https:\/\/basaltlibrary.org\/privacy-policy\/#breadcrumb"},"inLanguage":"es","potentialAction":[{"@type":"ReadAction","target":["https:\/\/basaltlibrary.org\/privacy-policy\/"]}]},{"@type":"BreadcrumbList","@id":"https:\/\/basaltlibrary.org\/privacy-policy\/#breadcrumb","itemListElement":[{"@type":"ListItem","position":1,"name":"Home","item":"https:\/\/basaltlibrary.org\/"},{"@type":"ListItem","position":2,"name":"Privacy Policy"}]},{"@type":"WebSite","@id":"https:\/\/basaltlibrary.org\/#website","url":"https:\/\/basaltlibrary.org\/","name":"Biblioteca Regional de Basalt","description":"","publisher":{"@id":"https:\/\/basaltlibrary.org\/#organization"},"potentialAction":[{"@type":"SearchAction","target":{"@type":"EntryPoint","urlTemplate":"https:\/\/basaltlibrary.org\/?s={search_term_string}"},"query-input":{"@type":"PropertyValueSpecification","valueRequired":true,"valueName":"search_term_string"}}],"inLanguage":"es"},{"@type":"Organization","@id":"https:\/\/basaltlibrary.org\/#organization","name":"Biblioteca Regional de Basalt","url":"https:\/\/basaltlibrary.org\/","logo":{"@type":"ImageObject","inLanguage":"es","@id":"https:\/\/basaltlibrary.org\/#\/schema\/logo\/image\/","url":"https:\/\/basaltlibrary.org\/wp-content\/uploads\/2024\/12\/basaltlibrary-horzlogo-rgb.png","contentUrl":"https:\/\/basaltlibrary.org\/wp-content\/uploads\/2024\/12\/basaltlibrary-horzlogo-rgb.png","width":236,"height":100,"caption":"Basalt Regional Library"},"image":{"@id":"https:\/\/basaltlibrary.org\/#\/schema\/logo\/image\/"}}]}},"_links":{"self":[{"href":"https:\/\/basaltlibrary.org\/es\/wp-json\/wp\/v2\/pages\/3","targetHints":{"allow":["GET"]}}],"collection":[{"href":"https:\/\/basaltlibrary.org\/es\/wp-json\/wp\/v2\/pages"}],"about":[{"href":"https:\/\/basaltlibrary.org\/es\/wp-json\/wp\/v2\/types\/page"}],"author":[{"embeddable":true,"href":"https:\/\/basaltlibrary.org\/es\/wp-json\/wp\/v2\/users\/1"}],"replies":[{"embeddable":true,"href":"https:\/\/basaltlibrary.org\/es\/wp-json\/wp\/v2\/comments?post=3"}],"version-history":[{"count":0,"href":"https:\/\/basaltlibrary.org\/es\/wp-json\/wp\/v2\/pages\/3\/revisions"}],"wp:attachment":[{"href":"https:\/\/basaltlibrary.org\/es\/wp-json\/wp\/v2\/media?parent=3"}],"curies":[{"name":"gracias","href":"https:\/\/api.w.org\/{rel}","templated":true}]}}